{"id":3078,"date":"2022-08-25T13:35:09","date_gmt":"2022-08-25T16:35:09","guid":{"rendered":"https:\/\/cipalam.com.br\/produto\/tubo-quadrado\/"},"modified":"2022-09-26T13:38:26","modified_gmt":"2022-09-26T13:38:26","slug":"tubo-cuadrado","status":"publish","type":"product","link":"https:\/\/cipalam.com.br\/es\/produto\/tubo-cuadrado\/","title":{"rendered":"Tubo cuadrado"},"content":{"rendered":"\t\t<div data-elementor-type=\"product-post\" data-elementor-id=\"3078\" class=\"elementor elementor-3078 elementor-1060\" data-elementor-post-type=\"product\">\n\t\t\t\t<div class=\"elementor-element elementor-element-f066777 e-flex e-con-boxed e-con e-parent\" data-id=\"f066777\" data-element_type=\"container\" data-e-type=\"container\">\n\t\t\t\t\t<div class=\"e-con-inner\">\n\t\t<div class=\"elementor-element elementor-element-2271f39 e-con-full e-flex e-con e-parent\" data-id=\"2271f39\" data-element_type=\"container\" data-e-type=\"container\">\n\t\t\t\t<div class=\"elementor-element elementor-element-b3c542c elementor-widget elementor-widget-text-editor\" data-id=\"b3c542c\" data-element_type=\"widget\" data-e-type=\"widget\" data-widget_type=\"text-editor.default\">\n\t\t\t\t<div class=\"elementor-widget-container\">\n\t\t\t\t\t\t\t\t\t<table width=\"1561\"><tbody><tr><td colspan=\"13\" width=\"1561\">DIMENS\u00d5ES DO PRODUTO ACABADO ABNT<\/td><\/tr><tr><td colspan=\"2\" rowspan=\"2\">BITOLA<\/td><td colspan=\"2\">DIMENS\u00c3O mm<\/td><td colspan=\"9\" width=\"925\">PESO (kg\/m) TE\u00d3RICO DE ACORDO COM A ESPESSURA\u00a0<\/td><\/tr><tr><td colspan=\"2\">NOMINAL<\/td><td width=\"101\">0,750<\/td><td width=\"103\">0,9<\/td><td width=\"103\">1,06<\/td><td width=\"103\">1,2<\/td><td width=\"103\">1,5<\/td><td width=\"103\">2<\/td><td width=\"103\">2,25<\/td><td width=\"103\">2,65<\/td><td width=\"103\">3<\/td><\/tr><tr><td>QUADRADO<\/td><td>20 X 20<\/td><td colspan=\"2\">20,00<\/td><td width=\"101\">0,456<\/td><td width=\"103\">0,544<\/td><td width=\"103\">0,636<\/td><td width=\"103\">0,716<\/td><td width=\"103\">0,884<\/td><td width=\"103\">1,154<\/td><td>&#8211;<\/td><td>&#8211;<\/td><td>&#8211;<\/td><\/tr><tr><td>QUADRADO<\/td><td>25 X 25<\/td><td colspan=\"2\">25,00<\/td><td width=\"101\">0,573<\/td><td width=\"103\">0,685<\/td><td width=\"103\">0,802<\/td><td width=\"103\">0,904<\/td><td width=\"103\">1,119<\/td><td width=\"103\">1,467<\/td><td width=\"103\">1,637<\/td><td width=\"103\">1,902<\/td><td width=\"103\">2,127<\/td><\/tr><tr><td>QUADRADO<\/td><td>30 X 30<\/td><td colspan=\"2\">30,00<\/td><td width=\"101\">0,691<\/td><td width=\"103\">0,826<\/td><td width=\"103\">0,968<\/td><td width=\"103\">1,092<\/td><td width=\"103\">1,354<\/td><td width=\"103\">1,780<\/td><td width=\"103\">1,989<\/td><td width=\"103\">2,317<\/td><td width=\"103\">2,597<\/td><\/tr><tr><td>QUADRADO<\/td><td>40 X 40<\/td><td colspan=\"2\">40,00<\/td><td width=\"101\">0,926<\/td><td width=\"103\">1,107<\/td><td width=\"103\">1,300<\/td><td width=\"103\">1,468<\/td><td width=\"103\">1,824<\/td><td width=\"103\">2,407<\/td><td width=\"103\">2,694<\/td><td width=\"103\">3,147<\/td><td width=\"103\">3,536<\/td><\/tr><tr><td>QUADRADO<\/td><td>50 X 50<\/td><td colspan=\"2\">50,00<\/td><td width=\"101\">1,161<\/td><td width=\"103\">1,389<\/td><td width=\"103\">1,632<\/td><td width=\"103\">1,844<\/td><td width=\"103\">2,293<\/td><td width=\"103\">3,033<\/td><td width=\"103\">3,398<\/td><td width=\"103\">3,976<\/td><td width=\"103\">4,476<\/td><\/tr><tr><td>QUADRADO<\/td><td>60 X 60<\/td><td colspan=\"2\">60,00<\/td><td width=\"101\">1,395<\/td><td width=\"103\">1,671<\/td><td width=\"103\">1,964<\/td><td width=\"103\">2,219<\/td><td width=\"103\">2,763<\/td><td width=\"103\">3,660<\/td><td width=\"103\">4,103<\/td><td width=\"103\">4,806<\/td><td width=\"103\">5,415<\/td><\/tr><\/tbody><\/table>\t\t\t\t\t\t\t\t<\/div>\n\t\t\t\t<\/div>\n\t\t\t\t<\/div>\n\t\t\t\t\t<\/div>\n\t\t\t\t<\/div>\n\t\t\t\t<\/div>\n\t\t","protected":false},"excerpt":{"rendered":"<p>Nuestra soluci\u00f3n en acero laminado es fabricada con el m\u00e1s alto est\u00e1ndar de resistencia y seguridad, respetando las normas m\u00e1s exigentes de producci\u00f3n, con embalajes adecuados a las necesidades de nuestros clientes. El <strong>tubo cuadrado<\/strong> tiene aplicaci\u00f3n variada: puede emplearse en estructuras met\u00e1licas, soporte de m\u00e1quinas y equipamientos y en la construcci\u00f3n en general.<\/p>\n","protected":false},"featured_media":4665,"comment_status":"open","ping_status":"closed","template":"","meta":{"_acf_changed":false,"site-sidebar-layout":"no-sidebar","site-content-layout":"page-builder","ast-site-content-layout":"default","site-content-style":"default","site-sidebar-style":"default","ast-global-header-display":"","ast-banner-title-visibility":"","ast-main-header-display":"","ast-hfb-above-header-display":"","ast-hfb-below-header-display":"","ast-hfb-mobile-header-display":"","site-post-title":"disabled","ast-breadcrumbs-content":"","ast-featured-img":"disabled","footer-sml-layout":"","ast-disable-related-posts":"","theme-transparent-header-meta":"default","adv-header-id-meta":"","stick-header-meta":"","header-above-stick-meta":"","header-main-stick-meta":"","header-below-stick-meta":"","astra-migrate-meta-layouts":"default","ast-page-background-enabled":"default","ast-page-background-meta":{"desktop":{"background-color":"var(--ast-global-color-4)","background-image":"","background-repeat":"repeat","background-position":"center center","background-size":"auto","background-attachment":"scroll","background-type":"","background-media":"","overlay-type":"","overlay-color":"","overlay-opacity":"","overlay-gradient":""},"tablet":{"background-color":"","background-image":"","background-repeat":"repeat","background-position":"center center","background-size":"auto","background-attachment":"scroll","background-type":"","background-media":"","overlay-type":"","overlay-color":"","overlay-opacity":"","overlay-gradient":""},"mobile":{"background-color":"","background-image":"","background-repeat":"repeat","background-position":"center center","background-size":"auto","background-attachment":"scroll","background-type":"","background-media":"","overlay-type":"","overlay-color":"","overlay-opacity":"","overlay-gradient":""}},"ast-content-background-meta":{"desktop":{"background-color":"var(--ast-global-color-5)","background-image":"","background-repeat":"repeat","background-position":"center center","background-size":"auto","background-attachment":"scroll","background-type":"","background-media":"","overlay-type":"","overlay-color":"","overlay-opacity":"","overlay-gradient":""},"tablet":{"background-color":"var(--ast-global-color-5)","background-image":"","background-repeat":"repeat","background-position":"center center","background-size":"auto","background-attachment":"scroll","background-type":"","background-media":"","overlay-type":"","overlay-color":"","overlay-opacity":"","overlay-gradient":""},"mobile":{"background-color":"var(--ast-global-color-5)","background-image":"","background-repeat":"repeat","background-position":"center center","background-size":"auto","background-attachment":"scroll","background-type":"","background-media":"","overlay-type":"","overlay-color":"","overlay-opacity":"","overlay-gradient":""}}},"product_brand":[],"product_cat":[100],"product_tag":[],"class_list":{"0":"post-3078","1":"product","2":"type-product","3":"status-publish","4":"has-post-thumbnail","6":"product_cat-tubos-es","7":"desktop-align-left","8":"tablet-align-left","9":"mobile-align-left","11":"first","12":"instock","13":"shipping-taxable","14":"product-type-simple"},"acf":[],"_links":{"self":[{"href":"https:\/\/cipalam.com.br\/es\/wp-json\/wp\/v2\/product\/3078","targetHints":{"allow":["GET"]}}],"collection":[{"href":"https:\/\/cipalam.com.br\/es\/wp-json\/wp\/v2\/product"}],"about":[{"href":"https:\/\/cipalam.com.br\/es\/wp-json\/wp\/v2\/types\/product"}],"replies":[{"embeddable":true,"href":"https:\/\/cipalam.com.br\/es\/wp-json\/wp\/v2\/comments?post=3078"}],"version-history":[{"count":0,"href":"https:\/\/cipalam.com.br\/es\/wp-json\/wp\/v2\/product\/3078\/revisions"}],"wp:featuredmedia":[{"embeddable":true,"href":"https:\/\/cipalam.com.br\/es\/wp-json\/wp\/v2\/media\/4665"}],"wp:attachment":[{"href":"https:\/\/cipalam.com.br\/es\/wp-json\/wp\/v2\/media?parent=3078"}],"wp:term":[{"taxonomy":"product_brand","embeddable":true,"href":"https:\/\/cipalam.com.br\/es\/wp-json\/wp\/v2\/product_brand?post=3078"},{"taxonomy":"product_cat","embeddable":true,"href":"https:\/\/cipalam.com.br\/es\/wp-json\/wp\/v2\/product_cat?post=3078"},{"taxonomy":"product_tag","embeddable":true,"href":"https:\/\/cipalam.com.br\/es\/wp-json\/wp\/v2\/product_tag?post=3078"}],"curies":[{"name":"wp","href":"https:\/\/api.w.org\/{rel}","templated":true}]}}