{"id":3074,"date":"2022-08-23T13:36:31","date_gmt":"2022-08-23T16:36:31","guid":{"rendered":"https:\/\/cipalam.com.br\/produto\/barra-chata\/"},"modified":"2022-09-26T13:37:26","modified_gmt":"2022-09-26T13:37:26","slug":"planchuelas","status":"publish","type":"product","link":"https:\/\/cipalam.com.br\/es\/produto\/planchuelas\/","title":{"rendered":"Planchuelas"},"content":{"rendered":"\t\t<div data-elementor-type=\"product-post\" data-elementor-id=\"3074\" class=\"elementor elementor-3074 elementor-1066\" data-elementor-post-type=\"product\">\n\t\t\t\t<div class=\"elementor-element elementor-element-bc88408 e-flex e-con-boxed e-con e-parent\" data-id=\"bc88408\" data-element_type=\"container\" data-e-type=\"container\">\n\t\t\t\t\t<div class=\"e-con-inner\">\n\t\t<div class=\"elementor-element elementor-element-29822e3 e-con-full e-flex e-con e-parent\" data-id=\"29822e3\" data-element_type=\"container\" data-e-type=\"container\">\n\t\t\t\t<div class=\"elementor-element elementor-element-88349e3 elementor-widget elementor-widget-text-editor\" data-id=\"88349e3\" data-element_type=\"widget\" data-e-type=\"widget\" data-widget_type=\"text-editor.default\">\n\t\t\t\t<div class=\"elementor-widget-container\">\n\t\t\t\t\t\t\t\t\t<table width=\"938\"><tbody><tr><td colspan=\"5\" width=\"938\">DIMENS\u00d5ES DO PRODUTO ACABADO ABNT<\/td><\/tr><tr><td colspan=\"2\">BITOLA<\/td><td width=\"162\">LARGURA mm<\/td><td width=\"173\">EXPESSURA mm<\/td><td width=\"232\">MASSA NOMINAL kg\/m<\/td><\/tr><tr><td>Barra Chata<\/td><td>3\/4 x 3\/16&#8243;<\/td><td rowspan=\"2\">19,05<\/td><td>4,76<\/td><td>0,712<\/td><\/tr><tr><td>Barra Chata<\/td><td>3\/4 x 1\/4&#8243;<\/td><td>6,35<\/td><td>0,950<\/td><\/tr><tr><td>Barra Chata<\/td><td>7\/8 x 3\/16&#8243;<\/td><td rowspan=\"2\">22,23<\/td><td>4,76<\/td><td>0,831<\/td><\/tr><tr><td>Barra Chata<\/td><td>7\/8 x 1\/4&#8243;<\/td><td>6,35<\/td><td>1,108<\/td><\/tr><tr><td>Barra Chata<\/td><td>22 x 6 mm<\/td><td>22,00<\/td><td>6,00<\/td><td>1,036<\/td><\/tr><tr><td>Barra Chata<\/td><td>1 x 1\/8&#8243;<\/td><td rowspan=\"3\">25,40<\/td><td>3,18<\/td><td>0,634<\/td><\/tr><tr><td>Barra Chata<\/td><td>1 x 3\/16&#8243;<\/td><td>4,76<\/td><td>0,949<\/td><\/tr><tr><td>Barra Chata<\/td><td>1 x 1\/4&#8243;<\/td><td>6,35<\/td><td>1,266<\/td><\/tr><tr><td>Barra Chata<\/td><td>1.1\/4 x 1\/8&#8243;<\/td><td rowspan=\"6\">31,75<\/td><td>3,18<\/td><td>0,793<\/td><\/tr><tr><td>Barra Chata<\/td><td>1.1\/4 x 3\/16&#8243;<\/td><td>4,76<\/td><td>1,186<\/td><\/tr><tr><td>Barra Chata<\/td><td>1.1\/4 x 1\/4&#8243;<\/td><td>6,35<\/td><td>1,583<\/td><\/tr><tr><td>Barra Chata<\/td><td>1.1\/4 x 5\/16&#8243;<\/td><td>7,94<\/td><td>1,979<\/td><\/tr><tr><td>Barra Chata<\/td><td>1.1\/4 x 3\/8&#8243;<\/td><td>9,53<\/td><td>2,375<\/td><\/tr><tr><td>Barra Chata<\/td><td>1.1\/4 x 1\/2&#8243;<\/td><td>12,70<\/td><td>3,165<\/td><\/tr><tr><td>Barra Chata<\/td><td>1.1\/2 x 1\/8&#8243;<\/td><td rowspan=\"6\">38,10<\/td><td>3,18<\/td><td>0,951<\/td><\/tr><tr><td>Barra Chata<\/td><td>1.1\/2 x 3\/16&#8243;<\/td><td>4,76<\/td><td>1,424<\/td><\/tr><tr><td>Barra Chata<\/td><td>1.1\/2 x 1\/4&#8243;<\/td><td>6,35<\/td><td>1,899<\/td><\/tr><tr><td>Barra Chata<\/td><td>1.1\/2 x 5\/16&#8243;<\/td><td>7,94<\/td><td>2,375<\/td><\/tr><tr><td>Barra Chata<\/td><td>1.1\/2 x 3\/8&#8243;<\/td><td>9,53<\/td><td>2,850<\/td><\/tr><tr><td>Barra Chata<\/td><td>1.1\/2 x 1\/2&#8243;<\/td><td>12,70<\/td><td>3,798<\/td><\/tr><tr><td>Barra Chata<\/td><td>2 x 3\/16&#8243;<\/td><td rowspan=\"5\">50,80<\/td><td>4,76<\/td><td>1,898<\/td><\/tr><tr><td>Barra Chata<\/td><td>2 x 1\/4&#8243;<\/td><td>6,35<\/td><td>2,532<\/td><\/tr><tr><td>Barra Chata<\/td><td>2 x 5\/16&#8243;<\/td><td>7,94<\/td><td>3,166<\/td><\/tr><tr><td>Barra Chata<\/td><td>2 x 3\/8&#8243;<\/td><td>9,53<\/td><td>3,800<\/td><\/tr><tr><td>Barra Chata<\/td><td>2 x 1\/2&#8243;<\/td><td>12,70<\/td><td>5,065<\/td><\/tr><tr><td>Barra Chata<\/td><td>2.1\/2 x 1\/4&#8243;<\/td><td rowspan=\"4\">63,50<\/td><td>6,35<\/td><td>3,165<\/td><\/tr><tr><td>Barra Chata<\/td><td>2.1\/2 x 5\/16&#8243;<\/td><td>7,94<\/td><td>3,958<\/td><\/tr><tr><td>Barra Chata<\/td><td>2.1\/2 x 3\/8&#8243;<\/td><td>9,53<\/td><td>4,750<\/td><\/tr><tr><td>Barra Chata<\/td><td>2.1\/2 x 1\/2&#8243;<\/td><td>12,70<\/td><td>6,331<\/td><\/tr><tr><td>Barra Chata<\/td><td>3 x 1\/4&#8243;<\/td><td rowspan=\"2\">76,20<\/td><td>6,35<\/td><td>3,798<\/td><\/tr><tr><td>Barra Chata<\/td><td>3 x 5\/16&#8243;<\/td><td>7,94<\/td><td>4,749<\/td><\/tr><\/tbody><\/table>\t\t\t\t\t\t\t\t<\/div>\n\t\t\t\t<\/div>\n\t\t\t\t<\/div>\n\t\t\t\t\t<\/div>\n\t\t\t\t<\/div>\n\t\t\t\t<\/div>\n\t\t","protected":false},"excerpt":{"rendered":"<p>Las <strong>planchuelas<\/strong> que produce <strong>Cipalam<\/strong> son muy vers\u00e1tiles, provienen de un laminado en caliente, conforme a todos los est\u00e1ndares de calidad. Con secci\u00f3n transversal rectangular, posee superficies lisas sin bordes vivos. Puede utilizarse para su aplicaci\u00f3n en rejas, portones, escuadr\u00edas, m\u00e1quinas e implementos agr\u00edcolas, de carretera y ferroviarios aparte de la industria mec\u00e1nica en general.<\/p>\n","protected":false},"featured_media":4599,"comment_status":"open","ping_status":"closed","template":"","meta":{"_acf_changed":false,"site-sidebar-layout":"no-sidebar","site-content-layout":"page-builder","ast-site-content-layout":"full-width-container","site-content-style":"unboxed","site-sidebar-style":"unboxed","ast-global-header-display":"","ast-banner-title-visibility":"","ast-main-header-display":"","ast-hfb-above-header-display":"","ast-hfb-below-header-display":"","ast-hfb-mobile-header-display":"","site-post-title":"disabled","ast-breadcrumbs-content":"","ast-featured-img":"disabled","footer-sml-layout":"","ast-disable-related-posts":"","theme-transparent-header-meta":"default","adv-header-id-meta":"","stick-header-meta":"","header-above-stick-meta":"","header-main-stick-meta":"","header-below-stick-meta":"","astra-migrate-meta-layouts":"default","ast-page-background-enabled":"default","ast-page-background-meta":{"desktop":{"background-color":"var(--ast-global-color-4)","background-image":"","background-repeat":"repeat","background-position":"center center","background-size":"auto","background-attachment":"scroll","background-type":"","background-media":"","overlay-type":"","overlay-color":"","overlay-opacity":"","overlay-gradient":""},"tablet":{"background-color":"","background-image":"","background-repeat":"repeat","background-position":"center center","background-size":"auto","background-attachment":"scroll","background-type":"","background-media":"","overlay-type":"","overlay-color":"","overlay-opacity":"","overlay-gradient":""},"mobile":{"background-color":"","background-image":"","background-repeat":"repeat","background-position":"center center","background-size":"auto","background-attachment":"scroll","background-type":"","background-media":"","overlay-type":"","overlay-color":"","overlay-opacity":"","overlay-gradient":""}},"ast-content-background-meta":{"desktop":{"background-color":"var(--ast-global-color-5)","background-image":"","background-repeat":"repeat","background-position":"center center","background-size":"auto","background-attachment":"scroll","background-type":"","background-media":"","overlay-type":"","overlay-color":"","overlay-opacity":"","overlay-gradient":""},"tablet":{"background-color":"var(--ast-global-color-5)","background-image":"","background-repeat":"repeat","background-position":"center center","background-size":"auto","background-attachment":"scroll","background-type":"","background-media":"","overlay-type":"","overlay-color":"","overlay-opacity":"","overlay-gradient":""},"mobile":{"background-color":"var(--ast-global-color-5)","background-image":"","background-repeat":"repeat","background-position":"center center","background-size":"auto","background-attachment":"scroll","background-type":"","background-media":"","overlay-type":"","overlay-color":"","overlay-opacity":"","overlay-gradient":""}}},"product_brand":[],"product_cat":[102],"product_tag":[],"class_list":{"0":"post-3074","1":"product","2":"type-product","3":"status-publish","4":"has-post-thumbnail","6":"product_cat-barras-e-perfis-es","7":"desktop-align-left","8":"tablet-align-left","9":"mobile-align-left","11":"first","12":"instock","13":"shipping-taxable","14":"product-type-simple"},"acf":[],"_links":{"self":[{"href":"https:\/\/cipalam.com.br\/es\/wp-json\/wp\/v2\/product\/3074","targetHints":{"allow":["GET"]}}],"collection":[{"href":"https:\/\/cipalam.com.br\/es\/wp-json\/wp\/v2\/product"}],"about":[{"href":"https:\/\/cipalam.com.br\/es\/wp-json\/wp\/v2\/types\/product"}],"replies":[{"embeddable":true,"href":"https:\/\/cipalam.com.br\/es\/wp-json\/wp\/v2\/comments?post=3074"}],"version-history":[{"count":0,"href":"https:\/\/cipalam.com.br\/es\/wp-json\/wp\/v2\/product\/3074\/revisions"}],"wp:featuredmedia":[{"embeddable":true,"href":"https:\/\/cipalam.com.br\/es\/wp-json\/wp\/v2\/media\/4599"}],"wp:attachment":[{"href":"https:\/\/cipalam.com.br\/es\/wp-json\/wp\/v2\/media?parent=3074"}],"wp:term":[{"taxonomy":"product_brand","embeddable":true,"href":"https:\/\/cipalam.com.br\/es\/wp-json\/wp\/v2\/product_brand?post=3074"},{"taxonomy":"product_cat","embeddable":true,"href":"https:\/\/cipalam.com.br\/es\/wp-json\/wp\/v2\/product_cat?post=3074"},{"taxonomy":"product_tag","embeddable":true,"href":"https:\/\/cipalam.com.br\/es\/wp-json\/wp\/v2\/product_tag?post=3074"}],"curies":[{"name":"wp","href":"https:\/\/api.w.org\/{rel}","templated":true}]}}