{"id":3072,"date":"2022-08-22T13:37:59","date_gmt":"2022-08-22T16:37:59","guid":{"rendered":"https:\/\/cipalam.com.br\/produto\/barra-redonda\/"},"modified":"2022-09-26T13:32:14","modified_gmt":"2022-09-26T13:32:14","slug":"barra-redonda","status":"publish","type":"product","link":"https:\/\/cipalam.com.br\/es\/produto\/barra-redonda\/","title":{"rendered":"Barra redonda"},"content":{"rendered":"\t\t<div data-elementor-type=\"product-post\" data-elementor-id=\"3072\" class=\"elementor elementor-3072 elementor-1067\" data-elementor-post-type=\"product\">\n\t\t\t\t<div class=\"elementor-element elementor-element-d33ee46 e-flex e-con-boxed e-con e-parent\" data-id=\"d33ee46\" data-element_type=\"container\" data-e-type=\"container\">\n\t\t\t\t\t<div class=\"e-con-inner\">\n\t\t<div class=\"elementor-element elementor-element-ad0ddc7 e-con-full e-flex e-con e-parent\" data-id=\"ad0ddc7\" data-element_type=\"container\" data-e-type=\"container\">\n\t\t\t\t<div class=\"elementor-element elementor-element-ead7172 elementor-widget elementor-widget-text-editor\" data-id=\"ead7172\" data-element_type=\"widget\" data-e-type=\"widget\" data-widget_type=\"text-editor.default\">\n\t\t\t\t<div class=\"elementor-widget-container\">\n\t\t\t\t\t\t\t\t\t<table width=\"938\"><tbody><tr><td colspan=\"5\" width=\"938\">DIMENS\u00d5ES DO PRODUTO ACABADO ABNT<\/td><\/tr><tr><td colspan=\"2\" width=\"371\">BITOLA<\/td><td colspan=\"2\" width=\"335\">DI\u00c2METRO mm<\/td><td width=\"232\">MASSA NOMINAL kg\/m<\/td><\/tr><tr><td>Barra Redonda<\/td><td>3\/8&#8243;<\/td><td colspan=\"2\">9,53<\/td><td>0,560<\/td><\/tr><tr><td>Barra Redonda<\/td><td>11,5 mm<\/td><td colspan=\"2\">11,50<\/td><td>0,816<\/td><\/tr><tr><td>Barra Redonda<\/td><td>12 mm<\/td><td colspan=\"2\">12,00<\/td><td>0,888<\/td><\/tr><tr><td>Barra Redonda<\/td><td>1\/2&#8243;<\/td><td colspan=\"2\">12,70<\/td><td>0,995<\/td><\/tr><tr><td>Barra Redonda<\/td><td>9\/16&#8243;<\/td><td colspan=\"2\">14,29<\/td><td>1,260<\/td><\/tr><tr><td>Barra Redonda<\/td><td>15 mm<\/td><td colspan=\"2\">15,00<\/td><td>1,388<\/td><\/tr><tr><td>Barra Redonda<\/td><td>5\/8&#8243;<\/td><td colspan=\"2\">15,88<\/td><td>1,556<\/td><\/tr><tr><td>Barra Redonda<\/td><td>3\/4&#8243;<\/td><td colspan=\"2\">19,05<\/td><td>2,239<\/td><\/tr><tr><td>Barra Redonda<\/td><td>7\/8&#8243;<\/td><td colspan=\"2\">22,23<\/td><td>3,049<\/td><\/tr><tr><td>Barra Redonda<\/td><td>1&#8243;<\/td><td colspan=\"2\">25,40<\/td><td>3,981<\/td><\/tr><\/tbody><\/table>\t\t\t\t\t\t\t\t<\/div>\n\t\t\t\t<\/div>\n\t\t\t\t<\/div>\n\t\t\t\t\t<\/div>\n\t\t\t\t<\/div>\n\t\t\t\t<\/div>\n\t\t","protected":false},"excerpt":{"rendered":"<p>Con secci\u00f3n transversal circular y gran variedad de calibres, la <strong>barra redonda<\/strong> garantiza la calidad del producto final, aparte de facilitar en los momentos en que se hacen necesarios encajes y ajustes. Empleada, sobre todo, en rejas y portones, en la fabricaci\u00f3n de ejes y herramientas y tambi\u00e9n en m\u00e1quinas. <strong>Cipalam<\/strong> produce un mis de este producto, posibilitando a nuestros clientes aplicaciones optimizadas y econ\u00f3micas en sus proyectos.<\/p>\n","protected":false},"featured_media":4578,"comment_status":"open","ping_status":"closed","template":"","meta":{"_acf_changed":false,"site-sidebar-layout":"default","site-content-layout":"default","ast-site-content-layout":"default","site-content-style":"default","site-sidebar-style":"default","ast-global-header-display":"","ast-banner-title-visibility":"","ast-main-header-display":"","ast-hfb-above-header-display":"","ast-hfb-below-header-display":"","ast-hfb-mobile-header-display":"","site-post-title":"","ast-breadcrumbs-content":"","ast-featured-img":"","footer-sml-layout":"","ast-disable-related-posts":"","theme-transparent-header-meta":"default","adv-header-id-meta":"","stick-header-meta":"","header-above-stick-meta":"","header-main-stick-meta":"","header-below-stick-meta":"","astra-migrate-meta-layouts":"default","ast-page-background-enabled":"default","ast-page-background-meta":{"desktop":{"background-color":"var(--ast-global-color-4)","background-image":"","background-repeat":"repeat","background-position":"center center","background-size":"auto","background-attachment":"scroll","background-type":"","background-media":"","overlay-type":"","overlay-color":"","overlay-opacity":"","overlay-gradient":""},"tablet":{"background-color":"","background-image":"","background-repeat":"repeat","background-position":"center center","background-size":"auto","background-attachment":"scroll","background-type":"","background-media":"","overlay-type":"","overlay-color":"","overlay-opacity":"","overlay-gradient":""},"mobile":{"background-color":"","background-image":"","background-repeat":"repeat","background-position":"center center","background-size":"auto","background-attachment":"scroll","background-type":"","background-media":"","overlay-type":"","overlay-color":"","overlay-opacity":"","overlay-gradient":""}},"ast-content-background-meta":{"desktop":{"background-color":"var(--ast-global-color-5)","background-image":"","background-repeat":"repeat","background-position":"center center","background-size":"auto","background-attachment":"scroll","background-type":"","background-media":"","overlay-type":"","overlay-color":"","overlay-opacity":"","overlay-gradient":""},"tablet":{"background-color":"var(--ast-global-color-5)","background-image":"","background-repeat":"repeat","background-position":"center center","background-size":"auto","background-attachment":"scroll","background-type":"","background-media":"","overlay-type":"","overlay-color":"","overlay-opacity":"","overlay-gradient":""},"mobile":{"background-color":"var(--ast-global-color-5)","background-image":"","background-repeat":"repeat","background-position":"center center","background-size":"auto","background-attachment":"scroll","background-type":"","background-media":"","overlay-type":"","overlay-color":"","overlay-opacity":"","overlay-gradient":""}}},"product_brand":[],"product_cat":[102],"product_tag":[],"class_list":{"0":"post-3072","1":"product","2":"type-product","3":"status-publish","4":"has-post-thumbnail","6":"product_cat-barras-e-perfis-es","7":"desktop-align-left","8":"tablet-align-left","9":"mobile-align-left","11":"first","12":"instock","13":"shipping-taxable","14":"product-type-simple"},"acf":[],"_links":{"self":[{"href":"https:\/\/cipalam.com.br\/es\/wp-json\/wp\/v2\/product\/3072","targetHints":{"allow":["GET"]}}],"collection":[{"href":"https:\/\/cipalam.com.br\/es\/wp-json\/wp\/v2\/product"}],"about":[{"href":"https:\/\/cipalam.com.br\/es\/wp-json\/wp\/v2\/types\/product"}],"replies":[{"embeddable":true,"href":"https:\/\/cipalam.com.br\/es\/wp-json\/wp\/v2\/comments?post=3072"}],"version-history":[{"count":0,"href":"https:\/\/cipalam.com.br\/es\/wp-json\/wp\/v2\/product\/3072\/revisions"}],"wp:featuredmedia":[{"embeddable":true,"href":"https:\/\/cipalam.com.br\/es\/wp-json\/wp\/v2\/media\/4578"}],"wp:attachment":[{"href":"https:\/\/cipalam.com.br\/es\/wp-json\/wp\/v2\/media?parent=3072"}],"wp:term":[{"taxonomy":"product_brand","embeddable":true,"href":"https:\/\/cipalam.com.br\/es\/wp-json\/wp\/v2\/product_brand?post=3072"},{"taxonomy":"product_cat","embeddable":true,"href":"https:\/\/cipalam.com.br\/es\/wp-json\/wp\/v2\/product_cat?post=3072"},{"taxonomy":"product_tag","embeddable":true,"href":"https:\/\/cipalam.com.br\/es\/wp-json\/wp\/v2\/product_tag?post=3072"}],"curies":[{"name":"wp","href":"https:\/\/api.w.org\/{rel}","templated":true}]}}