{"id":3068,"date":"2022-08-20T13:36:02","date_gmt":"2022-08-20T16:36:02","guid":{"rendered":"https:\/\/cipalam.com.br\/produto\/barra-de-transferencia\/"},"modified":"2022-09-26T13:31:06","modified_gmt":"2022-09-26T13:31:06","slug":"barra-de-transferencia","status":"publish","type":"product","link":"https:\/\/cipalam.com.br\/es\/produto\/barra-de-transferencia\/","title":{"rendered":"Barra de transferencia"},"content":{"rendered":"\t\t<div data-elementor-type=\"product-post\" data-elementor-id=\"3068\" class=\"elementor elementor-3068 elementor-1062\" data-elementor-post-type=\"product\">\n\t\t\t\t<div class=\"elementor-element elementor-element-7d1c881 e-flex e-con-boxed e-con e-parent\" data-id=\"7d1c881\" data-element_type=\"container\" data-e-type=\"container\">\n\t\t\t\t\t<div class=\"e-con-inner\">\n\t\t<div class=\"elementor-element elementor-element-008b138 e-con-full e-flex e-con e-parent\" data-id=\"008b138\" data-element_type=\"container\" data-e-type=\"container\">\n\t\t\t\t<div class=\"elementor-element elementor-element-8779d9f elementor-widget elementor-widget-text-editor\" data-id=\"8779d9f\" data-element_type=\"widget\" data-e-type=\"widget\" data-widget_type=\"text-editor.default\">\n\t\t\t\t<div class=\"elementor-widget-container\">\n\t\t\t\t\t\t\t\t\t<table width=\"938\"><tbody><tr><td colspan=\"5\" width=\"938\">DIMENS\u00d5ES DO PRODUTO ACABADO ABNT<\/td><\/tr><tr><td colspan=\"2\" width=\"371\">BITOLA<\/td><td colspan=\"2\" width=\"335\">DI\u00c2METRO mm<\/td><td width=\"232\">MASSA NOMINAL kg\/m<\/td><\/tr><tr><td>Barra Quadrada<\/td><td>3\/8&#8243;<\/td><td colspan=\"2\">9,53<\/td><td>0,713<\/td><\/tr><tr><td>Barra Quadrada<\/td><td>12 mm<\/td><td colspan=\"2\">12,00<\/td><td>1,130<\/td><\/tr><tr><td>Barra Quadrada<\/td><td>1\/2&#8243;<\/td><td colspan=\"2\">12,70<\/td><td>1,266<\/td><\/tr><tr><td>Barra Quadrada<\/td><td>5\/8&#8243;<\/td><td colspan=\"2\">15,88<\/td><td>1,980<\/td><\/tr><tr><td>Barra Quadrada<\/td><td>3\/4&#8243;<\/td><td colspan=\"2\">19,05<\/td><td>2,849<\/td><\/tr><\/tbody><\/table>\t\t\t\t\t\t\t\t<\/div>\n\t\t\t\t<\/div>\n\t\t\t\t<\/div>\n\t\t\t\t\t<\/div>\n\t\t\t\t<\/div>\n\t\t\t\t<\/div>\n\t\t","protected":false},"excerpt":{"rendered":"<p>Producida con forma redondeada, con tama\u00f1o de 50cm, nuestra <strong>barra de transferencia<\/strong> se utiliza donde hay necesidad de transferencia de cargas entre una placa y otra, tal como juntas de pisos de galp\u00f3n log\u00edstico e industrial, aparcamientos, carreteras, pavimentos de hormig\u00f3n armado y aeroportuarios.<\/p>\n<p>Permite la realizaci\u00f3n de movimientos de tracci\u00f3n y expansi\u00f3n donde hay origen de variaci\u00f3n de temperatura sobre la estructura. Tambi\u00e9n evita la deformaci\u00f3n, fisuras en el concreto y, una vez aplicada, resbala con facilidad por ser perfectamente rectil\u00ednea y no poseer rebabas o amasados en las puntas. Nuestra <strong>barra de transferencia<\/strong> es de f\u00e1cil manejo, conferencia y almacenaje, aparte de tener menor espesura y coste global.<\/p>\n","protected":false},"featured_media":4513,"comment_status":"open","ping_status":"closed","template":"","meta":{"_acf_changed":false,"site-sidebar-layout":"no-sidebar","site-content-layout":"page-builder","ast-site-content-layout":"full-width-container","site-content-style":"unboxed","site-sidebar-style":"unboxed","ast-global-header-display":"","ast-banner-title-visibility":"","ast-main-header-display":"","ast-hfb-above-header-display":"","ast-hfb-below-header-display":"","ast-hfb-mobile-header-display":"","site-post-title":"disabled","ast-breadcrumbs-content":"","ast-featured-img":"disabled","footer-sml-layout":"","ast-disable-related-posts":"","theme-transparent-header-meta":"default","adv-header-id-meta":"","stick-header-meta":"","header-above-stick-meta":"","header-main-stick-meta":"","header-below-stick-meta":"","astra-migrate-meta-layouts":"default","ast-page-background-enabled":"default","ast-page-background-meta":{"desktop":{"background-color":"var(--ast-global-color-4)","background-image":"","background-repeat":"repeat","background-position":"center center","background-size":"auto","background-attachment":"scroll","background-type":"","background-media":"","overlay-type":"","overlay-color":"","overlay-opacity":"","overlay-gradient":""},"tablet":{"background-color":"","background-image":"","background-repeat":"repeat","background-position":"center center","background-size":"auto","background-attachment":"scroll","background-type":"","background-media":"","overlay-type":"","overlay-color":"","overlay-opacity":"","overlay-gradient":""},"mobile":{"background-color":"","background-image":"","background-repeat":"repeat","background-position":"center center","background-size":"auto","background-attachment":"scroll","background-type":"","background-media":"","overlay-type":"","overlay-color":"","overlay-opacity":"","overlay-gradient":""}},"ast-content-background-meta":{"desktop":{"background-color":"var(--ast-global-color-5)","background-image":"","background-repeat":"repeat","background-position":"center center","background-size":"auto","background-attachment":"scroll","background-type":"","background-media":"","overlay-type":"","overlay-color":"","overlay-opacity":"","overlay-gradient":""},"tablet":{"background-color":"var(--ast-global-color-5)","background-image":"","background-repeat":"repeat","background-position":"center center","background-size":"auto","background-attachment":"scroll","background-type":"","background-media":"","overlay-type":"","overlay-color":"","overlay-opacity":"","overlay-gradient":""},"mobile":{"background-color":"var(--ast-global-color-5)","background-image":"","background-repeat":"repeat","background-position":"center center","background-size":"auto","background-attachment":"scroll","background-type":"","background-media":"","overlay-type":"","overlay-color":"","overlay-opacity":"","overlay-gradient":""}}},"product_brand":[],"product_cat":[29],"product_tag":[],"class_list":{"0":"post-3068","1":"product","2":"type-product","3":"status-publish","4":"has-post-thumbnail","6":"product_cat-geral","7":"desktop-align-left","8":"tablet-align-left","9":"mobile-align-left","11":"first","12":"instock","13":"shipping-taxable","14":"product-type-simple"},"acf":[],"_links":{"self":[{"href":"https:\/\/cipalam.com.br\/es\/wp-json\/wp\/v2\/product\/3068","targetHints":{"allow":["GET"]}}],"collection":[{"href":"https:\/\/cipalam.com.br\/es\/wp-json\/wp\/v2\/product"}],"about":[{"href":"https:\/\/cipalam.com.br\/es\/wp-json\/wp\/v2\/types\/product"}],"replies":[{"embeddable":true,"href":"https:\/\/cipalam.com.br\/es\/wp-json\/wp\/v2\/comments?post=3068"}],"version-history":[{"count":0,"href":"https:\/\/cipalam.com.br\/es\/wp-json\/wp\/v2\/product\/3068\/revisions"}],"wp:featuredmedia":[{"embeddable":true,"href":"https:\/\/cipalam.com.br\/es\/wp-json\/wp\/v2\/media\/4513"}],"wp:attachment":[{"href":"https:\/\/cipalam.com.br\/es\/wp-json\/wp\/v2\/media?parent=3068"}],"wp:term":[{"taxonomy":"product_brand","embeddable":true,"href":"https:\/\/cipalam.com.br\/es\/wp-json\/wp\/v2\/product_brand?post=3068"},{"taxonomy":"product_cat","embeddable":true,"href":"https:\/\/cipalam.com.br\/es\/wp-json\/wp\/v2\/product_cat?post=3068"},{"taxonomy":"product_tag","embeddable":true,"href":"https:\/\/cipalam.com.br\/es\/wp-json\/wp\/v2\/product_tag?post=3068"}],"curies":[{"name":"wp","href":"https:\/\/api.w.org\/{rel}","templated":true}]}}