{"id":3064,"date":"2022-08-26T13:34:36","date_gmt":"2022-08-26T16:34:36","guid":{"rendered":"https:\/\/cipalam.com.br\/produto\/tubo-redondo\/"},"modified":"2022-09-26T13:39:21","modified_gmt":"2022-09-26T13:39:21","slug":"tubo-redondo","status":"publish","type":"product","link":"https:\/\/cipalam.com.br\/es\/produto\/tubo-redondo\/","title":{"rendered":"Tubo Redondo"},"content":{"rendered":"\t\t<div data-elementor-type=\"product-post\" data-elementor-id=\"3064\" class=\"elementor elementor-3064 elementor-1059\" data-elementor-post-type=\"product\">\n\t\t\t\t<div class=\"elementor-element elementor-element-498627d e-flex e-con-boxed e-con e-parent\" data-id=\"498627d\" data-element_type=\"container\" data-e-type=\"container\">\n\t\t\t\t\t<div class=\"e-con-inner\">\n\t\t<div class=\"elementor-element elementor-element-5a0918b e-con-full e-flex e-con e-parent\" data-id=\"5a0918b\" data-element_type=\"container\" data-e-type=\"container\">\n\t\t\t\t<div class=\"elementor-element elementor-element-fd8517d elementor-widget elementor-widget-text-editor\" data-id=\"fd8517d\" data-element_type=\"widget\" data-e-type=\"widget\" data-widget_type=\"text-editor.default\">\n\t\t\t\t<div class=\"elementor-widget-container\">\n\t\t\t\t\t\t\t\t\t<table width=\"1561\"><tbody><tr><td colspan=\"13\" width=\"1561\">DIMENS\u00d5ES DO PRODUTO ACABADO ABNT<\/td><\/tr><tr><td colspan=\"2\" rowspan=\"2\">BITOLA<\/td><td colspan=\"2\">DIMENS\u00c3O mm<\/td><td colspan=\"9\" width=\"925\">PESO (kg\/m) TE\u00d3RICO DE ACORDO COM A ESPESSURA\u00a0<\/td><\/tr><tr><td colspan=\"2\">NOMINAL<\/td><td width=\"101\">0,750<\/td><td width=\"103\">0,9<\/td><td width=\"103\">1,06<\/td><td width=\"103\">1,2<\/td><td width=\"103\">1,5<\/td><td width=\"103\">2<\/td><td width=\"103\">2,25<\/td><td width=\"103\">2,65<\/td><td width=\"103\">3<\/td><\/tr><tr><td>REDONDO<\/td><td>19,05\u00a0 &#8211;\u00a0 3\/4&#8243;<\/td><td colspan=\"2\">19,05<\/td><td width=\"101\">0,338<\/td><td width=\"103\">0,403<\/td><td width=\"103\">0,470<\/td><td width=\"103\">0,528<\/td><td width=\"103\">0,649<\/td><td>&#8211;<\/td><td>&#8211;<\/td><td>&#8211;<\/td><td>&#8211;<\/td><\/tr><tr><td>REDONDO<\/td><td>22,22\u00a0 &#8211;\u00a0 7\/8&#8243;<\/td><td colspan=\"2\">22,22<\/td><td width=\"101\">0,397<\/td><td width=\"103\">0,473<\/td><td width=\"103\">0,553<\/td><td width=\"103\">0,622<\/td><td width=\"103\">0,766<\/td><td>&#8211;<\/td><td>&#8211;<\/td><td>&#8211;<\/td><td>&#8211;<\/td><\/tr><tr><td>REDONDO<\/td><td>25,40\u00a0 &#8211;\u00a0 1&#8243;<\/td><td colspan=\"2\">25,40<\/td><td width=\"101\">0,456<\/td><td width=\"103\">0,544<\/td><td width=\"103\">0,636<\/td><td width=\"103\">0,716<\/td><td width=\"103\">0,884<\/td><td width=\"103\">1,154<\/td><td>&#8211;<\/td><td>&#8211;<\/td><td>&#8211;<\/td><\/tr><tr><td>REDONDO<\/td><td>31,75\u00a0 &#8211;\u00a0 1.1\/4&#8243;<\/td><td colspan=\"2\">31,75<\/td><td width=\"101\">0,573<\/td><td width=\"103\">0,685<\/td><td width=\"103\">0,802<\/td><td width=\"103\">0,904<\/td><td width=\"103\">1,119<\/td><td width=\"103\">1,467<\/td><td width=\"103\">1,637<\/td><td width=\"103\">1,902<\/td><td width=\"103\">2,127<\/td><\/tr><tr><td>REDONDO<\/td><td>38,10\u00a0 &#8211;\u00a0 1.1\/2&#8243;<\/td><td colspan=\"2\">38,10<\/td><td width=\"101\">0,691<\/td><td width=\"103\">0,826<\/td><td width=\"103\">0,968<\/td><td width=\"103\">1,092<\/td><td width=\"103\">1,354<\/td><td width=\"103\">1,780<\/td><td width=\"103\">1,989<\/td><td width=\"103\">2,317<\/td><td width=\"103\">2,597<\/td><\/tr><tr><td>REDONDO<\/td><td>44,45\u00a0 &#8211;\u00a0 1.3\/4&#8243;<\/td><td colspan=\"2\">44,45<\/td><td width=\"101\">0,808<\/td><td width=\"103\">0,967<\/td><td width=\"103\">1,134<\/td><td width=\"103\">1,280<\/td><td width=\"103\">1,589<\/td><td width=\"103\">2,094<\/td><td width=\"103\">2,341<\/td><td width=\"103\">2,732<\/td><td width=\"103\">3,066<\/td><\/tr><tr><td>REDONDO<\/td><td>50,80\u00a0 &#8211;\u00a0 2&#8243;<\/td><td colspan=\"2\">50,80<\/td><td width=\"101\">0,926<\/td><td width=\"103\">1,107<\/td><td width=\"103\">1,300<\/td><td width=\"103\">1,468<\/td><td width=\"103\">1,824<\/td><td width=\"103\">2,407<\/td><td width=\"103\">2,694<\/td><td width=\"103\">3,147<\/td><td width=\"103\">3,536<\/td><\/tr><tr><td>REDONDO<\/td><td>63,50\u00a0 &#8211;\u00a0 2.1\/2&#8243;<\/td><td colspan=\"2\">63,50<\/td><td width=\"101\">1,161<\/td><td width=\"103\">1,389<\/td><td width=\"103\">1,632<\/td><td width=\"103\">1,844<\/td><td width=\"103\">2,293<\/td><td width=\"103\">3,033<\/td><td width=\"103\">3,398<\/td><td width=\"103\">3,976<\/td><td width=\"103\">4,476<\/td><\/tr><tr><td>REDONDO<\/td><td>76,20\u00a0 &#8211;\u00a0 3&#8243;<\/td><td colspan=\"2\">76,20<\/td><td width=\"101\">1,395<\/td><td width=\"103\">1,671<\/td><td width=\"103\">1,964<\/td><td width=\"103\">2,219<\/td><td width=\"103\">2,763<\/td><td width=\"103\">3,660<\/td><td width=\"103\">4,103<\/td><td width=\"103\">4,806<\/td><td width=\"103\">5,415<\/td><\/tr><\/tbody><\/table>\t\t\t\t\t\t\t\t<\/div>\n\t\t\t\t<\/div>\n\t\t\t\t<\/div>\n\t\t\t\t\t<\/div>\n\t\t\t\t<\/div>\n\t\t\t\t<\/div>\n\t\t","protected":false},"excerpt":{"rendered":"<p>Est\u00e1 hecho con acero de carbono y posee excelente acabado de soldadura, corte y embalaje. El <strong>tubo redondo<\/strong> se destina a fines estructurales como: construcciones met\u00e1licas, soportes industriales y en la construcci\u00f3n civil en general. Todo ello, con calidad en la superficie, aceptando procesos de galvanizaci\u00f3n y pintura, resultando en un fino acabado.<\/p>\n","protected":false},"featured_media":4656,"comment_status":"open","ping_status":"closed","template":"","meta":{"_acf_changed":false,"site-sidebar-layout":"no-sidebar","site-content-layout":"page-builder","ast-site-content-layout":"default","site-content-style":"default","site-sidebar-style":"default","ast-global-header-display":"","ast-banner-title-visibility":"","ast-main-header-display":"","ast-hfb-above-header-display":"","ast-hfb-below-header-display":"","ast-hfb-mobile-header-display":"","site-post-title":"disabled","ast-breadcrumbs-content":"","ast-featured-img":"disabled","footer-sml-layout":"","ast-disable-related-posts":"","theme-transparent-header-meta":"default","adv-header-id-meta":"","stick-header-meta":"","header-above-stick-meta":"","header-main-stick-meta":"","header-below-stick-meta":"","astra-migrate-meta-layouts":"default","ast-page-background-enabled":"default","ast-page-background-meta":{"desktop":{"background-color":"var(--ast-global-color-4)","background-image":"","background-repeat":"repeat","background-position":"center center","background-size":"auto","background-attachment":"scroll","background-type":"","background-media":"","overlay-type":"","overlay-color":"","overlay-opacity":"","overlay-gradient":""},"tablet":{"background-color":"","background-image":"","background-repeat":"repeat","background-position":"center center","background-size":"auto","background-attachment":"scroll","background-type":"","background-media":"","overlay-type":"","overlay-color":"","overlay-opacity":"","overlay-gradient":""},"mobile":{"background-color":"","background-image":"","background-repeat":"repeat","background-position":"center center","background-size":"auto","background-attachment":"scroll","background-type":"","background-media":"","overlay-type":"","overlay-color":"","overlay-opacity":"","overlay-gradient":""}},"ast-content-background-meta":{"desktop":{"background-color":"var(--ast-global-color-5)","background-image":"","background-repeat":"repeat","background-position":"center center","background-size":"auto","background-attachment":"scroll","background-type":"","background-media":"","overlay-type":"","overlay-color":"","overlay-opacity":"","overlay-gradient":""},"tablet":{"background-color":"var(--ast-global-color-5)","background-image":"","background-repeat":"repeat","background-position":"center center","background-size":"auto","background-attachment":"scroll","background-type":"","background-media":"","overlay-type":"","overlay-color":"","overlay-opacity":"","overlay-gradient":""},"mobile":{"background-color":"var(--ast-global-color-5)","background-image":"","background-repeat":"repeat","background-position":"center center","background-size":"auto","background-attachment":"scroll","background-type":"","background-media":"","overlay-type":"","overlay-color":"","overlay-opacity":"","overlay-gradient":""}}},"product_brand":[],"product_cat":[100],"product_tag":[],"class_list":{"0":"post-3064","1":"product","2":"type-product","3":"status-publish","4":"has-post-thumbnail","6":"product_cat-tubos-es","7":"desktop-align-left","8":"tablet-align-left","9":"mobile-align-left","11":"first","12":"instock","13":"shipping-taxable","14":"product-type-simple"},"acf":[],"_links":{"self":[{"href":"https:\/\/cipalam.com.br\/es\/wp-json\/wp\/v2\/product\/3064","targetHints":{"allow":["GET"]}}],"collection":[{"href":"https:\/\/cipalam.com.br\/es\/wp-json\/wp\/v2\/product"}],"about":[{"href":"https:\/\/cipalam.com.br\/es\/wp-json\/wp\/v2\/types\/product"}],"replies":[{"embeddable":true,"href":"https:\/\/cipalam.com.br\/es\/wp-json\/wp\/v2\/comments?post=3064"}],"version-history":[{"count":0,"href":"https:\/\/cipalam.com.br\/es\/wp-json\/wp\/v2\/product\/3064\/revisions"}],"wp:featuredmedia":[{"embeddable":true,"href":"https:\/\/cipalam.com.br\/es\/wp-json\/wp\/v2\/media\/4656"}],"wp:attachment":[{"href":"https:\/\/cipalam.com.br\/es\/wp-json\/wp\/v2\/media?parent=3064"}],"wp:term":[{"taxonomy":"product_brand","embeddable":true,"href":"https:\/\/cipalam.com.br\/es\/wp-json\/wp\/v2\/product_brand?post=3064"},{"taxonomy":"product_cat","embeddable":true,"href":"https:\/\/cipalam.com.br\/es\/wp-json\/wp\/v2\/product_cat?post=3064"},{"taxonomy":"product_tag","embeddable":true,"href":"https:\/\/cipalam.com.br\/es\/wp-json\/wp\/v2\/product_tag?post=3064"}],"curies":[{"name":"wp","href":"https:\/\/api.w.org\/{rel}","templated":true}]}}