{"id":1908,"date":"2022-08-11T20:48:05","date_gmt":"2022-08-11T23:48:05","guid":{"rendered":"https:\/\/cipalam.com.br\/instituto\/"},"modified":"2022-09-26T14:08:18","modified_gmt":"2022-09-26T14:08:18","slug":"instituto","status":"publish","type":"page","link":"https:\/\/cipalam.com.br\/es\/instituto\/","title":{"rendered":"Instituto"},"content":{"rendered":"\t\t<div data-elementor-type=\"wp-page\" data-elementor-id=\"1908\" class=\"elementor elementor-1908 elementor-626\" data-elementor-post-type=\"page\">\n\t\t\t\t<div class=\"elementor-element elementor-element-cd69619 e-flex e-con-boxed e-con e-parent\" data-id=\"cd69619\" data-element_type=\"container\" data-e-type=\"container\" data-settings=\"{&quot;background_background&quot;:&quot;classic&quot;}\">\n\t\t\t\t\t<div class=\"e-con-inner\">\n\t\t<div class=\"elementor-element elementor-element-fff7918 e-con-full e-flex e-con e-parent\" data-id=\"fff7918\" data-element_type=\"container\" data-e-type=\"container\">\n\t\t\t\t<div class=\"elementor-element elementor-element-f640018 elementor-widget-mobile__width-inherit elementor-widget elementor-widget-image-box\" data-id=\"f640018\" data-element_type=\"widget\" data-e-type=\"widget\" data-widget_type=\"image-box.default\">\n\t\t\t\t<div class=\"elementor-widget-container\">\n\t\t\t\t\t<div class=\"elementor-image-box-wrapper\"><div class=\"elementor-image-box-content\"><h3 class=\"elementor-image-box-title\">Calidad <\/h3><p class=\"elementor-image-box-description\">Instituto <span>Cipalam<\/span><\/p><\/div><\/div>\t\t\t\t<\/div>\n\t\t\t\t<\/div>\n\t\t\t\t<div class=\"elementor-element elementor-element-0904900 conteudo elementor-widget elementor-widget-text-editor\" data-id=\"0904900\" data-element_type=\"widget\" data-e-type=\"widget\" data-widget_type=\"text-editor.default\">\n\t\t\t\t<div class=\"elementor-widget-container\">\n\t\t\t\t\t\t\t\t\t<p><strong>Cipalam<\/strong> mantiene, desde abril de 2008, un <strong>proyecto social<\/strong> que asiste a la comunidad de alrededor de las dos unidades \u2013 en el barrio Igua\u00e7u, en Ipatinga y en Santana do Para\u00edso. El instituto lleva el nombre del patriarca de la familia \u2013 Sr. Raimundo An\u00edcio Alves, fundador de <strong>Cipalam<\/strong> \u2013 y recibe alrededor de 80 ni\u00f1os y adolescentes en el horario opuesto al escolar, dos d\u00edas a la semana, para actividades como refuerzo escolar y clases de yudo.<\/p><p>Es el brazo social de la empresa que se enorgullece de la historia familiar que viene construyendo desde su fundaci\u00f3n, en 1985.<\/p><p>La elecci\u00f3n de los ni\u00f1os asistidos, que tienen entre seis y diecis\u00e9is a\u00f1os, se basa en la situaci\u00f3n socioecon\u00f3mica de la familia, entre ellos, hijos de empleados. La actual gesti\u00f3n tom\u00f3 frente en 2014, y desde entonces, invierte cada vez m\u00e1s en la calidad del trabajo, desde el material usado por los ni\u00f1os hasta la merienda que les sirven.<\/p><p>En 2020, fue implementada la \u201cEscuela del Puente\u201d, basada en un modelo portugu\u00e9s en el cual los ni\u00f1os aprenden a tener autonom\u00eda. Los llevan para ayudar en las compras del instituto y ense\u00f1an a los ni\u00f1os durante las clases de refuerzo, por ejemplo. Siempre asistidas por el equipo formado por profesionales graduados en pedagog\u00eda y con postgrado en educaci\u00f3n infantil.<\/p><p>La creaci\u00f3n del Instituto Cipalam surgi\u00f3 de la preocupaci\u00f3n que se ten\u00eda con un ni\u00f1o, Matheus, en aqu\u00e9l entonces ten\u00eda cuatro a\u00f1os, que siempre estaba cerca de la empresa pidiendo ayuda. Al presidente en aquella \u00e9poca, Geraldo Eder, le gust\u00f3 la idea de ayudar, no solo a Matheus, pero la comunidad donde se encuentra la f\u00e1brica, en el barrio Igua\u00e7u. En 14 a\u00f1os, m\u00e1s de 200 ni\u00f1os y adolescentes han sido asistidos por el Instituto.<\/p>\t\t\t\t\t\t\t\t<\/div>\n\t\t\t\t<\/div>\n\t\t\t\t<\/div>\n\t\t<div class=\"elementor-element elementor-element-f19a1a1 e-con-full e-flex e-con e-parent\" data-id=\"f19a1a1\" data-element_type=\"container\" data-e-type=\"container\">\n\t\t\t\t<div class=\"elementor-element elementor-element-fec31e0 elementor-widget elementor-widget-jet-carousel\" data-id=\"fec31e0\" data-element_type=\"widget\" data-e-type=\"widget\" data-settings=\"{&quot;slides_to_show&quot;:&quot;1&quot;,&quot;slides_to_scroll&quot;:&quot;1&quot;}\" data-widget_type=\"jet-carousel.default\">\n\t\t\t\t<div class=\"elementor-widget-container\">\n\t\t\t\t\t<div class=\"elementor-jet-carousel jet-elements\"><div class=\"jet-carousel-wrap\">\n\t<div class=\"jet-carousel\" data-slider_options=\"{&quot;autoplaySpeed&quot;:5000,&quot;autoplay&quot;:true,&quot;infinite&quot;:true,&quot;centerMode&quot;:false,&quot;centerPadding&quot;:&quot;50px&quot;,&quot;pauseOnHover&quot;:false,&quot;speed&quot;:500,&quot;arrows&quot;:true,&quot;dots&quot;:false,&quot;variableWidth&quot;:false,&quot;prevArrow&quot;:&quot;.jet-carousel__prev-arrow-fec31e0&quot;,&quot;nextArrow&quot;:&quot;.jet-carousel__next-arrow-fec31e0&quot;,&quot;rtl&quot;:false,&quot;fractionNav&quot;:false,&quot;fade&quot;:false}\" dir=\"ltr\">\n\t<div class=\"elementor-slick-slider\">\n\n<div class=\"jet-carousel__item\">\n\t<div class=\"jet-carousel__item-inner\"><a href=\"http:\/\/cipalam.com.br\/wp-content\/uploads\/2022\/08\/foto1.jpg\" class=\"jet-carousel__item-link\" data-elementor-open-lightbox=&quot;yes&quot; data-elementor-lightbox-slideshow=&quot;fec31e0&quot;  ><img decoding=\"async\" src=\"http:\/\/cipalam.com.br\/wp-content\/uploads\/2022\/08\/foto1.jpg\" class=\"jet-carousel__item-img\" alt=\"foto1\" loading=\"lazy\"><\/a><div class=\"jet-carousel__content\"><\/div><\/div>\n<\/div>\n\n<div class=\"jet-carousel__item\">\n\t<div class=\"jet-carousel__item-inner\"><a href=\"http:\/\/cipalam.com.br\/wp-content\/uploads\/2022\/08\/foto1.jpg\" class=\"jet-carousel__item-link\" data-elementor-open-lightbox=&quot;yes&quot; data-elementor-lightbox-slideshow=&quot;fec31e0&quot;  ><img decoding=\"async\" src=\"http:\/\/cipalam.com.br\/wp-content\/uploads\/2022\/08\/foto1.jpg\" class=\"jet-carousel__item-img\" alt=\"foto1\" loading=\"lazy\"><\/a><div class=\"jet-carousel__content\"><\/div><\/div>\n<\/div>\n\n<div class=\"jet-carousel__item\">\n\t<div class=\"jet-carousel__item-inner\"><a href=\"http:\/\/cipalam.com.br\/wp-content\/uploads\/2022\/08\/foto1.jpg\" class=\"jet-carousel__item-link\" data-elementor-open-lightbox=&quot;yes&quot; data-elementor-lightbox-slideshow=&quot;fec31e0&quot;  ><img decoding=\"async\" src=\"http:\/\/cipalam.com.br\/wp-content\/uploads\/2022\/08\/foto1.jpg\" class=\"jet-carousel__item-img\" alt=\"foto1\" loading=\"lazy\"><\/a><div class=\"jet-carousel__content\"><\/div><\/div>\n<\/div>\n<\/div><div class=\"jet-carousel__prev-arrow-fec31e0 jet-arrow prev-arrow\"><i aria-hidden=\"true\" class=\"fas fa-chevron-left\"><\/i><\/div><div class=\"jet-carousel__next-arrow-fec31e0 jet-arrow next-arrow\"><i aria-hidden=\"true\" class=\"fas fa-chevron-right\"><\/i><\/div><\/div>\n<\/div>\n<\/div>\t\t\t\t<\/div>\n\t\t\t\t<\/div>\n\t\t\t\t<div class=\"elementor-element elementor-element-43781c9 elementor-absolute elementor-widget elementor-widget-image\" data-id=\"43781c9\" data-element_type=\"widget\" data-e-type=\"widget\" data-settings=\"{&quot;_position&quot;:&quot;absolute&quot;}\" data-widget_type=\"image.default\">\n\t\t\t\t<div class=\"elementor-widget-container\">\n\t\t\t\t\t\t\t\t\t\t\t\t\t\t\t<img fetchpriority=\"high\" decoding=\"async\" width=\"358\" height=\"244\" src=\"https:\/\/cipalam.com.br\/wp-content\/uploads\/2022\/08\/detalhes-e1665432925218.png\" class=\"attachment-large size-large wp-image-1735\" alt=\"\" \/>\t\t\t\t\t\t\t\t\t\t\t\t\t\t\t<\/div>\n\t\t\t\t<\/div>\n\t\t\t\t<\/div>\n\t\t\t\t\t<\/div>\n\t\t\t\t<\/div>\n\t\t<div class=\"elementor-element elementor-element-6c7fe3f e-con-full e-flex e-con e-parent\" data-id=\"6c7fe3f\" data-element_type=\"container\" data-e-type=\"container\">\n\t\t\t\t<div class=\"elementor-element elementor-element-186b3d4 elementor-widget elementor-widget-image\" data-id=\"186b3d4\" data-element_type=\"widget\" data-e-type=\"widget\" data-widget_type=\"image.default\">\n\t\t\t\t<div class=\"elementor-widget-container\">\n\t\t\t\t\t\t\t\t\t\t\t\t\t\t\t<img decoding=\"async\" width=\"300\" height=\"201\" src=\"https:\/\/cipalam.com.br\/wp-content\/uploads\/2022\/08\/ferros-1-300x201.png\" class=\"attachment-medium size-medium wp-image-1761\" alt=\"\" srcset=\"https:\/\/cipalam.com.br\/wp-content\/uploads\/2022\/08\/ferros-1-300x201.png 300w, https:\/\/cipalam.com.br\/wp-content\/uploads\/2022\/08\/ferros-1.png 387w\" sizes=\"(max-width: 300px) 100vw, 300px\" \/>\t\t\t\t\t\t\t\t\t\t\t\t\t\t\t<\/div>\n\t\t\t\t<\/div>\n\t\t\t\t<\/div>\n\t\t<div class=\"elementor-element elementor-element-af20107 e-flex e-con-boxed e-con e-parent\" data-id=\"af20107\" data-element_type=\"container\" data-e-type=\"container\">\n\t\t\t\t\t<div class=\"e-con-inner\">\n\t\t\t\t<div class=\"elementor-element elementor-element-c5c839c elementor-widget elementor-widget-image\" data-id=\"c5c839c\" data-element_type=\"widget\" data-e-type=\"widget\" data-widget_type=\"image.default\">\n\t\t\t\t<div class=\"elementor-widget-container\">\n\t\t\t\t\t\t\t\t\t\t\t\t\t\t\t<img decoding=\"async\" width=\"1024\" height=\"174\" src=\"https:\/\/cipalam.com.br\/wp-content\/uploads\/2022\/09\/Deposiciones-1024x174.png\" class=\"attachment-large size-large wp-image-3397\" alt=\"\" srcset=\"https:\/\/cipalam.com.br\/wp-content\/uploads\/2022\/09\/Deposiciones-1024x174.png 1024w, https:\/\/cipalam.com.br\/wp-content\/uploads\/2022\/09\/Deposiciones-300x51.png 300w, https:\/\/cipalam.com.br\/wp-content\/uploads\/2022\/09\/Deposiciones-768x130.png 768w, https:\/\/cipalam.com.br\/wp-content\/uploads\/2022\/09\/Deposiciones-600x102.png 600w, https:\/\/cipalam.com.br\/wp-content\/uploads\/2022\/09\/Deposiciones.png 1239w\" sizes=\"(max-width: 1024px) 100vw, 1024px\" \/>\t\t\t\t\t\t\t\t\t\t\t\t\t\t\t<\/div>\n\t\t\t\t<\/div>\n\t\t\t\t\t<\/div>\n\t\t\t\t<\/div>\n\t\t<div class=\"elementor-element elementor-element-671b92f e-flex e-con-boxed e-con e-parent\" data-id=\"671b92f\" data-element_type=\"container\" data-e-type=\"container\" data-settings=\"{&quot;background_background&quot;:&quot;classic&quot;,&quot;background_motion_fx_motion_fx_mouse&quot;:&quot;yes&quot;,&quot;background_motion_fx_mouseTrack_effect&quot;:&quot;yes&quot;,&quot;background_motion_fx_mouseTrack_speed&quot;:{&quot;unit&quot;:&quot;px&quot;,&quot;size&quot;:0.2,&quot;sizes&quot;:[]}}\">\n\t\t\t\t\t<div class=\"e-con-inner\">\n\t\t<div class=\"elementor-element elementor-element-325a3f1 e-con-full e-flex e-con e-parent\" data-id=\"325a3f1\" data-element_type=\"container\" data-e-type=\"container\">\n\t\t\t\t<div class=\"elementor-element elementor-element-a4a687e elementor-widget-mobile__width-inherit elementor-widget elementor-widget-image-box\" data-id=\"a4a687e\" data-element_type=\"widget\" data-e-type=\"widget\" data-widget_type=\"image-box.default\">\n\t\t\t\t<div class=\"elementor-widget-container\">\n\t\t\t\t\t<div class=\"elementor-image-box-wrapper\"><div class=\"elementor-image-box-content\"><h3 class=\"elementor-image-box-title\">Cipalam<\/h3><p class=\"elementor-image-box-description\">\u00a1Del instituto para el<br>\n<span> mundo!<\/span><\/p><\/div><\/div>\t\t\t\t<\/div>\n\t\t\t\t<\/div>\n\t\t\t\t<div class=\"elementor-element elementor-element-2349816 conteudo elementor-widget elementor-widget-text-editor\" data-id=\"2349816\" data-element_type=\"widget\" data-e-type=\"widget\" data-widget_type=\"text-editor.default\">\n\t\t\t\t<div class=\"elementor-widget-container\">\n\t\t\t\t\t\t\t\t\t<p>El rol del instituto no es solamente acoger ni\u00f1os en vulnerabilidad social, sino que tambi\u00e9n prepararlos para la vida laboral. Est\u00e1 en los planes la creaci\u00f3n de una clase en el SENAI, con m\u00e1s o menos 20 alumnos que, al terminar el curso, ser\u00e1n efectivados en <strong>Cipalam<\/strong>. Esta es solamente una de las ideas del brazo social que va a crecer y dar m\u00e1s orgullo a la familia Cipalam.<\/p><p><strong>Es nuestra familia cuidando a la suya.<\/strong><\/p>\t\t\t\t\t\t\t\t<\/div>\n\t\t\t\t<\/div>\n\t\t\t\t<\/div>\n\t\t<div class=\"elementor-element elementor-element-e6ca5ac e-con-full e-flex e-con e-parent\" data-id=\"e6ca5ac\" data-element_type=\"container\" data-e-type=\"container\">\n\t\t\t\t<div class=\"elementor-element elementor-element-54b24b2 elementor-testimonial--align-left carrossel-depoimentos elementor-testimonial--skin-default elementor-testimonial--layout-image_inline elementor-arrows-yes elementor-widget elementor-widget-testimonial-carousel\" data-id=\"54b24b2\" data-element_type=\"widget\" data-e-type=\"widget\" data-settings=\"{&quot;slides_per_view_mobile&quot;:&quot;1&quot;,&quot;slides_per_view_tablet&quot;:&quot;1&quot;,&quot;show_arrows&quot;:&quot;yes&quot;,&quot;speed&quot;:500,&quot;loop&quot;:&quot;yes&quot;,&quot;space_between&quot;:{&quot;unit&quot;:&quot;px&quot;,&quot;size&quot;:10,&quot;sizes&quot;:[]},&quot;space_between_laptop&quot;:{&quot;unit&quot;:&quot;px&quot;,&quot;size&quot;:10,&quot;sizes&quot;:[]},&quot;space_between_tablet&quot;:{&quot;unit&quot;:&quot;px&quot;,&quot;size&quot;:10,&quot;sizes&quot;:[]},&quot;space_between_mobile&quot;:{&quot;unit&quot;:&quot;px&quot;,&quot;size&quot;:10,&quot;sizes&quot;:[]}}\" data-widget_type=\"testimonial-carousel.default\">\n\t\t\t\t<div class=\"elementor-widget-container\">\n\t\t\t\t\t\t\t\t\t<div class=\"elementor-swiper\">\n\t\t\t\t\t<div class=\"elementor-main-swiper swiper\" role=\"region\" aria-roledescription=\"carousel\" aria-label=\"Slides\">\n\t\t\t\t<div class=\"swiper-wrapper\">\n\t\t\t\t\t\t\t\t\t\t\t<div class=\"swiper-slide\" role=\"group\" aria-roledescription=\"slide\">\n\t\t\t\t\t\t\t\t\t<div class=\"elementor-testimonial\">\n\t\t\t\t\t\t\t<div class=\"elementor-testimonial__content\">\n\t\t\t\t\t<div class=\"elementor-testimonial__text\">\n\t\t\t\t\t\t\u201cDesde nuestra perspectiva de padres, este proyecto es muy importante para nosotros y a\u00fan m\u00e1s importante para la educaci\u00f3n de nuestro hijo. Ya lleva un tiempo en el proyecto. Y nos ha ayudado a moldear, incluso, el car\u00e1cter personal de Sebasti\u00e1n. El proyecto es de fundamental importancia para ocupar su tiempo libre con aprendizaje en diferentes \u00e1reas, aparte del yudo que es un deporte fenomenal. Adem\u00e1s de ser indispensable para nuestra comunidad, ocupa el tiempo de ni\u00f1os que podr\u00edan estar en las calles, siendo influenciados por malas compa\u00f1\u00edas. Somos sospechosos al hablar del instituto pues aparte del cari\u00f1o por el proyecto, tenemos tambi\u00e9n cari\u00f1o por los colaboradores que siempre nos asisten con mucho cari\u00f1o y respeto. El proyecto de Cipalam es parte de nuestro d\u00eda a d\u00eda y esperamos que siga siendo por mucho tiempo.\u201d \t\t\t\t\t<\/div>\n\t\t\t\t\t\t\t\t\t<\/div>\n\t\t\t\t\t\t<div class=\"elementor-testimonial__footer\">\n\t\t\t\t\t\t\t\t\t<div class=\"elementor-testimonial__image\">\n\t\t\t\t\t\t<img decoding=\"async\" src=\"https:\/\/cipalam.com.br\/wp-content\/uploads\/2022\/08\/cipalam-guy.png\" alt=\"Daniely y Sebasti\u00e3o, padres de Sebasti\u00e1n\">\n\t\t\t\t\t\t\t\t\t\t\t<\/div>\n\t\t\t\t\t\t\t\t<cite class=\"elementor-testimonial__cite\"><span class=\"elementor-testimonial__name\">Daniely y Sebasti\u00e3o, padres de Sebasti\u00e1n<\/span><span class=\"elementor-testimonial__title\">frecuenta el Instituto desde 2014<\/span><\/cite>\t\t\t<\/div>\n\t\t<\/div>\n\t\t\t\t\t\t\t\t<\/div>\n\t\t\t\t\t\t\t\t\t\t\t<div class=\"swiper-slide\" role=\"group\" aria-roledescription=\"slide\">\n\t\t\t\t\t\t\t\t\t<div class=\"elementor-testimonial\">\n\t\t\t\t\t\t\t<div class=\"elementor-testimonial__content\">\n\t\t\t\t\t<div class=\"elementor-testimonial__text\">\n\t\t\t\t\t\t\u201cTengo orgullo de que me inviten a hablar sobre el proyecto. Bibi, como llaman a mi hijo las \u2018t\u00edas\u2019 del instituto, cambi\u00f3 su vida: empez\u00f3 a ser m\u00e1s ordenado, comprometido y responsable con todo. Ha aprendido a respetar las reglas. Ser parte el proyecto era un sue\u00f1o. Los temas que se trabajan son incre\u00edbles. Mi hijo estuvo en el instituto por cuatro a\u00f1os y desgraciadamente tuvimos que dejarlo porque nos mudamos de all\u00ed. El Instituto Raimundo An\u00edcio es maravilloso. Tiene como base ayudar en la formaci\u00f3n de ciudadanos, hombres y mujeres mejores. Mi agradecimiento, en especial, a una mujer espectacular: Cleide Andrade, que lleva el proyecto dentro de su coraz\u00f3n, dando lo mejor de si para que todo ocurra de la mejor manera posible.\u201d\t\t\t\t\t<\/div>\n\t\t\t\t\t\t\t\t\t<\/div>\n\t\t\t\t\t\t<div class=\"elementor-testimonial__footer\">\n\t\t\t\t\t\t\t\t\t<div class=\"elementor-testimonial__image\">\n\t\t\t\t\t\t<img decoding=\"async\" src=\"https:\/\/cipalam.com.br\/wp-content\/uploads\/2022\/08\/persona.jpg\" alt=\"Fabiana, madre de Gabriel\">\n\t\t\t\t\t\t\t\t\t\t\t<\/div>\n\t\t\t\t\t\t\t\t<cite class=\"elementor-testimonial__cite\"><span class=\"elementor-testimonial__name\">Fabiana, madre de Gabriel<\/span><span class=\"elementor-testimonial__title\">estuvo en el instituto de 2017 a 2020<\/span><\/cite>\t\t\t<\/div>\n\t\t<\/div>\n\t\t\t\t\t\t\t\t<\/div>\n\t\t\t\t\t\t\t\t\t<\/div>\n\t\t\t\t\t\t\t\t\t\t\t\t\t\t\t<div class=\"elementor-swiper-button elementor-swiper-button-prev\" role=\"button\" tabindex=\"0\" aria-label=\"Previous\">\n\t\t\t\t\t\t\t<i aria-hidden=\"true\" class=\"eicon-chevron-left\"><\/i>\t\t\t\t\t\t<\/div>\n\t\t\t\t\t\t<div class=\"elementor-swiper-button elementor-swiper-button-next\" role=\"button\" tabindex=\"0\" aria-label=\"Next\">\n\t\t\t\t\t\t\t<i aria-hidden=\"true\" class=\"eicon-chevron-right\"><\/i>\t\t\t\t\t\t<\/div>\n\t\t\t\t\t\t\t\t\t\t\t\t\t\t\t\t\t<\/div>\n\t\t\t\t<\/div>\n\t\t\t\t\t\t\t\t<\/div>\n\t\t\t\t<\/div>\n\t\t\t\t<\/div>\n\t\t\t\t\t<\/div>\n\t\t\t\t<\/div>\n\t\t\t\t<\/div>\n\t\t","protected":false},"excerpt":{"rendered":"<p>Calidad Instituto Cipalam Cipalam mantiene, desde abril de 2008, un proyecto social que asiste a la comunidad de alrededor de las dos unidades \u2013 en el barrio Igua\u00e7u, en Ipatinga y en Santana do Para\u00edso. El instituto lleva el nombre del patriarca de la familia \u2013 Sr. Raimundo An\u00edcio Alves, fundador de Cipalam \u2013 y [&hellip;]<\/p>\n","protected":false},"author":1,"featured_media":0,"parent":0,"menu_order":0,"comment_status":"closed","ping_status":"closed","template":"","meta":{"_acf_changed":false,"site-sidebar-layout":"no-sidebar","site-content-layout":"page-builder","ast-site-content-layout":"default","site-content-style":"default","site-sidebar-style":"default","ast-global-header-display":"","ast-banner-title-visibility":"","ast-main-header-display":"","ast-hfb-above-header-display":"","ast-hfb-below-header-display":"","ast-hfb-mobile-header-display":"","site-post-title":"disabled","ast-breadcrumbs-content":"","ast-featured-img":"disabled","footer-sml-layout":"","ast-disable-related-posts":"","theme-transparent-header-meta":"default","adv-header-id-meta":"","stick-header-meta":"","header-above-stick-meta":"","header-main-stick-meta":"","header-below-stick-meta":"","astra-migrate-meta-layouts":"default","ast-page-background-enabled":"default","ast-page-background-meta":{"desktop":{"background-color":"var(--ast-global-color-4)","background-image":"","background-repeat":"repeat","background-position":"center center","background-size":"auto","background-attachment":"scroll","background-type":"","background-media":"","overlay-type":"","overlay-color":"","overlay-opacity":"","overlay-gradient":""},"tablet":{"background-color":"","background-image":"","background-repeat":"repeat","background-position":"center center","background-size":"auto","background-attachment":"scroll","background-type":"","background-media":"","overlay-type":"","overlay-color":"","overlay-opacity":"","overlay-gradient":""},"mobile":{"background-color":"","background-image":"","background-repeat":"repeat","background-position":"center center","background-size":"auto","background-attachment":"scroll","background-type":"","background-media":"","overlay-type":"","overlay-color":"","overlay-opacity":"","overlay-gradient":""}},"ast-content-background-meta":{"desktop":{"background-color":"var(--ast-global-color-5)","background-image":"","background-repeat":"repeat","background-position":"center center","background-size":"auto","background-attachment":"scroll","background-type":"","background-media":"","overlay-type":"","overlay-color":"","overlay-opacity":"","overlay-gradient":""},"tablet":{"background-color":"var(--ast-global-color-5)","background-image":"","background-repeat":"repeat","background-position":"center center","background-size":"auto","background-attachment":"scroll","background-type":"","background-media":"","overlay-type":"","overlay-color":"","overlay-opacity":"","overlay-gradient":""},"mobile":{"background-color":"var(--ast-global-color-5)","background-image":"","background-repeat":"repeat","background-position":"center center","background-size":"auto","background-attachment":"scroll","background-type":"","background-media":"","overlay-type":"","overlay-color":"","overlay-opacity":"","overlay-gradient":""}},"footnotes":""},"class_list":["post-1908","page","type-page","status-publish","hentry"],"acf":[],"_links":{"self":[{"href":"https:\/\/cipalam.com.br\/es\/wp-json\/wp\/v2\/pages\/1908","targetHints":{"allow":["GET"]}}],"collection":[{"href":"https:\/\/cipalam.com.br\/es\/wp-json\/wp\/v2\/pages"}],"about":[{"href":"https:\/\/cipalam.com.br\/es\/wp-json\/wp\/v2\/types\/page"}],"author":[{"embeddable":true,"href":"https:\/\/cipalam.com.br\/es\/wp-json\/wp\/v2\/users\/1"}],"replies":[{"embeddable":true,"href":"https:\/\/cipalam.com.br\/es\/wp-json\/wp\/v2\/comments?post=1908"}],"version-history":[{"count":0,"href":"https:\/\/cipalam.com.br\/es\/wp-json\/wp\/v2\/pages\/1908\/revisions"}],"wp:attachment":[{"href":"https:\/\/cipalam.com.br\/es\/wp-json\/wp\/v2\/media?parent=1908"}],"curies":[{"name":"wp","href":"https:\/\/api.w.org\/{rel}","templated":true}]}}