{"id":1876,"date":"2022-08-29T20:00:57","date_gmt":"2022-08-29T23:00:57","guid":{"rendered":"https:\/\/cipalam.com.br\/trabalhe-conosco\/"},"modified":"2022-09-26T14:28:10","modified_gmt":"2022-09-26T14:28:10","slug":"carrera","status":"publish","type":"page","link":"https:\/\/cipalam.com.br\/es\/carrera\/","title":{"rendered":"Carrera"},"content":{"rendered":"\t\t<div data-elementor-type=\"wp-page\" data-elementor-id=\"1876\" class=\"elementor elementor-1876 elementor-1429\" data-elementor-post-type=\"page\">\n\t\t\t\t<div class=\"elementor-element elementor-element-fc8674a e-con-full e-flex e-con e-parent\" data-id=\"fc8674a\" data-element_type=\"container\" data-e-type=\"container\" data-settings=\"{&quot;background_background&quot;:&quot;classic&quot;}\">\n\t\t<div class=\"elementor-element elementor-element-0d6dbff e-con-full e-flex e-con e-parent\" data-id=\"0d6dbff\" data-element_type=\"container\" data-e-type=\"container\">\n\t\t\t\t<div class=\"elementor-element elementor-element-6078d92 elementor-widget__width-initial elementor-widget elementor-widget-image-box\" data-id=\"6078d92\" data-element_type=\"widget\" data-e-type=\"widget\" data-widget_type=\"image-box.default\">\n\t\t\t\t<div class=\"elementor-widget-container\">\n\t\t\t\t\t<div class=\"elementor-image-box-wrapper\"><div class=\"elementor-image-box-content\"><h3 class=\"elementor-image-box-title\">Carrera<\/h3><p class=\"elementor-image-box-description\">\u00bfPor qu\u00e9 trabajar en <span>Cipalam?<\/span><\/p><\/div><\/div>\t\t\t\t<\/div>\n\t\t\t\t<\/div>\n\t\t\t\t<div class=\"elementor-element elementor-element-9ac9f1e conteudo elementor-widget__width-initial elementor-widget elementor-widget-text-editor\" data-id=\"9ac9f1e\" data-element_type=\"widget\" data-e-type=\"widget\" data-widget_type=\"text-editor.default\">\n\t\t\t\t<div class=\"elementor-widget-container\">\n\t\t\t\t\t\t\t\t\t<p>Empresa familiar, reconocidamente id\u00f3nea y enfocada en ofrecer a los clientes las mejores soluciones en acero, <strong>Cipalam<\/strong> tiene orgullo de la valoraci\u00f3n de los colaboradores. Muchos empezaron haciendo pr\u00e1cticas y hoy ocupan cargos de liderazgo y gesti\u00f3n. Tenemos pr\u00e1cticas de gesti\u00f3n de personas en ciclos de evaluaci\u00f3n de desempe\u00f1o y pesquisa de clima \u2013 con excelente \u00edndice de favorabilidad.<\/p><p>Y la cuesti\u00f3n familiar no se restringe al hecho de que <strong>Cipalam<\/strong> sigue perpetuando bajo las miradas atentas y dedicaci\u00f3n extrema de los hijos y nietos del fundador, Sr. Raimundo An\u00edcio Alves. Cipalam tambi\u00e9n es reconocida por generar orgullo en sus colaboradores, haciendo con que ellos tambi\u00e9n quieran que sus hijos y nietos trabajen en la empresa.<\/p><p>Ciclos familiares como el del Sr. Jos\u00e9 Martins, que se jubil\u00f3 trabajando en la l\u00ednea de producci\u00f3n de <strong>Cipalam<\/strong>, pero no sin antes incentivar y ver a sus dos hijos siguiendo el mismo camino. Carlos Alberto fue el primero. Complet\u00f3 10 a\u00f1os en la empresa en 2022. Ivanil, el menor, lleva seis a\u00f1os, en dos pasos por la empresa.<\/p><p><em>\u201cMi padre fue muy feliz aqu\u00ed. Trabaj\u00f3 durante 25 a\u00f1os en Cipalam y siempre dec\u00eda que era una empresa muy buena que tambi\u00e9n quer\u00eda que trabaj\u00e1semos aqu\u00ed.\u201d Cuenta Carlos Alberto. \u201cTenemos mucho orgullo de trabajar en Cipalam. El equipo es muy bueno, somos unidos. Somos muy felices aqu\u00ed.\u201d A\u00f1ade Ivanil.<\/em><\/p>\t\t\t\t\t\t\t\t<\/div>\n\t\t\t\t<\/div>\n\t\t\t\t<\/div>\n\t\t<div class=\"elementor-element elementor-element-fc084c0 e-con-full e-flex e-con e-parent\" data-id=\"fc084c0\" data-element_type=\"container\" data-e-type=\"container\">\n\t\t\t\t<div class=\"elementor-element elementor-element-575e106 elementor-widget elementor-widget-image\" data-id=\"575e106\" data-element_type=\"widget\" data-e-type=\"widget\" data-widget_type=\"image.default\">\n\t\t\t\t<div class=\"elementor-widget-container\">\n\t\t\t\t\t\t\t\t\t\t\t\t\t\t\t<img fetchpriority=\"high\" decoding=\"async\" width=\"931\" height=\"625\" src=\"https:\/\/cipalam.com.br\/wp-content\/uploads\/2022\/08\/img7.png\" class=\"attachment-full size-full wp-image-1795\" alt=\"\" srcset=\"https:\/\/cipalam.com.br\/wp-content\/uploads\/2022\/08\/img7.png 931w, https:\/\/cipalam.com.br\/wp-content\/uploads\/2022\/08\/img7-600x403.png 600w, https:\/\/cipalam.com.br\/wp-content\/uploads\/2022\/08\/img7-300x201.png 300w, https:\/\/cipalam.com.br\/wp-content\/uploads\/2022\/08\/img7-768x516.png 768w\" sizes=\"(max-width: 931px) 100vw, 931px\" \/>\t\t\t\t\t\t\t\t\t\t\t\t\t\t\t<\/div>\n\t\t\t\t<\/div>\n\t\t\t\t<\/div>\n\t\t\t\t<\/div>\n\t\t<div class=\"elementor-element elementor-element-5a62571 e-con-full e-flex e-con e-parent\" data-id=\"5a62571\" data-element_type=\"container\" data-e-type=\"container\" data-settings=\"{&quot;background_background&quot;:&quot;classic&quot;}\">\n\t\t<div class=\"elementor-element elementor-element-22b72db e-con-full e-flex e-con e-parent\" data-id=\"22b72db\" data-element_type=\"container\" data-e-type=\"container\">\n\t\t\t\t<div class=\"elementor-element elementor-element-eb25fec conteudo elementor-widget__width-initial elementor-widget elementor-widget-text-editor\" data-id=\"eb25fec\" data-element_type=\"widget\" data-e-type=\"widget\" data-widget_type=\"text-editor.default\">\n\t\t\t\t<div class=\"elementor-widget-container\">\n\t\t\t\t\t\t\t\t\t<p>Los dos son un\u00e1nimes en destacar la valoraci\u00f3n profesional y el clima de amistad y compa\u00f1erismo entre los colaboradores, haciendo con que el trabajo rinda m\u00e1s.<\/p><p><em>\u201cUno siempre suple la ausencia de otro, sea en la hora de la comida o de la merienda. Como la empresa no pueda parar, no dejamos que se pare. Uno ayudando al otro, dando nuestro mejor, para retribuir lo que Cipalam hace por nosotros, Aqu\u00ed somos amigos\u201d, resalta Carlos Alberto.<\/em><\/p><p>Un grado de satisfacci\u00f3n semejante al de Lilian Lopes Moreira, que ha completado dos d\u00e9cadas trabajando en <strong>Cipalam<\/strong>. Cuando estudiante de contabilidad, empez\u00f3 su carrera haciendo pr\u00e1cticas y desde entonces fue testigo de varias evoluciones y del desarrollo de la empresa. Fue estudiante en pr\u00e1cticas, asistenta, analista y contadora. Asumi\u00f3 el financiero, acompa\u00f1\u00f3 las transiciones, la entrada de la gobernanza corporativa y hoy es responsable de la contralor\u00eda.<\/p><p><em>\u201cLa empresa fue creciendo, los desaf\u00edos aparecieron y logr\u00e9 acompa\u00f1ar estos 20 a\u00f1os. Para m\u00ed, es una empresa de oportunidades. Cipalam sigue creciendo. El desafio ahora es acompa\u00f1ar la progresi\u00f3n y los proyectos de la empresa, hacer las proyecciones de viabilidad de los negocios\u201d, resalt\u00f3 Lilian.<\/em><\/p><p>Ella tambi\u00e9n tiene una relaci\u00f3n de cari\u00f1o con la empresa. Al fin y al cabo, fue en el comedor de <strong>Cipalam<\/strong> donde conoci\u00f3 a su marido, que trabajaba en la l\u00ednea de producci\u00f3n.<\/p><p><em>\u00abNo se me olvida, cuando estaba construyendo mi casa, el Sr. Geraldo \u00c9der (en aquella \u00e9poca presidente) sacaba media hora de su d\u00eda, nos mont\u00e1bamos en el coche e \u00edbamos a visitar a mi obra. Ten\u00eda una preocupaci\u00f3n, un cari\u00f1o\u2026\u201d recuerda Lilian.<\/em><\/p><p>Historias que corroboran el orgullo que los colaboradores tienen de llevar el nombre <strong>Cipalam<\/strong> en el pecho.<\/p>\t\t\t\t\t\t\t\t<\/div>\n\t\t\t\t<\/div>\n\t\t\t\t<\/div>\n\t\t<div class=\"elementor-element elementor-element-d128b72 e-con-full e-flex e-con e-parent\" data-id=\"d128b72\" data-element_type=\"container\" data-e-type=\"container\">\n\t\t\t\t<div class=\"elementor-element elementor-element-bef4090 elementor-widget elementor-widget-image\" data-id=\"bef4090\" data-element_type=\"widget\" data-e-type=\"widget\" data-widget_type=\"image.default\">\n\t\t\t\t<div class=\"elementor-widget-container\">\n\t\t\t\t\t\t\t\t\t\t\t\t\t\t\t<img decoding=\"async\" width=\"945\" height=\"577\" src=\"https:\/\/cipalam.com.br\/wp-content\/uploads\/2022\/08\/bg2.png\" class=\"attachment-full size-full wp-image-1786\" alt=\"\" srcset=\"https:\/\/cipalam.com.br\/wp-content\/uploads\/2022\/08\/bg2.png 945w, https:\/\/cipalam.com.br\/wp-content\/uploads\/2022\/08\/bg2-600x366.png 600w, https:\/\/cipalam.com.br\/wp-content\/uploads\/2022\/08\/bg2-300x183.png 300w, https:\/\/cipalam.com.br\/wp-content\/uploads\/2022\/08\/bg2-768x469.png 768w\" sizes=\"(max-width: 945px) 100vw, 945px\" \/>\t\t\t\t\t\t\t\t\t\t\t\t\t\t\t<\/div>\n\t\t\t\t<\/div>\n\t\t\t\t<\/div>\n\t\t\t\t<\/div>\n\t\t<div class=\"elementor-element elementor-element-7ea2dd3 e-flex e-con-boxed e-con e-parent\" data-id=\"7ea2dd3\" data-element_type=\"container\" data-e-type=\"container\" data-settings=\"{&quot;background_background&quot;:&quot;classic&quot;}\">\n\t\t\t\t\t<div class=\"e-con-inner\">\n\t\t<div class=\"elementor-element elementor-element-19e4649 e-con-full e-flex e-con e-parent\" data-id=\"19e4649\" data-element_type=\"container\" data-e-type=\"container\" data-settings=\"{&quot;background_background&quot;:&quot;classic&quot;}\">\n\t\t\t\t<div class=\"elementor-element elementor-element-ae32f3a elementor-widget__width-initial elementor-widget elementor-widget-image-box\" data-id=\"ae32f3a\" data-element_type=\"widget\" data-e-type=\"widget\" data-widget_type=\"image-box.default\">\n\t\t\t\t<div class=\"elementor-widget-container\">\n\t\t\t\t\t<div class=\"elementor-image-box-wrapper\"><div class=\"elementor-image-box-content\"><p class=\"elementor-image-box-description\">Trabajo descentralizado<\/p><\/div><\/div>\t\t\t\t<\/div>\n\t\t\t\t<\/div>\n\t\t\t\t<div class=\"elementor-element elementor-element-c8edab5 elementor-widget elementor-widget-text-editor\" data-id=\"c8edab5\" data-element_type=\"widget\" data-e-type=\"widget\" data-widget_type=\"text-editor.default\">\n\t\t\t\t<div class=\"elementor-widget-container\">\n\t\t\t\t\t\t\t\t\t<p><strong>Cipalam<\/strong> es una empresa que se enorgullece, tambi\u00e9n del hecho de contratar moradores de las comunidades vecinas a las dos unidades \u2013 en Ipatinga y en Santana do Para\u00edso. Sin embargo, con la pandemia provocada por el COVID-19, as\u00ed como muchas empresas instituimos el home office para muchos sectores.<\/p><p>Eso nos brind\u00f3 la oportunidad de buscar a profesionales en diversas partes del pa\u00eds, especialmente en partes comerciales y estrat\u00e9gicas. Actualmente contamos con varios colaboradores en varios estados brasile\u00f1os.<\/p>\t\t\t\t\t\t\t\t<\/div>\n\t\t\t\t<\/div>\n\t\t\t\t<\/div>\n\t\t<div class=\"elementor-element elementor-element-c668302 e-con-full e-flex e-con e-parent\" data-id=\"c668302\" data-element_type=\"container\" data-e-type=\"container\">\n\t\t\t\t<\/div>\n\t\t\t\t\t<\/div>\n\t\t\t\t<\/div>\n\t\t<div class=\"elementor-element elementor-element-ed6fae6 e-flex e-con-boxed e-con e-parent\" data-id=\"ed6fae6\" data-element_type=\"container\" data-e-type=\"container\" data-settings=\"{&quot;background_background&quot;:&quot;classic&quot;}\">\n\t\t\t\t\t<div class=\"e-con-inner\">\n\t\t<div class=\"elementor-element elementor-element-54855a0 e-flex e-con-boxed e-con e-parent\" data-id=\"54855a0\" data-element_type=\"container\" data-e-type=\"container\">\n\t\t\t\t\t<div class=\"e-con-inner\">\n\t\t<div class=\"elementor-element elementor-element-07674b7 e-flex e-con-boxed e-con e-parent\" data-id=\"07674b7\" data-element_type=\"container\" data-e-type=\"container\">\n\t\t\t\t\t<div class=\"e-con-inner\">\n\t\t\t\t<div class=\"elementor-element elementor-element-263b7ee elementor-widget__width-initial elementor-widget elementor-widget-image-box\" data-id=\"263b7ee\" data-element_type=\"widget\" data-e-type=\"widget\" data-widget_type=\"image-box.default\">\n\t\t\t\t<div class=\"elementor-widget-container\">\n\t\t\t\t\t<div class=\"elementor-image-box-wrapper\"><div class=\"elementor-image-box-content\"><p class=\"elementor-image-box-description\">M\u00e1s <span> informaciones<\/span><\/p><\/div><\/div>\t\t\t\t<\/div>\n\t\t\t\t<\/div>\n\t\t\t\t<div class=\"elementor-element elementor-element-baa0a33 conteudo elementor-widget elementor-widget-text-editor\" data-id=\"baa0a33\" data-element_type=\"widget\" data-e-type=\"widget\" data-widget_type=\"text-editor.default\">\n\t\t\t\t<div class=\"elementor-widget-container\">\n\t\t\t\t\t\t\t\t\t<p><strong>\u00bfPor qu\u00e9 trabajar en Cipalam?<\/strong><\/p><p>Estamos comprometidos con la mejora continua de nuestros servicios y productos. Tambi\u00e9n con procesos internos de la empresa, invirtiendo en nuestros colaboradores, en equipos y en tecnolog\u00eda.<\/p><p>En <strong>Cipalam<\/strong>, valoramos mucho el trabajo en equipo, la seguridad, la innovaci\u00f3n y la sostenibilidad. Nuestros colaboradores son fomentados a crear, tienen libertad para opinar y oportunidad para sugerir. Nos gusta o\u00edr lo que tienen a decir.<\/p><p><strong>\u00a1Haga parte de esta historia!<\/strong><\/p><p>Registre su curr\u00edculo aqu\u00ed y le mantendremos a par de las oportunidades que corresponden a sus intereses.<\/p>\t\t\t\t\t\t\t\t<\/div>\n\t\t\t\t<\/div>\n\t\t\t\t<div class=\"elementor-element elementor-element-1a0494d elementor-mobile-align-left elementor-widget elementor-widget-button\" data-id=\"1a0494d\" data-element_type=\"widget\" data-e-type=\"widget\" data-widget_type=\"button.default\">\n\t\t\t\t<div class=\"elementor-widget-container\">\n\t\t\t\t\t\t\t\t\t<div class=\"elementor-button-wrapper\">\n\t\t\t\t\t<a class=\"elementor-button elementor-button-link elementor-size-xs elementor-animation-grow\" href=\"http:\/\/sistema.ucn.com.br\/1\/mtc\/E37205-334\" target=\"_blank\" rel=\"noopener\">\n\t\t\t\t\t\t<span class=\"elementor-button-content-wrapper\">\n\t\t\t\t\t\t\t\t\t<span class=\"elementor-button-text\">Registre su curr\u00edculum \u2014<\/span>\n\t\t\t\t\t<\/span>\n\t\t\t\t\t<\/a>\n\t\t\t\t<\/div>\n\t\t\t\t\t\t\t\t<\/div>\n\t\t\t\t<\/div>\n\t\t\t\t\t<\/div>\n\t\t\t\t<\/div>\n\t\t<div class=\"elementor-element elementor-element-a298e87 e-flex e-con-boxed e-con e-parent\" data-id=\"a298e87\" data-element_type=\"container\" data-e-type=\"container\">\n\t\t\t\t\t<div class=\"e-con-inner\">\n\t\t\t\t<div class=\"elementor-element elementor-element-2dfab86 elementor-widget elementor-widget-image\" data-id=\"2dfab86\" data-element_type=\"widget\" data-e-type=\"widget\" data-widget_type=\"image.default\">\n\t\t\t\t<div class=\"elementor-widget-container\">\n\t\t\t\t\t\t\t\t\t\t\t\t\t\t\t<img decoding=\"async\" width=\"559\" height=\"435\" src=\"https:\/\/cipalam.com.br\/wp-content\/uploads\/2022\/08\/img8.png\" class=\"attachment-large size-large wp-image-1798\" alt=\"\" srcset=\"https:\/\/cipalam.com.br\/wp-content\/uploads\/2022\/08\/img8.png 559w, https:\/\/cipalam.com.br\/wp-content\/uploads\/2022\/08\/img8-300x233.png 300w\" sizes=\"(max-width: 559px) 100vw, 559px\" \/>\t\t\t\t\t\t\t\t\t\t\t\t\t\t\t<\/div>\n\t\t\t\t<\/div>\n\t\t\t\t\t<\/div>\n\t\t\t\t<\/div>\n\t\t\t\t\t<\/div>\n\t\t\t\t<\/div>\n\t\t\t\t\t<\/div>\n\t\t\t\t<\/div>\n\t\t\t\t<\/div>\n\t\t","protected":false},"excerpt":{"rendered":"<p>Carrera \u00bfPor qu\u00e9 trabajar en Cipalam? Empresa familiar, reconocidamente id\u00f3nea y enfocada en ofrecer a los clientes las mejores soluciones en acero, Cipalam tiene orgullo de la valoraci\u00f3n de los colaboradores. Muchos empezaron haciendo pr\u00e1cticas y hoy ocupan cargos de liderazgo y gesti\u00f3n. Tenemos pr\u00e1cticas de gesti\u00f3n de personas en ciclos de evaluaci\u00f3n de desempe\u00f1o [&hellip;]<\/p>\n","protected":false},"author":2,"featured_media":0,"parent":0,"menu_order":0,"comment_status":"closed","ping_status":"closed","template":"","meta":{"_acf_changed":false,"site-sidebar-layout":"no-sidebar","site-content-layout":"page-builder","ast-site-content-layout":"default","site-content-style":"default","site-sidebar-style":"default","ast-global-header-display":"","ast-banner-title-visibility":"","ast-main-header-display":"","ast-hfb-above-header-display":"","ast-hfb-below-header-display":"","ast-hfb-mobile-header-display":"","site-post-title":"disabled","ast-breadcrumbs-content":"","ast-featured-img":"disabled","footer-sml-layout":"","ast-disable-related-posts":"","theme-transparent-header-meta":"default","adv-header-id-meta":"","stick-header-meta":"","header-above-stick-meta":"","header-main-stick-meta":"","header-below-stick-meta":"","astra-migrate-meta-layouts":"default","ast-page-background-enabled":"default","ast-page-background-meta":{"desktop":{"background-color":"var(--ast-global-color-4)","background-image":"","background-repeat":"repeat","background-position":"center center","background-size":"auto","background-attachment":"scroll","background-type":"","background-media":"","overlay-type":"","overlay-color":"","overlay-opacity":"","overlay-gradient":""},"tablet":{"background-color":"","background-image":"","background-repeat":"repeat","background-position":"center center","background-size":"auto","background-attachment":"scroll","background-type":"","background-media":"","overlay-type":"","overlay-color":"","overlay-opacity":"","overlay-gradient":""},"mobile":{"background-color":"","background-image":"","background-repeat":"repeat","background-position":"center center","background-size":"auto","background-attachment":"scroll","background-type":"","background-media":"","overlay-type":"","overlay-color":"","overlay-opacity":"","overlay-gradient":""}},"ast-content-background-meta":{"desktop":{"background-color":"var(--ast-global-color-5)","background-image":"","background-repeat":"repeat","background-position":"center center","background-size":"auto","background-attachment":"scroll","background-type":"","background-media":"","overlay-type":"","overlay-color":"","overlay-opacity":"","overlay-gradient":""},"tablet":{"background-color":"var(--ast-global-color-5)","background-image":"","background-repeat":"repeat","background-position":"center center","background-size":"auto","background-attachment":"scroll","background-type":"","background-media":"","overlay-type":"","overlay-color":"","overlay-opacity":"","overlay-gradient":""},"mobile":{"background-color":"var(--ast-global-color-5)","background-image":"","background-repeat":"repeat","background-position":"center center","background-size":"auto","background-attachment":"scroll","background-type":"","background-media":"","overlay-type":"","overlay-color":"","overlay-opacity":"","overlay-gradient":""}},"footnotes":""},"class_list":["post-1876","page","type-page","status-publish","hentry"],"acf":[],"_links":{"self":[{"href":"https:\/\/cipalam.com.br\/es\/wp-json\/wp\/v2\/pages\/1876","targetHints":{"allow":["GET"]}}],"collection":[{"href":"https:\/\/cipalam.com.br\/es\/wp-json\/wp\/v2\/pages"}],"about":[{"href":"https:\/\/cipalam.com.br\/es\/wp-json\/wp\/v2\/types\/page"}],"author":[{"embeddable":true,"href":"https:\/\/cipalam.com.br\/es\/wp-json\/wp\/v2\/users\/2"}],"replies":[{"embeddable":true,"href":"https:\/\/cipalam.com.br\/es\/wp-json\/wp\/v2\/comments?post=1876"}],"version-history":[{"count":0,"href":"https:\/\/cipalam.com.br\/es\/wp-json\/wp\/v2\/pages\/1876\/revisions"}],"wp:attachment":[{"href":"https:\/\/cipalam.com.br\/es\/wp-json\/wp\/v2\/media?parent=1876"}],"curies":[{"name":"wp","href":"https:\/\/api.w.org\/{rel}","templated":true}]}}