{"id":1860,"date":"2022-08-29T19:49:17","date_gmt":"2022-08-29T22:49:17","guid":{"rendered":"https:\/\/cipalam.com.br\/politica-de-gestao-integrada\/"},"modified":"2022-09-26T14:16:07","modified_gmt":"2022-09-26T14:16:07","slug":"politica-de-gestion-integrada","status":"publish","type":"page","link":"https:\/\/cipalam.com.br\/es\/politica-de-gestion-integrada\/","title":{"rendered":"Pol\u00edtica de Gesti\u00f3n Integrada"},"content":{"rendered":"\t\t<div data-elementor-type=\"wp-page\" data-elementor-id=\"1860\" class=\"elementor elementor-1860\" data-elementor-post-type=\"page\">\n\t\t\t\t<div class=\"elementor-element elementor-element-6e685ab e-con-full e-flex e-con e-parent\" data-id=\"6e685ab\" data-element_type=\"container\" data-e-type=\"container\" data-settings=\"{&quot;background_background&quot;:&quot;classic&quot;}\">\n\t\t<div class=\"elementor-element elementor-element-e8d059d e-con-full e-flex e-con e-parent\" data-id=\"e8d059d\" data-element_type=\"container\" data-e-type=\"container\">\n\t\t\t\t<div class=\"elementor-element elementor-element-bafd327 elementor-widget__width-initial elementor-widget elementor-widget-image-box\" data-id=\"bafd327\" data-element_type=\"widget\" data-e-type=\"widget\" data-widget_type=\"image-box.default\">\n\t\t\t\t<div class=\"elementor-widget-container\">\n\t\t\t\t\t<div class=\"elementor-image-box-wrapper\"><div class=\"elementor-image-box-content\"><h3 class=\"elementor-image-box-title\">Pol\u00edticas<\/h3><p class=\"elementor-image-box-description\">Pol\u00edtica de gesti\u00f3n <span>Integrada<\/span><\/p><\/div><\/div>\t\t\t\t<\/div>\n\t\t\t\t<\/div>\n\t\t\t\t<div class=\"elementor-element elementor-element-b581d9c conteudo elementor-widget__width-initial elementor-widget elementor-widget-text-editor\" data-id=\"b581d9c\" data-element_type=\"widget\" data-e-type=\"widget\" data-widget_type=\"text-editor.default\">\n\t\t\t\t<div class=\"elementor-widget-container\">\n\t\t\t\t\t\t\t\t\t<p><strong>Cipalam<\/strong> tiene como objetivo difundir la cultura de excelencia en los trabajos, garantizando la calidad los procesos y productos. La sostenibilidad ambiental, el compromiso social y la satisfacci\u00f3n de las partes interesadas pautadas por los valores y directrices de gobernanza.<\/p><p>La concretizaci\u00f3n de las directrices se dar\u00e1 a partir de los siguientes compromisos:<\/p><ul><li>Asegurar que se cumplan todos los requisitos y normativas vigentes, bien como las practicas contables y tributarias previstas legalmente. Tener una gesti\u00f3n de riesgos y controles debe ser la premisa de una gobernanza adecuada;<\/li><li>Garantizar la ejecuci\u00f3n y trabajar con base en la innovaci\u00f3n y mejora continua de las practicas que implican fabricaci\u00f3n y\/o servicios, medioambiente y gobernanza;<\/li><li>Fuerza de trabajo competente, diversificada, satisfecha y consciente de su rol en la preservaci\u00f3n ambiental, en el mantenimiento de los valores organizacionales y en la convivencia \u00e9tica;<\/li><li>Asegurar la gesti\u00f3n eficiente de recursos, con el fin de contribuir para la preservaci\u00f3n ambiental, la excelencia de los productos y servicios suministrados externamente, garantizando la sostenibilidad del negocio;<\/li><li>Identificar y evaluar los aspectos ambientales, actuando de manera preventiva sobre los impactos significativos adversos;<\/li><li>Garantizar que en las relaciones establecidas en su ambiente de negocio no ocurra ninguna distinci\u00f3n por cuestiones de raza, religi\u00f3n, orientaci\u00f3n sexual o cualquier otra condici\u00f3n humana, aparte de contribuir para que tales cuestiones sean minimizadas en la sociedad;<\/li><li>Compromiso con la comunidad y su entorno, fomentando una relaci\u00f3n y canales capaces de establecer una comunicaci\u00f3n eficiente. Facilitar, a trav\u00e9s de sus negocios, el desarrollo social de la comunidad y regi\u00f3n.<\/li><\/ul>\t\t\t\t\t\t\t\t<\/div>\n\t\t\t\t<\/div>\n\t\t\t\t<\/div>\n\t\t<div class=\"elementor-element elementor-element-8e6b770 e-con-full e-flex e-con e-parent\" data-id=\"8e6b770\" data-element_type=\"container\" data-e-type=\"container\">\n\t\t\t\t<div class=\"elementor-element elementor-element-8f7a5b6 elementor-widget elementor-widget-image\" data-id=\"8f7a5b6\" data-element_type=\"widget\" data-e-type=\"widget\" data-widget_type=\"image.default\">\n\t\t\t\t<div class=\"elementor-widget-container\">\n\t\t\t\t\t\t\t\t\t\t\t\t\t\t\t<img fetchpriority=\"high\" decoding=\"async\" width=\"931\" height=\"714\" src=\"https:\/\/cipalam.com.br\/wp-content\/uploads\/2022\/09\/img5.png\" class=\"attachment-full size-full wp-image-2729\" alt=\"\" srcset=\"https:\/\/cipalam.com.br\/wp-content\/uploads\/2022\/09\/img5.png 931w, https:\/\/cipalam.com.br\/wp-content\/uploads\/2022\/09\/img5-600x460.png 600w, https:\/\/cipalam.com.br\/wp-content\/uploads\/2022\/09\/img5-300x230.png 300w, https:\/\/cipalam.com.br\/wp-content\/uploads\/2022\/09\/img5-768x589.png 768w\" sizes=\"(max-width: 931px) 100vw, 931px\" \/>\t\t\t\t\t\t\t\t\t\t\t\t\t\t\t<\/div>\n\t\t\t\t<\/div>\n\t\t\t\t<\/div>\n\t\t\t\t<\/div>\n\t\t\t\t<\/div>\n\t\t","protected":false},"excerpt":{"rendered":"<p>Pol\u00edticas Pol\u00edtica de gesti\u00f3n Integrada Cipalam tiene como objetivo difundir la cultura de excelencia en los trabajos, garantizando la calidad los procesos y productos. La sostenibilidad ambiental, el compromiso social y la satisfacci\u00f3n de las partes interesadas pautadas por los valores y directrices de gobernanza. La concretizaci\u00f3n de las directrices se dar\u00e1 a partir de [&hellip;]<\/p>\n","protected":false},"author":2,"featured_media":0,"parent":0,"menu_order":0,"comment_status":"closed","ping_status":"closed","template":"","meta":{"_acf_changed":false,"site-sidebar-layout":"no-sidebar","site-content-layout":"page-builder","ast-site-content-layout":"default","site-content-style":"default","site-sidebar-style":"default","ast-global-header-display":"","ast-banner-title-visibility":"","ast-main-header-display":"","ast-hfb-above-header-display":"","ast-hfb-below-header-display":"","ast-hfb-mobile-header-display":"","site-post-title":"disabled","ast-breadcrumbs-content":"","ast-featured-img":"disabled","footer-sml-layout":"","ast-disable-related-posts":"","theme-transparent-header-meta":"default","adv-header-id-meta":"","stick-header-meta":"","header-above-stick-meta":"","header-main-stick-meta":"","header-below-stick-meta":"","astra-migrate-meta-layouts":"default","ast-page-background-enabled":"default","ast-page-background-meta":{"desktop":{"background-color":"var(--ast-global-color-4)","background-image":"","background-repeat":"repeat","background-position":"center center","background-size":"auto","background-attachment":"scroll","background-type":"","background-media":"","overlay-type":"","overlay-color":"","overlay-opacity":"","overlay-gradient":""},"tablet":{"background-color":"","background-image":"","background-repeat":"repeat","background-position":"center center","background-size":"auto","background-attachment":"scroll","background-type":"","background-media":"","overlay-type":"","overlay-color":"","overlay-opacity":"","overlay-gradient":""},"mobile":{"background-color":"","background-image":"","background-repeat":"repeat","background-position":"center center","background-size":"auto","background-attachment":"scroll","background-type":"","background-media":"","overlay-type":"","overlay-color":"","overlay-opacity":"","overlay-gradient":""}},"ast-content-background-meta":{"desktop":{"background-color":"var(--ast-global-color-5)","background-image":"","background-repeat":"repeat","background-position":"center center","background-size":"auto","background-attachment":"scroll","background-type":"","background-media":"","overlay-type":"","overlay-color":"","overlay-opacity":"","overlay-gradient":""},"tablet":{"background-color":"var(--ast-global-color-5)","background-image":"","background-repeat":"repeat","background-position":"center center","background-size":"auto","background-attachment":"scroll","background-type":"","background-media":"","overlay-type":"","overlay-color":"","overlay-opacity":"","overlay-gradient":""},"mobile":{"background-color":"var(--ast-global-color-5)","background-image":"","background-repeat":"repeat","background-position":"center center","background-size":"auto","background-attachment":"scroll","background-type":"","background-media":"","overlay-type":"","overlay-color":"","overlay-opacity":"","overlay-gradient":""}},"footnotes":""},"class_list":["post-1860","page","type-page","status-publish","hentry"],"acf":[],"_links":{"self":[{"href":"https:\/\/cipalam.com.br\/es\/wp-json\/wp\/v2\/pages\/1860","targetHints":{"allow":["GET"]}}],"collection":[{"href":"https:\/\/cipalam.com.br\/es\/wp-json\/wp\/v2\/pages"}],"about":[{"href":"https:\/\/cipalam.com.br\/es\/wp-json\/wp\/v2\/types\/page"}],"author":[{"embeddable":true,"href":"https:\/\/cipalam.com.br\/es\/wp-json\/wp\/v2\/users\/2"}],"replies":[{"embeddable":true,"href":"https:\/\/cipalam.com.br\/es\/wp-json\/wp\/v2\/comments?post=1860"}],"version-history":[{"count":0,"href":"https:\/\/cipalam.com.br\/es\/wp-json\/wp\/v2\/pages\/1860\/revisions"}],"wp:attachment":[{"href":"https:\/\/cipalam.com.br\/es\/wp-json\/wp\/v2\/media?parent=1860"}],"curies":[{"name":"wp","href":"https:\/\/api.w.org\/{rel}","templated":true}]}}