{"id":1849,"date":"2022-08-29T12:41:43","date_gmt":"2022-08-29T15:41:43","guid":{"rendered":"https:\/\/cipalam.com.br\/mapa\/"},"modified":"2022-09-26T12:48:55","modified_gmt":"2022-09-26T12:48:55","slug":"mapa-de-actividades","status":"publish","type":"page","link":"https:\/\/cipalam.com.br\/es\/mapa-de-actividades\/","title":{"rendered":"Mapa de actividades"},"content":{"rendered":"\t\t<div data-elementor-type=\"wp-page\" data-elementor-id=\"1849\" class=\"elementor elementor-1849 elementor-1293\" data-elementor-post-type=\"page\">\n\t\t\t\t<div class=\"elementor-element elementor-element-9f1f888 e-flex e-con-boxed e-con e-parent\" data-id=\"9f1f888\" data-element_type=\"container\" data-e-type=\"container\" data-settings=\"{&quot;background_background&quot;:&quot;classic&quot;}\">\n\t\t\t\t\t<div class=\"e-con-inner\">\n\t\t<div class=\"elementor-element elementor-element-86c4d98 e-con-full e-flex e-con e-parent\" data-id=\"86c4d98\" data-element_type=\"container\" data-e-type=\"container\">\n\t\t\t\t<div class=\"elementor-element elementor-element-fb3254d elementor-widget-mobile__width-inherit elementor-widget elementor-widget-image-box\" data-id=\"fb3254d\" data-element_type=\"widget\" data-e-type=\"widget\" data-widget_type=\"image-box.default\">\n\t\t\t\t<div class=\"elementor-widget-container\">\n\t\t\t\t\t<div class=\"elementor-image-box-wrapper\"><div class=\"elementor-image-box-content\"><h3 class=\"elementor-image-box-title\">Mapa de acci\u00f3n<\/h3><p class=\"elementor-image-box-description\">Actuaci\u00f3n <span>comercial<\/span><\/p><\/div><\/div>\t\t\t\t<\/div>\n\t\t\t\t<\/div>\n\t\t\t\t<div class=\"elementor-element elementor-element-7eeb750 elementor-widget elementor-widget-text-editor\" data-id=\"7eeb750\" data-element_type=\"widget\" data-e-type=\"widget\" data-widget_type=\"text-editor.default\">\n\t\t\t\t<div class=\"elementor-widget-container\">\n\t\t\t\t\t\t\t\t\t<p><strong>Cipalam<\/strong> es una empresa de soluciones en acero que act\u00faa en el mercado de perfiles largos y ligeros. Ofrecemos una variada gama de productos sider\u00fargicos: barras y perfiles <strong>laminados (perfiles \u00e1ngulos, planchuelas, barra cuadrada y redonda)<\/strong>, tubos de acero de carbono soldados <strong>(redondos, cuadrados y rectangulares)<\/strong> y briquetas (agregados de acero aplicados en la producci\u00f3n de arrabio).<\/p><p>El acero de <strong>Cipalam<\/strong> tiene una caracter\u00edstica que lo difiere del mercado y agrada a muchos clientes: es el que posee el menor peso linear del mercado, vendido a partir de una tonelada. \u00bfQu\u00e9 gana usted con eso? Seguramente tendr\u00e1 m\u00e1s barras para vender.<\/p><p>Tenemos representatividad en todas las regiones del pa\u00eds. Una capilaridad gigantesca, que garantiza que pueda tener acceso a nuestros productos independente de d\u00f3nde est\u00e9, debido al alto nivel de nuestro servicio de atenci\u00f3n a los clientes. Atenci\u00f3n que viene siendo ampliada con la apertura de nuestra primera tienda minorista, en S\u00e3o Paulo, para reforzar nuestro objetivo de ser la soluci\u00f3n en acero para el mercado.<\/p><p>Nuestros productos pueden ser comprados por clientes de <strong>cualquier parte de Brasil<\/strong> y en el exterior \u2013 nuestra gama es vendida para Paraguay. Directamente junto a nuestra fabrica o por intermedio de nuestros representantes comerciales, que se encuentran por todo territorio nacional. Un trabajo siempre basado en un acuerdo de confianza, buscando la satisfacci\u00f3n de nuestro cliente.<\/p><p>Busque el <strong>Representante comercial m\u00e1s cercano<\/strong> en el mapa y <strong>comun\u00edquese <\/strong>o <strong>env\u00ede un correo electr\u00f3nico<\/strong> con su solicitud y nosotros nos pondremos en contacto.<\/p><p>\u00bfQu\u00e9 necesita? \u00a1Cont\u00e1ctenos, <strong>Cipalam<\/strong> quiere ayudarle!<\/p>\t\t\t\t\t\t\t\t<\/div>\n\t\t\t\t<\/div>\n\t\t\t\t<\/div>\n\t\t<div class=\"elementor-element elementor-element-c50de5b e-con-full e-flex e-con e-parent\" data-id=\"c50de5b\" data-element_type=\"container\" data-e-type=\"container\">\n\t\t\t\t<div class=\"elementor-element elementor-element-b44a4f2 elementor-widget elementor-widget-shortcode\" data-id=\"b44a4f2\" data-element_type=\"widget\" data-e-type=\"widget\" data-widget_type=\"shortcode.default\">\n\t\t\t\t<div class=\"elementor-widget-container\">\n\t\t\t\t\t\t\t<div class=\"elementor-shortcode\">Map not found, please check \"id\" parameter in your shortcode.<\/div>\n\t\t\t\t\t\t<\/div>\n\t\t\t\t<\/div>\n\t\t\t\t<\/div>\n\t\t\t\t\t<\/div>\n\t\t\t\t<\/div>\n\t\t\t\t<\/div>\n\t\t","protected":false},"excerpt":{"rendered":"<p>Mapa de acci\u00f3n Actuaci\u00f3n comercial Cipalam es una empresa de soluciones en acero que act\u00faa en el mercado de perfiles largos y ligeros. Ofrecemos una variada gama de productos sider\u00fargicos: barras y perfiles laminados (perfiles \u00e1ngulos, planchuelas, barra cuadrada y redonda), tubos de acero de carbono soldados (redondos, cuadrados y rectangulares) y briquetas (agregados de [&hellip;]<\/p>\n","protected":false},"author":1,"featured_media":0,"parent":0,"menu_order":0,"comment_status":"closed","ping_status":"closed","template":"","meta":{"_acf_changed":false,"site-sidebar-layout":"no-sidebar","site-content-layout":"page-builder","ast-site-content-layout":"default","site-content-style":"default","site-sidebar-style":"default","ast-global-header-display":"","ast-banner-title-visibility":"","ast-main-header-display":"","ast-hfb-above-header-display":"","ast-hfb-below-header-display":"","ast-hfb-mobile-header-display":"","site-post-title":"disabled","ast-breadcrumbs-content":"","ast-featured-img":"disabled","footer-sml-layout":"","ast-disable-related-posts":"","theme-transparent-header-meta":"default","adv-header-id-meta":"","stick-header-meta":"","header-above-stick-meta":"","header-main-stick-meta":"","header-below-stick-meta":"","astra-migrate-meta-layouts":"default","ast-page-background-enabled":"default","ast-page-background-meta":{"desktop":{"background-color":"var(--ast-global-color-4)","background-image":"","background-repeat":"repeat","background-position":"center center","background-size":"auto","background-attachment":"scroll","background-type":"","background-media":"","overlay-type":"","overlay-color":"","overlay-opacity":"","overlay-gradient":""},"tablet":{"background-color":"","background-image":"","background-repeat":"repeat","background-position":"center center","background-size":"auto","background-attachment":"scroll","background-type":"","background-media":"","overlay-type":"","overlay-color":"","overlay-opacity":"","overlay-gradient":""},"mobile":{"background-color":"","background-image":"","background-repeat":"repeat","background-position":"center center","background-size":"auto","background-attachment":"scroll","background-type":"","background-media":"","overlay-type":"","overlay-color":"","overlay-opacity":"","overlay-gradient":""}},"ast-content-background-meta":{"desktop":{"background-color":"var(--ast-global-color-5)","background-image":"","background-repeat":"repeat","background-position":"center center","background-size":"auto","background-attachment":"scroll","background-type":"","background-media":"","overlay-type":"","overlay-color":"","overlay-opacity":"","overlay-gradient":""},"tablet":{"background-color":"var(--ast-global-color-5)","background-image":"","background-repeat":"repeat","background-position":"center center","background-size":"auto","background-attachment":"scroll","background-type":"","background-media":"","overlay-type":"","overlay-color":"","overlay-opacity":"","overlay-gradient":""},"mobile":{"background-color":"var(--ast-global-color-5)","background-image":"","background-repeat":"repeat","background-position":"center center","background-size":"auto","background-attachment":"scroll","background-type":"","background-media":"","overlay-type":"","overlay-color":"","overlay-opacity":"","overlay-gradient":""}},"footnotes":""},"class_list":["post-1849","page","type-page","status-publish","hentry"],"acf":[],"_links":{"self":[{"href":"https:\/\/cipalam.com.br\/es\/wp-json\/wp\/v2\/pages\/1849","targetHints":{"allow":["GET"]}}],"collection":[{"href":"https:\/\/cipalam.com.br\/es\/wp-json\/wp\/v2\/pages"}],"about":[{"href":"https:\/\/cipalam.com.br\/es\/wp-json\/wp\/v2\/types\/page"}],"author":[{"embeddable":true,"href":"https:\/\/cipalam.com.br\/es\/wp-json\/wp\/v2\/users\/1"}],"replies":[{"embeddable":true,"href":"https:\/\/cipalam.com.br\/es\/wp-json\/wp\/v2\/comments?post=1849"}],"version-history":[{"count":0,"href":"https:\/\/cipalam.com.br\/es\/wp-json\/wp\/v2\/pages\/1849\/revisions"}],"wp:attachment":[{"href":"https:\/\/cipalam.com.br\/es\/wp-json\/wp\/v2\/media?parent=1849"}],"curies":[{"name":"wp","href":"https:\/\/api.w.org\/{rel}","templated":true}]}}