{"id":1834,"date":"2022-08-29T18:53:13","date_gmt":"2022-08-29T21:53:13","guid":{"rendered":"https:\/\/cipalam.com.br\/governanca-corporativa\/"},"modified":"2022-09-26T14:22:39","modified_gmt":"2022-09-26T14:22:39","slug":"gobierno-corporativo","status":"publish","type":"page","link":"https:\/\/cipalam.com.br\/es\/gobierno-corporativo\/","title":{"rendered":"Gobierno corporativo"},"content":{"rendered":"\t\t<div data-elementor-type=\"wp-page\" data-elementor-id=\"1834\" class=\"elementor elementor-1834 elementor-1368\" data-elementor-post-type=\"page\">\n\t\t\t\t<div class=\"elementor-element elementor-element-6d43a7f e-con-full e-flex e-con e-parent\" data-id=\"6d43a7f\" data-element_type=\"container\" data-e-type=\"container\" data-settings=\"{&quot;background_background&quot;:&quot;classic&quot;}\">\n\t\t<div class=\"elementor-element elementor-element-7d588d7 e-con-full e-flex e-con e-parent\" data-id=\"7d588d7\" data-element_type=\"container\" data-e-type=\"container\">\n\t\t\t\t<div class=\"elementor-element elementor-element-3dc06e5 elementor-widget__width-initial elementor-widget elementor-widget-image-box\" data-id=\"3dc06e5\" data-element_type=\"widget\" data-e-type=\"widget\" data-widget_type=\"image-box.default\">\n\t\t\t\t<div class=\"elementor-widget-container\">\n\t\t\t\t\t<div class=\"elementor-image-box-wrapper\"><div class=\"elementor-image-box-content\"><p class=\"elementor-image-box-description\">Gobernanza <span>Corporativa<\/span><\/p><\/div><\/div>\t\t\t\t<\/div>\n\t\t\t\t<\/div>\n\t\t\t\t<div class=\"elementor-element elementor-element-dfc2df3 conteudo elementor-widget__width-initial elementor-widget elementor-widget-text-editor\" data-id=\"dfc2df3\" data-element_type=\"widget\" data-e-type=\"widget\" data-widget_type=\"text-editor.default\">\n\t\t\t\t<div class=\"elementor-widget-container\">\n\t\t\t\t\t\t\t\t\t<p>La gobernanza corporativa garantiza que todas las partes involucradas en nuestro proceso est\u00e9n conformes con los intereses y objetivos de <strong>Cipalam<\/strong>, aportando, sensiblemente, para nuestro crecimiento y desarrollo sostenible, para la excelencia de nuestros productos y servicios y en el alcance de nuestra visi\u00f3n empresarial de atender al mercado de Am\u00e9rica del Sur, ofertando una gama de productos y servicios sider\u00fargicos.<\/p><p>Nuestra estructura de gobernanza corporativa, fuerte y muy bien estructurada, fue establecida para gestionar los procesos, haciendo de Cipalam una empresa cada vez m\u00e1s contin\u00faa y s\u00f3lida, integrando no solo los intereses de los accionistas y gestores como tambi\u00e9n de todos los stakeholders.<\/p><p><strong>Reglas de conducta y temas relacionados<\/strong><\/p><p>Para <strong>Cipalam<\/strong>, transparencia es fundamental, Integridad es un valor, fomentado por los socios y diseminado en toda la organizaci\u00f3n y relaciones, adem\u00e1s de ser garantizadas por las pr\u00e1cticas y aseguradas en su C\u00f3digo de Conducta. Esp\u00edritu que est\u00e1 presente en el d\u00eda a d\u00eda de la organizaci\u00f3n. Cualquier desv\u00edo que est\u00e9 desconforme con estos valores o con sus premisas definidas en este c\u00f3digo de conducta debe ser registrado y tratado por el comit\u00e9 de \u00e9tica de la empresa.<\/p><p>Nuestro <u>C\u00f3digo de Conducta<\/u> es propagado por toda la organizaci\u00f3n y de libre acceso a cualquier publico en una <u>pesta\u00f1a especifica<\/u> en la p\u00e1gina web de la empresa. <strong>Cipalam<\/strong> tambi\u00e9n cuenta con pol\u00edticas de conflicto de inter\u00e9s, de derechos humanos y anticorrupci\u00f3n que apoyan el entendimiento y la aplicaci\u00f3n del C\u00f3digo de Conducta.<\/p>\t\t\t\t\t\t\t\t<\/div>\n\t\t\t\t<\/div>\n\t\t\t\t<\/div>\n\t\t<div class=\"elementor-element elementor-element-01789fc e-con-full e-flex e-con e-parent\" data-id=\"01789fc\" data-element_type=\"container\" data-e-type=\"container\">\n\t\t\t\t<div class=\"elementor-element elementor-element-b18bd6d elementor-widget elementor-widget-image\" data-id=\"b18bd6d\" data-element_type=\"widget\" data-e-type=\"widget\" data-widget_type=\"image.default\">\n\t\t\t\t<div class=\"elementor-widget-container\">\n\t\t\t\t\t\t\t\t\t\t\t\t\t\t\t<img fetchpriority=\"high\" decoding=\"async\" width=\"931\" height=\"714\" src=\"https:\/\/cipalam.com.br\/wp-content\/uploads\/2022\/09\/img4.png\" class=\"attachment-full size-full wp-image-2726\" alt=\"\" srcset=\"https:\/\/cipalam.com.br\/wp-content\/uploads\/2022\/09\/img4.png 931w, https:\/\/cipalam.com.br\/wp-content\/uploads\/2022\/09\/img4-600x460.png 600w, https:\/\/cipalam.com.br\/wp-content\/uploads\/2022\/09\/img4-300x230.png 300w, https:\/\/cipalam.com.br\/wp-content\/uploads\/2022\/09\/img4-768x589.png 768w\" sizes=\"(max-width: 931px) 100vw, 931px\" \/>\t\t\t\t\t\t\t\t\t\t\t\t\t\t\t<\/div>\n\t\t\t\t<\/div>\n\t\t\t\t<\/div>\n\t\t\t\t<\/div>\n\t\t<div class=\"elementor-element elementor-element-ad92c87 e-flex e-con-boxed e-con e-parent\" data-id=\"ad92c87\" data-element_type=\"container\" data-e-type=\"container\">\n\t\t\t\t\t<div class=\"e-con-inner\">\n\t\t<div class=\"elementor-element elementor-element-5fc835a e-flex e-con-boxed e-con e-parent\" data-id=\"5fc835a\" data-element_type=\"container\" data-e-type=\"container\" data-settings=\"{&quot;background_background&quot;:&quot;classic&quot;}\">\n\t\t\t\t\t<div class=\"e-con-inner\">\n\t\t<div class=\"elementor-element elementor-element-29c9adb e-con-full e-flex e-con e-parent\" data-id=\"29c9adb\" data-element_type=\"container\" data-e-type=\"container\">\n\t\t\t\t<div class=\"elementor-element elementor-element-9e4df3d elementor-position-left elementor-widget__width-initial elementor-widget-tablet__width-initial elementor-vertical-align-middle elementor-widget elementor-widget-image-box\" data-id=\"9e4df3d\" data-element_type=\"widget\" data-e-type=\"widget\" data-widget_type=\"image-box.default\">\n\t\t\t\t<div class=\"elementor-widget-container\">\n\t\t\t\t\t<div class=\"elementor-image-box-wrapper\"><figure class=\"elementor-image-box-img\"><img decoding=\"async\" width=\"40\" height=\"40\" src=\"https:\/\/cipalam.com.br\/wp-content\/uploads\/2022\/08\/Menu-1.svg\" class=\"attachment-full size-full wp-image-829\" alt=\"\" \/><\/figure><div class=\"elementor-image-box-content\"><h3 class=\"elementor-image-box-title\">Canal de<\/h3><p class=\"elementor-image-box-description\">Denuncia<\/p><\/div><\/div>\t\t\t\t<\/div>\n\t\t\t\t<\/div>\n\t\t\t\t<div class=\"elementor-element elementor-element-c25a62e elementor-widget-mobile__width-inherit elementor-widget__width-inherit elementor-widget elementor-widget-heading\" data-id=\"c25a62e\" data-element_type=\"widget\" data-e-type=\"widget\" data-widget_type=\"heading.default\">\n\t\t\t\t<div class=\"elementor-widget-container\">\n\t\t\t\t\t<div class=\"elementor-heading-title elementor-size-default\"><a href=\"https:\/\/cipalam.com.br\/es\/denuncias\/\">Cipalam cuenta con un canal de denuncias gerenciado por una empresa especialista tercerizada, lo que asegura la confidencialidad y atenci\u00f3n adecuada de todas las denuncias registradas. <\/a><\/div>\t\t\t\t<\/div>\n\t\t\t\t<\/div>\n\t\t\t\t<\/div>\n\t\t\t\t\t<\/div>\n\t\t\t\t<\/div>\n\t\t\t\t\t<\/div>\n\t\t\t\t<\/div>\n\t\t<div class=\"elementor-element elementor-element-ddef1ab e-con-full e-flex e-con e-parent\" data-id=\"ddef1ab\" data-element_type=\"container\" data-e-type=\"container\" data-settings=\"{&quot;background_background&quot;:&quot;classic&quot;}\">\n\t\t<div class=\"elementor-element elementor-element-1b83100 e-con-full e-flex e-con e-parent\" data-id=\"1b83100\" data-element_type=\"container\" data-e-type=\"container\">\n\t\t\t\t<div class=\"elementor-element elementor-element-20e82bc elementor-widget__width-initial elementor-widget elementor-widget-image-box\" data-id=\"20e82bc\" data-element_type=\"widget\" data-e-type=\"widget\" data-widget_type=\"image-box.default\">\n\t\t\t\t<div class=\"elementor-widget-container\">\n\t\t\t\t\t<div class=\"elementor-image-box-wrapper\"><div class=\"elementor-image-box-content\"><p class=\"elementor-image-box-description\">Estructura de <span>Gobernanza<\/span><\/p><\/div><\/div>\t\t\t\t<\/div>\n\t\t\t\t<\/div>\n\t\t\t\t<div class=\"elementor-element elementor-element-a5013f3 conteudo elementor-widget__width-initial elementor-widget elementor-widget-text-editor\" data-id=\"a5013f3\" data-element_type=\"widget\" data-e-type=\"widget\" data-widget_type=\"text-editor.default\">\n\t\t\t\t<div class=\"elementor-widget-container\">\n\t\t\t\t\t\t\t\t\t<p>Estructurada a desde el 2011, bajo la orientaci\u00f3n de la <u>Fundaci\u00f3n Dom Cabral (FDC)<\/u>, la gobernanza de <strong>Cipalam<\/strong> est\u00e1 basada en las mejore pr\u00e1cticas del mercado. El objetivo de la empresa fue crear una estructura capaz de propagar los principios de transparencia, equidad y responsabilidad corporativa. Est\u00e1 compuesta por los Consejos de Familia, de Socios y de administradores, que est\u00e1n a pleno funcionamiento.<\/p><p>En 2021, Cipalam estableci\u00f3 frentes de comando y decisi\u00f3n por tem\u00e1ticas especificas:<\/p><ul><li>Definici\u00f3n del encargado de protecci\u00f3n de datos, asegurando la debida tratativa a los requisitos de la Ley General de Protecci\u00f3n de datos (LGPD);<\/li><li>Formaci\u00f3n de un comit\u00e9 LGPD, que se re\u00fane peri\u00f3dicamente y asegura el monitoreo del programa, bien como la adecuaci\u00f3n de Cipalam a los requisitos legales de la ley;<\/li><li>Constitucion de una estructura especifica para gerenciar y tratar el tema ASG. Vinculada directamente al CEO, va a garantizar que Cipalam avance en el tema y tambi\u00e9n en las tratativas de sostenibilidad.<\/li><\/ul>\t\t\t\t\t\t\t\t<\/div>\n\t\t\t\t<\/div>\n\t\t\t\t<\/div>\n\t\t<div class=\"elementor-element elementor-element-61e5a1c e-con-full e-flex e-con e-parent\" data-id=\"61e5a1c\" data-element_type=\"container\" data-e-type=\"container\" data-settings=\"{&quot;background_background&quot;:&quot;classic&quot;}\">\n\t\t<div class=\"elementor-element elementor-element-1f4a01b e-flex e-con-boxed e-con e-parent\" data-id=\"1f4a01b\" data-element_type=\"container\" data-e-type=\"container\">\n\t\t\t\t\t<div class=\"e-con-inner\">\n\t\t\t\t<div class=\"elementor-element elementor-element-7f8a1e0 elementor-widget__width-initial elementor-position-top elementor-widget elementor-widget-image-box\" data-id=\"7f8a1e0\" data-element_type=\"widget\" data-e-type=\"widget\" data-widget_type=\"image-box.default\">\n\t\t\t\t<div class=\"elementor-widget-container\">\n\t\t\t\t\t<div class=\"elementor-image-box-wrapper\"><figure class=\"elementor-image-box-img\"><img decoding=\"async\" width=\"65\" height=\"65\" src=\"https:\/\/cipalam.com.br\/wp-content\/uploads\/2022\/08\/1.png\" class=\"attachment-full size-full wp-image-1373\" alt=\"\" \/><\/figure><div class=\"elementor-image-box-content\"><p class=\"elementor-image-box-description\">Consejo de Administraci\u00f3n<\/p><\/div><\/div>\t\t\t\t<\/div>\n\t\t\t\t<\/div>\n\t\t\t\t<div class=\"elementor-element elementor-element-3ba4a2b elementor-widget__width-initial elementor-position-top elementor-widget elementor-widget-image-box\" data-id=\"3ba4a2b\" data-element_type=\"widget\" data-e-type=\"widget\" data-widget_type=\"image-box.default\">\n\t\t\t\t<div class=\"elementor-widget-container\">\n\t\t\t\t\t<div class=\"elementor-image-box-wrapper\"><figure class=\"elementor-image-box-img\"><img loading=\"lazy\" decoding=\"async\" width=\"65\" height=\"65\" src=\"https:\/\/cipalam.com.br\/wp-content\/uploads\/2022\/08\/2.png\" class=\"attachment-full size-full wp-image-1374\" alt=\"\" \/><\/figure><div class=\"elementor-image-box-content\"><p class=\"elementor-image-box-description\">CEO - Edilar Luciano<\/p><\/div><\/div>\t\t\t\t<\/div>\n\t\t\t\t<\/div>\n\t\t\t\t<div class=\"elementor-element elementor-element-b5c0ade elementor-widget__width-initial elementor-position-top elementor-widget elementor-widget-image-box\" data-id=\"b5c0ade\" data-element_type=\"widget\" data-e-type=\"widget\" data-widget_type=\"image-box.default\">\n\t\t\t\t<div class=\"elementor-widget-container\">\n\t\t\t\t\t<div class=\"elementor-image-box-wrapper\"><figure class=\"elementor-image-box-img\"><img loading=\"lazy\" decoding=\"async\" width=\"65\" height=\"65\" src=\"https:\/\/cipalam.com.br\/wp-content\/uploads\/2022\/08\/3.png\" class=\"attachment-full size-full wp-image-1375\" alt=\"\" \/><\/figure><div class=\"elementor-image-box-content\"><p class=\"elementor-image-box-description\">Desarrollo organizacional<\/p><\/div><\/div>\t\t\t\t<\/div>\n\t\t\t\t<\/div>\n\t\t\t\t<div class=\"elementor-element elementor-element-bf5c039 elementor-widget__width-initial elementor-position-top elementor-widget elementor-widget-image-box\" data-id=\"bf5c039\" data-element_type=\"widget\" data-e-type=\"widget\" data-widget_type=\"image-box.default\">\n\t\t\t\t<div class=\"elementor-widget-container\">\n\t\t\t\t\t<div class=\"elementor-image-box-wrapper\"><figure class=\"elementor-image-box-img\"><img loading=\"lazy\" decoding=\"async\" width=\"65\" height=\"65\" src=\"https:\/\/cipalam.com.br\/wp-content\/uploads\/2022\/08\/4.png\" class=\"attachment-full size-full wp-image-1376\" alt=\"\" \/><\/figure><div class=\"elementor-image-box-content\"><p class=\"elementor-image-box-description\">Directoria de administraci\u00f3n financiera \u2013 Directoria comercial \u2013 Directoria industrial<\/p><\/div><\/div>\t\t\t\t<\/div>\n\t\t\t\t<\/div>\n\t\t\t\t\t<\/div>\n\t\t\t\t<\/div>\n\t\t\t\t<\/div>\n\t\t\t\t<\/div>\n\t\t<div class=\"elementor-element elementor-element-82891cd e-flex e-con-boxed e-con e-parent\" data-id=\"82891cd\" data-element_type=\"container\" data-e-type=\"container\" data-settings=\"{&quot;background_background&quot;:&quot;classic&quot;}\">\n\t\t\t\t\t<div class=\"e-con-inner\">\n\t\t<div class=\"elementor-element elementor-element-0a422f4 e-flex e-con-boxed e-con e-parent\" data-id=\"0a422f4\" data-element_type=\"container\" data-e-type=\"container\">\n\t\t\t\t\t<div class=\"e-con-inner\">\n\t\t<div class=\"elementor-element elementor-element-93aee23 e-flex e-con-boxed e-con e-parent\" data-id=\"93aee23\" data-element_type=\"container\" data-e-type=\"container\">\n\t\t\t\t\t<div class=\"e-con-inner\">\n\t\t\t\t<div class=\"elementor-element elementor-element-384e434 elementor-widget__width-initial elementor-widget elementor-widget-image-box\" data-id=\"384e434\" data-element_type=\"widget\" data-e-type=\"widget\" data-widget_type=\"image-box.default\">\n\t\t\t\t<div class=\"elementor-widget-container\">\n\t\t\t\t\t<div class=\"elementor-image-box-wrapper\"><div class=\"elementor-image-box-content\"><h3 class=\"elementor-image-box-title\">La estructura de decisiones y mando en Cipalam se define de la siguiente manera:<\/h3><p class=\"elementor-image-box-description\">Consejo de <span>Administraci\u00f3n<\/span><\/p><\/div><\/div>\t\t\t\t<\/div>\n\t\t\t\t<\/div>\n\t\t\t\t<div class=\"elementor-element elementor-element-366e493 conteudo elementor-widget elementor-widget-text-editor\" data-id=\"366e493\" data-element_type=\"widget\" data-e-type=\"widget\" data-widget_type=\"text-editor.default\">\n\t\t\t\t<div class=\"elementor-widget-container\">\n\t\t\t\t\t\t\t\t\t<p>\u00d3rgano constituido con la participaci\u00f3n de tres consejeros independientes y dos consejeros-socios: Jos\u00e9 Edelcio Drumond Alves, presidente del consejo (socio); Geraldo \u00c9der Drumond Alves (socio): Josmar Verillo (consejero independiente); Albano Vieira (consejero independiente) y Thomas Brull (consejero independiente).<\/p><p>El consejo de administraci\u00f3n tiene como atribuci\u00f3n aconsejar la directoria, colectivamente, a respecto de varios asuntos, entre ellos:<\/p><ul><li>Velar por las creencias fundamentales, valores, imagen, concepto e integridad de la empresa delante el mercado y la sociedad;<\/li><li>Aportar para el equilibrio entre los intereses de los socios, de los gestores y de otras partes interesadas;<\/li><li>Garantizar la robustez del proceso de desarrollo de la estrategia, monitorear su ejecuci\u00f3n y evaluar la performance del negocio;<\/li><li>Proponer y acompa\u00f1ar proyectos relacionados a nuevos negocios;<\/li><li>Orientar y aprobar pol\u00edticas y criterios de constituci\u00f3n y de salida de activos que componen la cartera de inversiones;<\/li><li>Garantizar la calidad de gesti\u00f3n de la empresa;<\/li><li>Asegurar procedimientos de gesti\u00f3n de riesgos empresariales y hacer seguimiento;<\/li><li>Aprobar la estructura organizacional de la compa\u00f1\u00eda las pol\u00edticas funcionales;<\/li><li>Orientar, aprobar y monitorear los c\u00f3digos de conducta y de buenas pr\u00e1cticas de gobernanza;<\/li><li>Contratar y destituir los auditores independientes;<\/li><li>Examinar y validar recomendaciones sobre los procesos correctivos de auditoria;<\/li><li>Aprobar las demostraciones financieras preparadas por la directoria y someter los informes anuales de la administraci\u00f3n para la aprobaci\u00f3n de los socios;<\/li><li>Autorizar la prestaci\u00f3n por la compa\u00f1\u00eda de aval, fianza y otras garant\u00edas en favor de la empresa;<\/li><li>Contribuir proactivamente en la creaci\u00f3n de nuevos negocios, participaciones societarias y\/o intensificaci\u00f3n de negocios;<\/li><li>Evaluar y proponer a los socios oportunidades de realizaci\u00f3n de aquisiciones de empresas, fusiones, incorporaciones y escisiones;<\/li><li>Rendir cuentas al consejo de socios.<\/li><\/ul>\t\t\t\t\t\t\t\t<\/div>\n\t\t\t\t<\/div>\n\t\t\t\t<div class=\"elementor-element elementor-element-3ffba26 elementor-widget__width-initial elementor-widget elementor-widget-image-box\" data-id=\"3ffba26\" data-element_type=\"widget\" data-e-type=\"widget\" data-widget_type=\"image-box.default\">\n\t\t\t\t<div class=\"elementor-widget-container\">\n\t\t\t\t\t<div class=\"elementor-image-box-wrapper\"><div class=\"elementor-image-box-content\"><p class=\"elementor-image-box-description\">Directoria<\/p><\/div><\/div>\t\t\t\t<\/div>\n\t\t\t\t<\/div>\n\t\t\t\t<div class=\"elementor-element elementor-element-0e5b2e0 conteudo elementor-widget elementor-widget-text-editor\" data-id=\"0e5b2e0\" data-element_type=\"widget\" data-e-type=\"widget\" data-widget_type=\"text-editor.default\">\n\t\t\t\t<div class=\"elementor-widget-container\">\n\t\t\t\t\t\t\t\t\t<p>Es constituida por cuatro integrantes: CEO, director industrial, director comercial y director administrativo-financiero, pudiendo ellos ser socios o no \u2013 y cuyos nombres ser\u00e1n validados por el Consejo de Administraci\u00f3n. Actuando colectivamente, es responsable por la administraci\u00f3n general de la empresa, con incumbencia y prestaci\u00f3n de cuentas junto al Consejo de Administraci\u00f3n.<\/p><p>Actualmente, los ejecutivos de <strong>Cipalam<\/strong> son: Edilar Luciano Vitali Alves (CEO y socio), Marcos Moura (director industrial). Richard Schick (director comercial) y Ricardo Martinho (director administrativo-financiero).<\/p><p>El CEO es dotado de poderes y atribuciones por los resultados de la empresa. Tambi\u00e9n garantiza la representaci\u00f3n de <strong>Cipalam<\/strong> delante de cualquier \u00f3rgano gubernamental en el \u00e1mbito federal, estatal y municipal; aparte de la gesti\u00f3n de procesos, directrices y metas, garantizando la ejecuci\u00f3n y planeaci\u00f3n estrat\u00e9gica de la compa\u00f1\u00eda; gesti\u00f3n de cadena de valor, fomentando el desarrollo de la organizaci\u00f3n; garant\u00eda de procesos de oidor\u00eda y asuntos de compliance; gerenciamiento de riesgos del negocio, en alineaci\u00f3n con el consejo de administraci\u00f3n y ejecutivos, adem\u00e1s de la conducci\u00f3n de procesos de comunicaci\u00f3n y practicas corporativas, relaciones sociales e institucionales.<\/p><p>La directoria industrial es responsable por la gesti\u00f3n t\u00e9cnica de los procesos industriales de <strong>Cipalam<\/strong>, comprendiendo producci\u00f3n de barras y perfiles, tubos, briquetas y de gases, adem\u00e1s de manutenci\u00f3n y utilidades, salud y seguridad.<\/p><p>Es responsabilidad de la directoria comercial gestionar comercialmente los negocios de <strong>Cipalam<\/strong>, centrado en la comercializaci\u00f3n de los productos y coproductos, en el marketing y en la actuaci\u00f3n digital.<\/p><p>La directoria administrativa-financiera es responsable por la gesti\u00f3n administrativa, financiera y distribuci\u00f3n de productos de la empresa, teniendo como atribuciones centrales la log\u00edstica y distribuci\u00f3n de los productos <strong>Cipalam<\/strong>, adem\u00e1s de contralor\u00eda, finanzas, suplementos, PCP y TI.<\/p>\t\t\t\t\t\t\t\t<\/div>\n\t\t\t\t<\/div>\n\t\t\t\t<div class=\"elementor-element elementor-element-491dcd8 elementor-widget__width-initial elementor-widget elementor-widget-image-box\" data-id=\"491dcd8\" data-element_type=\"widget\" data-e-type=\"widget\" data-widget_type=\"image-box.default\">\n\t\t\t\t<div class=\"elementor-widget-container\">\n\t\t\t\t\t<div class=\"elementor-image-box-wrapper\"><div class=\"elementor-image-box-content\"><p class=\"elementor-image-box-description\">Comit\u00e9s<\/p><\/div><\/div>\t\t\t\t<\/div>\n\t\t\t\t<\/div>\n\t\t\t\t<div class=\"elementor-element elementor-element-84c3ceb conteudo elementor-widget elementor-widget-text-editor\" data-id=\"84c3ceb\" data-element_type=\"widget\" data-e-type=\"widget\" data-widget_type=\"text-editor.default\">\n\t\t\t\t<div class=\"elementor-widget-container\">\n\t\t\t\t\t\t\t\t\t<p><strong>Son responsables por apoyar la directoria:<\/strong><\/p><ul><li>Comit\u00e9 ASG: trabaja en la definici\u00f3n de las pol\u00edticas y practicas de sostenibilidad en la empresa y eval\u00faa los resultados de los procesos ambientales, sociales y de gobernanza. Se constituye por miembros de la directoria, liderazgo y medioambiente;<\/li><li>Comit\u00e9 de \u00c9tica: formado por miembros de la directoria, se trata de toda la demanda enviada, a trav\u00e9s del canal de denuncia, investigando e implementando acciones para asegurar el debido tratamiento a los relatos y el compromiso \u00e9tico de <strong>Cipalam<\/strong>;<\/li><li>Comit\u00e9 de gesti\u00f3n de crisis: act\u00faa en momentos que pueden comprometer la sostenibilidad y\/o la reputaci\u00f3n de la empresa, preventiva o correctivamente. Su composici\u00f3n es variada, depende del tema\/situaci\u00f3n, pudiendo involucrar miembros del consejo de administraci\u00f3n directores y liderazgos.<\/li><li>Comit\u00e9 LGPD: visa garantizar la adecuaci\u00f3n de los negocios a la Ley general de Protecci\u00f3n de Datos. Acompa\u00f1a los planes de acci\u00f3n y apoya el DPO en el rol de guardia de los datos personales de la empresa.<\/li><\/ul>\t\t\t\t\t\t\t\t<\/div>\n\t\t\t\t<\/div>\n\t\t\t\t\t<\/div>\n\t\t\t\t<\/div>\n\t\t\t\t\t<\/div>\n\t\t\t\t<\/div>\n\t\t\t\t\t<\/div>\n\t\t\t\t<\/div>\n\t\t\t\t<\/div>\n\t\t","protected":false},"excerpt":{"rendered":"<p>Gobernanza Corporativa La gobernanza corporativa garantiza que todas las partes involucradas en nuestro proceso est\u00e9n conformes con los intereses y objetivos de Cipalam, aportando, sensiblemente, para nuestro crecimiento y desarrollo sostenible, para la excelencia de nuestros productos y servicios y en el alcance de nuestra visi\u00f3n empresarial de atender al mercado de Am\u00e9rica del Sur, [&hellip;]<\/p>\n","protected":false},"author":2,"featured_media":0,"parent":0,"menu_order":0,"comment_status":"closed","ping_status":"closed","template":"","meta":{"_acf_changed":false,"site-sidebar-layout":"no-sidebar","site-content-layout":"page-builder","ast-site-content-layout":"default","site-content-style":"default","site-sidebar-style":"default","ast-global-header-display":"","ast-banner-title-visibility":"","ast-main-header-display":"","ast-hfb-above-header-display":"","ast-hfb-below-header-display":"","ast-hfb-mobile-header-display":"","site-post-title":"disabled","ast-breadcrumbs-content":"","ast-featured-img":"disabled","footer-sml-layout":"","ast-disable-related-posts":"","theme-transparent-header-meta":"default","adv-header-id-meta":"","stick-header-meta":"","header-above-stick-meta":"","header-main-stick-meta":"","header-below-stick-meta":"","astra-migrate-meta-layouts":"default","ast-page-background-enabled":"default","ast-page-background-meta":{"desktop":{"background-color":"var(--ast-global-color-4)","background-image":"","background-repeat":"repeat","background-position":"center center","background-size":"auto","background-attachment":"scroll","background-type":"","background-media":"","overlay-type":"","overlay-color":"","overlay-opacity":"","overlay-gradient":""},"tablet":{"background-color":"","background-image":"","background-repeat":"repeat","background-position":"center center","background-size":"auto","background-attachment":"scroll","background-type":"","background-media":"","overlay-type":"","overlay-color":"","overlay-opacity":"","overlay-gradient":""},"mobile":{"background-color":"","background-image":"","background-repeat":"repeat","background-position":"center center","background-size":"auto","background-attachment":"scroll","background-type":"","background-media":"","overlay-type":"","overlay-color":"","overlay-opacity":"","overlay-gradient":""}},"ast-content-background-meta":{"desktop":{"background-color":"var(--ast-global-color-5)","background-image":"","background-repeat":"repeat","background-position":"center center","background-size":"auto","background-attachment":"scroll","background-type":"","background-media":"","overlay-type":"","overlay-color":"","overlay-opacity":"","overlay-gradient":""},"tablet":{"background-color":"var(--ast-global-color-5)","background-image":"","background-repeat":"repeat","background-position":"center center","background-size":"auto","background-attachment":"scroll","background-type":"","background-media":"","overlay-type":"","overlay-color":"","overlay-opacity":"","overlay-gradient":""},"mobile":{"background-color":"var(--ast-global-color-5)","background-image":"","background-repeat":"repeat","background-position":"center center","background-size":"auto","background-attachment":"scroll","background-type":"","background-media":"","overlay-type":"","overlay-color":"","overlay-opacity":"","overlay-gradient":""}},"footnotes":""},"class_list":["post-1834","page","type-page","status-publish","hentry"],"acf":[],"_links":{"self":[{"href":"https:\/\/cipalam.com.br\/es\/wp-json\/wp\/v2\/pages\/1834","targetHints":{"allow":["GET"]}}],"collection":[{"href":"https:\/\/cipalam.com.br\/es\/wp-json\/wp\/v2\/pages"}],"about":[{"href":"https:\/\/cipalam.com.br\/es\/wp-json\/wp\/v2\/types\/page"}],"author":[{"embeddable":true,"href":"https:\/\/cipalam.com.br\/es\/wp-json\/wp\/v2\/users\/2"}],"replies":[{"embeddable":true,"href":"https:\/\/cipalam.com.br\/es\/wp-json\/wp\/v2\/comments?post=1834"}],"version-history":[{"count":0,"href":"https:\/\/cipalam.com.br\/es\/wp-json\/wp\/v2\/pages\/1834\/revisions"}],"wp:attachment":[{"href":"https:\/\/cipalam.com.br\/es\/wp-json\/wp\/v2\/media?parent=1834"}],"curies":[{"name":"wp","href":"https:\/\/api.w.org\/{rel}","templated":true}]}}