{"id":1826,"date":"2022-08-29T20:01:15","date_gmt":"2022-08-29T23:01:15","guid":{"rendered":"https:\/\/cipalam.com.br\/denuncias\/"},"modified":"2022-09-26T14:39:24","modified_gmt":"2022-09-26T14:39:24","slug":"denuncias","status":"publish","type":"page","link":"https:\/\/cipalam.com.br\/es\/denuncias\/","title":{"rendered":"Denuncias"},"content":{"rendered":"\t\t<div data-elementor-type=\"wp-page\" data-elementor-id=\"1826\" class=\"elementor elementor-1826 elementor-1431\" data-elementor-post-type=\"page\">\n\t\t\t\t<div class=\"elementor-element elementor-element-401b154 e-con-full e-flex e-con e-parent\" data-id=\"401b154\" data-element_type=\"container\" data-e-type=\"container\" data-settings=\"{&quot;background_background&quot;:&quot;classic&quot;}\">\n\t\t<div class=\"elementor-element elementor-element-776296e e-con-full e-flex e-con e-parent\" data-id=\"776296e\" data-element_type=\"container\" data-e-type=\"container\">\n\t\t\t\t<div class=\"elementor-element elementor-element-466d62e elementor-widget__width-initial elementor-widget elementor-widget-image-box\" data-id=\"466d62e\" data-element_type=\"widget\" data-e-type=\"widget\" data-widget_type=\"image-box.default\">\n\t\t\t\t<div class=\"elementor-widget-container\">\n\t\t\t\t\t<div class=\"elementor-image-box-wrapper\"><div class=\"elementor-image-box-content\"><h3 class=\"elementor-image-box-title\">Denuncias<\/h3><p class=\"elementor-image-box-description\">C\u00f3digo de Conducta <span>Cipalam<\/span><\/p><\/div><\/div>\t\t\t\t<\/div>\n\t\t\t\t<\/div>\n\t\t\t\t<div class=\"elementor-element elementor-element-9263f74 conteudo elementor-widget__width-initial elementor-widget elementor-widget-text-editor\" data-id=\"9263f74\" data-element_type=\"widget\" data-e-type=\"widget\" data-widget_type=\"text-editor.default\">\n\t\t\t\t<div class=\"elementor-widget-container\">\n\t\t\t\t\t\t\t\t\t<p>Cipalam considera importante la buena conducta y la \u00e9tica en las relaciones. Por eso, creamos nuestro C\u00f3digo de Conducta, a fin de promover el alineamiento de padrones entre accionistas, consejeros, directores, representantes y colaboradores, les estimulando a adoptar comportamientos y actitudes guiados por valores b\u00e1sicos y por un comportamiento \u00e9tico, social y constructivo en un ambiente que promueve la valorizaci\u00f3n y el respeto mutuo para cualquier parte interesada.<\/p><p>En este sentido, aparte del C\u00f3digo de Conducta, definimos tambi\u00e9n pol\u00edticas incrementales, como la Pol\u00edtica de Conflicto de Inter\u00e9s, Pol\u00edtica Anticorrupci\u00f3n y la Pol\u00edtica de Derechos Humanos para ayudar a\u00fan m\u00e1s la realizaci\u00f3n de las actividades con integridad y en los m\u00e1s elevados est\u00e1ndares de la \u00e9tica.<\/p>\t\t\t\t\t\t\t\t<\/div>\n\t\t\t\t<\/div>\n\t\t\t\t<\/div>\n\t\t<div class=\"elementor-element elementor-element-1d3c419 e-con-full e-flex e-con e-parent\" data-id=\"1d3c419\" data-element_type=\"container\" data-e-type=\"container\">\n\t\t\t\t<div class=\"elementor-element elementor-element-4f8c038 elementor-widget elementor-widget-image\" data-id=\"4f8c038\" data-element_type=\"widget\" data-e-type=\"widget\" data-widget_type=\"image.default\">\n\t\t\t\t<div class=\"elementor-widget-container\">\n\t\t\t\t\t\t\t\t\t\t\t\t\t\t\t<img fetchpriority=\"high\" decoding=\"async\" width=\"931\" height=\"625\" src=\"https:\/\/cipalam.com.br\/wp-content\/uploads\/2022\/08\/img9.png\" class=\"attachment-full size-full wp-image-1800\" alt=\"\" srcset=\"https:\/\/cipalam.com.br\/wp-content\/uploads\/2022\/08\/img9.png 931w, https:\/\/cipalam.com.br\/wp-content\/uploads\/2022\/08\/img9-600x403.png 600w, https:\/\/cipalam.com.br\/wp-content\/uploads\/2022\/08\/img9-300x201.png 300w, https:\/\/cipalam.com.br\/wp-content\/uploads\/2022\/08\/img9-768x516.png 768w\" sizes=\"(max-width: 931px) 100vw, 931px\" \/>\t\t\t\t\t\t\t\t\t\t\t\t\t\t\t<\/div>\n\t\t\t\t<\/div>\n\t\t\t\t<\/div>\n\t\t\t\t<\/div>\n\t\t<div class=\"elementor-element elementor-element-54d6989 e-flex e-con-boxed e-con e-parent\" data-id=\"54d6989\" data-element_type=\"container\" data-e-type=\"container\" data-settings=\"{&quot;background_background&quot;:&quot;classic&quot;}\">\n\t\t\t\t\t<div class=\"e-con-inner\">\n\t\t<div class=\"elementor-element elementor-element-0ac435c e-con-full e-flex e-con e-parent\" data-id=\"0ac435c\" data-element_type=\"container\" data-e-type=\"container\">\n\t\t\t\t<\/div>\n\t\t<div class=\"elementor-element elementor-element-6681756 e-con-full e-flex e-con e-parent\" data-id=\"6681756\" data-element_type=\"container\" data-e-type=\"container\" data-settings=\"{&quot;background_background&quot;:&quot;classic&quot;}\">\n\t\t\t\t<div class=\"elementor-element elementor-element-7db2169 elementor-widget__width-initial elementor-widget elementor-widget-image-box\" data-id=\"7db2169\" data-element_type=\"widget\" data-e-type=\"widget\" data-widget_type=\"image-box.default\">\n\t\t\t\t<div class=\"elementor-widget-container\">\n\t\t\t\t\t<div class=\"elementor-image-box-wrapper\"><div class=\"elementor-image-box-content\"><p class=\"elementor-image-box-description\">M\u00e1s informaci\u00f3n<\/p><\/div><\/div>\t\t\t\t<\/div>\n\t\t\t\t<\/div>\n\t\t\t\t<div class=\"elementor-element elementor-element-904c691 elementor-widget elementor-widget-text-editor\" data-id=\"904c691\" data-element_type=\"widget\" data-e-type=\"widget\" data-widget_type=\"text-editor.default\">\n\t\t\t\t<div class=\"elementor-widget-container\">\n\t\t\t\t\t\t\t\t\t<p><strong>Cipalam<\/strong> tiene el compromiso de actuar con integridad y \u00e9tica. Por eso, tiene a la disposici\u00f3n un canal de denuncia, externo y tercerizado, que es la principal v\u00eda de comunicaci\u00f3n de desv\u00edos que inflijan las directrices del <strong>C\u00f3digo de Conducta<\/strong> (C\u00f3digo de \u00e9tica) de la empresa.<\/p><p>El proceso de apuraci\u00f3n cuenta con el apoyo de un comit\u00e9 (CEO), visando garantizar mayor imparcialidad y confidencialidad en los procesos de apuraci\u00f3n.<\/p>\t\t\t\t\t\t\t\t<\/div>\n\t\t\t\t<\/div>\n\t\t\t\t<\/div>\n\t\t\t\t\t<\/div>\n\t\t\t\t<\/div>\n\t\t<div class=\"elementor-element elementor-element-12a1aa6 e-flex e-con-boxed e-con e-parent\" data-id=\"12a1aa6\" data-element_type=\"container\" data-e-type=\"container\" data-settings=\"{&quot;background_background&quot;:&quot;classic&quot;}\">\n\t\t\t\t\t<div class=\"e-con-inner\">\n\t\t<div class=\"elementor-element elementor-element-e1bb65e e-con-full e-flex e-con e-parent\" data-id=\"e1bb65e\" data-element_type=\"container\" data-e-type=\"container\">\n\t\t\t\t<div class=\"elementor-element elementor-element-296889b elementor-widget__width-initial elementor-widget elementor-widget-image-box\" data-id=\"296889b\" data-element_type=\"widget\" data-e-type=\"widget\" data-widget_type=\"image-box.default\">\n\t\t\t\t<div class=\"elementor-widget-container\">\n\t\t\t\t\t<div class=\"elementor-image-box-wrapper\"><div class=\"elementor-image-box-content\"><h3 class=\"elementor-image-box-title\">Queremos hablar contigo<\/h3><p class=\"elementor-image-box-description\">\u00bfTiene usted un reclamo o denuncia qu\u00e9 hacer?<\/p><\/div><\/div>\t\t\t\t<\/div>\n\t\t\t\t<\/div>\n\t\t\t\t<div class=\"elementor-element elementor-element-7892136 conteudo elementor-widget elementor-widget-text-editor\" data-id=\"7892136\" data-element_type=\"widget\" data-e-type=\"widget\" data-widget_type=\"text-editor.default\">\n\t\t\t\t<div class=\"elementor-widget-container\">\n\t\t\t\t\t\t\t\t\t<p>Cont\u00e1ctenos para informarnos qu\u00e9 ha pasado.<\/p>\t\t\t\t\t\t\t\t<\/div>\n\t\t\t\t<\/div>\n\t\t\t\t<div class=\"elementor-element elementor-element-f4bd994 elementor-mobile-align-left elementor-widget elementor-widget-button\" data-id=\"f4bd994\" data-element_type=\"widget\" data-e-type=\"widget\" data-widget_type=\"button.default\">\n\t\t\t\t<div class=\"elementor-widget-container\">\n\t\t\t\t\t\t\t\t\t<div class=\"elementor-button-wrapper\">\n\t\t\t\t\t<a class=\"elementor-button elementor-button-link elementor-size-md elementor-animation-grow\" href=\"https:\/\/ouvidordigital.com.br\/cipalam\/\" target=\"_blank\" rel=\"noopener\">\n\t\t\t\t\t\t<span class=\"elementor-button-content-wrapper\">\n\t\t\t\t\t\t\t\t\t<span class=\"elementor-button-text\">Haga clic aqu\u00ed \u2014<\/span>\n\t\t\t\t\t<\/span>\n\t\t\t\t\t<\/a>\n\t\t\t\t<\/div>\n\t\t\t\t\t\t\t\t<\/div>\n\t\t\t\t<\/div>\n\t\t\t\t<\/div>\n\t\t<div class=\"elementor-element elementor-element-14b48f3 e-con-full e-flex e-con e-parent\" data-id=\"14b48f3\" data-element_type=\"container\" data-e-type=\"container\">\n\t\t\t\t<div class=\"elementor-element elementor-element-4ce3815 elementor-widget elementor-widget-image\" data-id=\"4ce3815\" data-element_type=\"widget\" data-e-type=\"widget\" data-widget_type=\"image.default\">\n\t\t\t\t<div class=\"elementor-widget-container\">\n\t\t\t\t\t\t\t\t\t\t\t\t\t\t\t<img decoding=\"async\" width=\"305\" height=\"678\" src=\"https:\/\/cipalam.com.br\/wp-content\/uploads\/2022\/08\/cipalam-guy.png\" class=\"attachment-large size-large wp-image-1756\" alt=\"\" srcset=\"https:\/\/cipalam.com.br\/wp-content\/uploads\/2022\/08\/cipalam-guy.png 305w, https:\/\/cipalam.com.br\/wp-content\/uploads\/2022\/08\/cipalam-guy-135x300.png 135w\" sizes=\"(max-width: 305px) 100vw, 305px\" \/>\t\t\t\t\t\t\t\t\t\t\t\t\t\t\t<\/div>\n\t\t\t\t<\/div>\n\t\t\t\t<\/div>\n\t\t\t\t\t<\/div>\n\t\t\t\t<\/div>\n\t\t\t\t<\/div>\n\t\t","protected":false},"excerpt":{"rendered":"<p>Denuncias C\u00f3digo de Conducta Cipalam Cipalam considera importante la buena conducta y la \u00e9tica en las relaciones. Por eso, creamos nuestro C\u00f3digo de Conducta, a fin de promover el alineamiento de padrones entre accionistas, consejeros, directores, representantes y colaboradores, les estimulando a adoptar comportamientos y actitudes guiados por valores b\u00e1sicos y por un comportamiento \u00e9tico, [&hellip;]<\/p>\n","protected":false},"author":2,"featured_media":0,"parent":0,"menu_order":0,"comment_status":"closed","ping_status":"closed","template":"","meta":{"_acf_changed":false,"site-sidebar-layout":"no-sidebar","site-content-layout":"page-builder","ast-site-content-layout":"default","site-content-style":"default","site-sidebar-style":"default","ast-global-header-display":"","ast-banner-title-visibility":"","ast-main-header-display":"","ast-hfb-above-header-display":"","ast-hfb-below-header-display":"","ast-hfb-mobile-header-display":"","site-post-title":"disabled","ast-breadcrumbs-content":"","ast-featured-img":"disabled","footer-sml-layout":"","ast-disable-related-posts":"","theme-transparent-header-meta":"default","adv-header-id-meta":"","stick-header-meta":"","header-above-stick-meta":"","header-main-stick-meta":"","header-below-stick-meta":"","astra-migrate-meta-layouts":"default","ast-page-background-enabled":"default","ast-page-background-meta":{"desktop":{"background-color":"var(--ast-global-color-4)","background-image":"","background-repeat":"repeat","background-position":"center center","background-size":"auto","background-attachment":"scroll","background-type":"","background-media":"","overlay-type":"","overlay-color":"","overlay-opacity":"","overlay-gradient":""},"tablet":{"background-color":"","background-image":"","background-repeat":"repeat","background-position":"center center","background-size":"auto","background-attachment":"scroll","background-type":"","background-media":"","overlay-type":"","overlay-color":"","overlay-opacity":"","overlay-gradient":""},"mobile":{"background-color":"","background-image":"","background-repeat":"repeat","background-position":"center center","background-size":"auto","background-attachment":"scroll","background-type":"","background-media":"","overlay-type":"","overlay-color":"","overlay-opacity":"","overlay-gradient":""}},"ast-content-background-meta":{"desktop":{"background-color":"var(--ast-global-color-5)","background-image":"","background-repeat":"repeat","background-position":"center center","background-size":"auto","background-attachment":"scroll","background-type":"","background-media":"","overlay-type":"","overlay-color":"","overlay-opacity":"","overlay-gradient":""},"tablet":{"background-color":"var(--ast-global-color-5)","background-image":"","background-repeat":"repeat","background-position":"center center","background-size":"auto","background-attachment":"scroll","background-type":"","background-media":"","overlay-type":"","overlay-color":"","overlay-opacity":"","overlay-gradient":""},"mobile":{"background-color":"var(--ast-global-color-5)","background-image":"","background-repeat":"repeat","background-position":"center center","background-size":"auto","background-attachment":"scroll","background-type":"","background-media":"","overlay-type":"","overlay-color":"","overlay-opacity":"","overlay-gradient":""}},"footnotes":""},"class_list":["post-1826","page","type-page","status-publish","hentry"],"acf":[],"_links":{"self":[{"href":"https:\/\/cipalam.com.br\/es\/wp-json\/wp\/v2\/pages\/1826","targetHints":{"allow":["GET"]}}],"collection":[{"href":"https:\/\/cipalam.com.br\/es\/wp-json\/wp\/v2\/pages"}],"about":[{"href":"https:\/\/cipalam.com.br\/es\/wp-json\/wp\/v2\/types\/page"}],"author":[{"embeddable":true,"href":"https:\/\/cipalam.com.br\/es\/wp-json\/wp\/v2\/users\/2"}],"replies":[{"embeddable":true,"href":"https:\/\/cipalam.com.br\/es\/wp-json\/wp\/v2\/comments?post=1826"}],"version-history":[{"count":0,"href":"https:\/\/cipalam.com.br\/es\/wp-json\/wp\/v2\/pages\/1826\/revisions"}],"wp:attachment":[{"href":"https:\/\/cipalam.com.br\/es\/wp-json\/wp\/v2\/media?parent=1826"}],"curies":[{"name":"wp","href":"https:\/\/api.w.org\/{rel}","templated":true}]}}