{"id":1818,"date":"2022-08-29T19:48:58","date_gmt":"2022-08-29T22:48:58","guid":{"rendered":"https:\/\/cipalam.com.br\/compromisso-asg\/"},"modified":"2022-09-26T14:13:20","modified_gmt":"2022-09-26T14:13:20","slug":"compromiso-asg","status":"publish","type":"page","link":"https:\/\/cipalam.com.br\/es\/compromiso-asg\/","title":{"rendered":"Compromiso ASG"},"content":{"rendered":"\t\t<div data-elementor-type=\"wp-page\" data-elementor-id=\"1818\" class=\"elementor elementor-1818 elementor-1409\" data-elementor-post-type=\"page\">\n\t\t\t\t<div class=\"elementor-element elementor-element-a1a646d e-con-full e-flex e-con e-parent\" data-id=\"a1a646d\" data-element_type=\"container\" data-e-type=\"container\" data-settings=\"{&quot;background_background&quot;:&quot;classic&quot;}\">\n\t\t<div class=\"elementor-element elementor-element-baa0407 e-con-full e-flex e-con e-parent\" data-id=\"baa0407\" data-element_type=\"container\" data-e-type=\"container\">\n\t\t\t\t<div class=\"elementor-element elementor-element-492efea elementor-widget__width-initial elementor-widget elementor-widget-image-box\" data-id=\"492efea\" data-element_type=\"widget\" data-e-type=\"widget\" data-widget_type=\"image-box.default\">\n\t\t\t\t<div class=\"elementor-widget-container\">\n\t\t\t\t\t<div class=\"elementor-image-box-wrapper\"><div class=\"elementor-image-box-content\"><h3 class=\"elementor-image-box-title\">Sustentabilidad<\/h3><p class=\"elementor-image-box-description\">Compromiso <span>ASG<\/span><\/p><\/div><\/div>\t\t\t\t<\/div>\n\t\t\t\t<\/div>\n\t\t\t\t<div class=\"elementor-element elementor-element-cf8d7c7 conteudo elementor-widget__width-initial elementor-widget elementor-widget-text-editor\" data-id=\"cf8d7c7\" data-element_type=\"widget\" data-e-type=\"widget\" data-widget_type=\"text-editor.default\">\n\t\t\t\t<div class=\"elementor-widget-container\">\n\t\t\t\t\t\t\t\t\t<p>El t\u00e9rmino Environmental Social and Governance (ESG \u2013 sigla en ingl\u00e9s) o Ambiental Social y Governan\u00e7a (<strong>ASG<\/strong> -en portugu\u00e9s) es una manera de definir si las operaciones de la empresa son socialmente responsables, sostenibles y correctamente gerenciadas. El concepto para describir lo mucho que un negocio busca mecanismos para minimizar sus impactos al medioambiente, se preocupa con las personas y adopta buenas pr\u00e1cticas administrativas.<\/p><p><strong>Cipalam<\/strong> est\u00e1 cada vez m\u00e1s comprometida con tales <strong>practicas sostenibles<\/strong> en el d\u00eda a d\u00eda por creer que el desarrollo sostenible \u2013 para la empresa y para la regi\u00f3n donde se encuentran las dos unidades \u2013 es parte de un proceso de valoraci\u00f3n no solamente del medioambiente sino de la generaci\u00f3n de valores para los diversificados p\u00fablicos.<\/p>\t\t\t\t\t\t\t\t<\/div>\n\t\t\t\t<\/div>\n\t\t\t\t<\/div>\n\t\t<div class=\"elementor-element elementor-element-3e50cf7 e-con-full e-flex e-con e-parent\" data-id=\"3e50cf7\" data-element_type=\"container\" data-e-type=\"container\">\n\t\t\t\t<div class=\"elementor-element elementor-element-3fecdd9 elementor-widget elementor-widget-image\" data-id=\"3fecdd9\" data-element_type=\"widget\" data-e-type=\"widget\" data-widget_type=\"image.default\">\n\t\t\t\t<div class=\"elementor-widget-container\">\n\t\t\t\t\t\t\t\t\t\t\t\t\t\t\t<img fetchpriority=\"high\" decoding=\"async\" width=\"931\" height=\"559\" src=\"https:\/\/cipalam.com.br\/wp-content\/uploads\/2022\/08\/img5.png\" class=\"attachment-full size-full wp-image-1790\" alt=\"\" srcset=\"https:\/\/cipalam.com.br\/wp-content\/uploads\/2022\/08\/img5.png 931w, https:\/\/cipalam.com.br\/wp-content\/uploads\/2022\/08\/img5-600x360.png 600w, https:\/\/cipalam.com.br\/wp-content\/uploads\/2022\/08\/img5-300x180.png 300w, https:\/\/cipalam.com.br\/wp-content\/uploads\/2022\/08\/img5-768x461.png 768w\" sizes=\"(max-width: 931px) 100vw, 931px\" \/>\t\t\t\t\t\t\t\t\t\t\t\t\t\t\t<\/div>\n\t\t\t\t<\/div>\n\t\t\t\t<\/div>\n\t\t\t\t<\/div>\n\t\t<div class=\"elementor-element elementor-element-98579a8 e-con-full e-flex e-con e-parent\" data-id=\"98579a8\" data-element_type=\"container\" data-e-type=\"container\" data-settings=\"{&quot;background_background&quot;:&quot;classic&quot;}\">\n\t\t<div class=\"elementor-element elementor-element-b28870d e-con-full e-flex e-con e-parent\" data-id=\"b28870d\" data-element_type=\"container\" data-e-type=\"container\">\n\t\t\t\t<div class=\"elementor-element elementor-element-34277a3 elementor-widget__width-initial elementor-widget elementor-widget-image-box\" data-id=\"34277a3\" data-element_type=\"widget\" data-e-type=\"widget\" data-widget_type=\"image-box.default\">\n\t\t\t\t<div class=\"elementor-widget-container\">\n\t\t\t\t\t<div class=\"elementor-image-box-wrapper\"><div class=\"elementor-image-box-content\"><p class=\"elementor-image-box-description\">Responsabilidad <span>Ambiental<\/span><\/p><\/div><\/div>\t\t\t\t<\/div>\n\t\t\t\t<\/div>\n\t\t\t\t<div class=\"elementor-element elementor-element-ef3e7ed conteudo elementor-widget__width-initial elementor-widget elementor-widget-text-editor\" data-id=\"ef3e7ed\" data-element_type=\"widget\" data-e-type=\"widget\" data-widget_type=\"text-editor.default\">\n\t\t\t\t<div class=\"elementor-widget-container\">\n\t\t\t\t\t\t\t\t\t<p>En julio, Cipalam pas\u00f3 por una auditoria, en b\u00fasqueda de la certificaci\u00f3n ISO 14001, que es la norma internacional m\u00e1s reconocida, para sistemas de gesti\u00f3n ambiental, utilizada en todo el mundo, y que especifica los requisitos para que una organizaci\u00f3n identifique de manera proactiva los aspectos ambientales de sus actividades, productos, servicios y los impactos ambientales asociados.<\/p><p>En muy poco tiempo, daremos a conocer el <strong>informe de sostenibilidad<\/strong>, con resumen de los t\u00e9rminos hechos en relaci\u00f3n al medioambiente, cuestiones sociales e relacionadas a la gobernanza.<\/p><p>Estamos orgullosos del proceso sider\u00fargico <strong>limpio y econ\u00f3mico<\/strong> realizados en las dos unidades. Funcionamos como una recicladora, no hay sobras de material. Todo lo que sobra durante el proceso entra en la econom\u00eda circular: se pierde agua apenas por evaporaci\u00f3n. En nuestras plantas hay una necesidad m\u00ednima de reposici\u00f3n de agua ya que es un proceso de recirculaci\u00f3n. <strong>\u00a1Desperdicio cero!<\/strong><\/p><p><strong>Cipalam<\/strong> realiza controles de ruidos y del aire \u2013 en este caso para descubrir qu\u00e9 tipo de gases esta emitiendo. Aparte de eso, 100% de nuestra energ\u00eda es limpia. Tenemos una de entregas en relaci\u00f3n al medioambiente.<\/p><p><strong>Actualmente la empresa realiza un inventario de gases de efecto invernadero, condici\u00f3n exigida por el BNDS para conceder una financiaci\u00f3n.<\/strong><\/p>\t\t\t\t\t\t\t\t<\/div>\n\t\t\t\t<\/div>\n\t\t\t\t<\/div>\n\t\t<div class=\"elementor-element elementor-element-8e13c2a e-con-full e-flex e-con e-parent\" data-id=\"8e13c2a\" data-element_type=\"container\" data-e-type=\"container\">\n\t\t\t\t<div class=\"elementor-element elementor-element-ec0f1b1 elementor-widget elementor-widget-image\" data-id=\"ec0f1b1\" data-element_type=\"widget\" data-e-type=\"widget\" data-widget_type=\"image.default\">\n\t\t\t\t<div class=\"elementor-widget-container\">\n\t\t\t\t\t\t\t\t\t\t\t\t\t\t\t<img decoding=\"async\" width=\"945\" height=\"577\" src=\"https:\/\/cipalam.com.br\/wp-content\/uploads\/2022\/08\/imagem-7.png\" class=\"attachment-full size-full wp-image-1740\" alt=\"\" srcset=\"https:\/\/cipalam.com.br\/wp-content\/uploads\/2022\/08\/imagem-7.png 945w, https:\/\/cipalam.com.br\/wp-content\/uploads\/2022\/08\/imagem-7-600x366.png 600w, https:\/\/cipalam.com.br\/wp-content\/uploads\/2022\/08\/imagem-7-300x183.png 300w, https:\/\/cipalam.com.br\/wp-content\/uploads\/2022\/08\/imagem-7-768x469.png 768w\" sizes=\"(max-width: 945px) 100vw, 945px\" \/>\t\t\t\t\t\t\t\t\t\t\t\t\t\t\t<\/div>\n\t\t\t\t<\/div>\n\t\t\t\t<\/div>\n\t\t\t\t<\/div>\n\t\t<div class=\"elementor-element elementor-element-981da62 e-flex e-con-boxed e-con e-parent\" data-id=\"981da62\" data-element_type=\"container\" data-e-type=\"container\" data-settings=\"{&quot;background_background&quot;:&quot;classic&quot;}\">\n\t\t\t\t\t<div class=\"e-con-inner\">\n\t\t<div class=\"elementor-element elementor-element-e54e434 e-flex e-con-boxed e-con e-parent\" data-id=\"e54e434\" data-element_type=\"container\" data-e-type=\"container\">\n\t\t\t\t\t<div class=\"e-con-inner\">\n\t\t<div class=\"elementor-element elementor-element-31c8de9 e-flex e-con-boxed e-con e-parent\" data-id=\"31c8de9\" data-element_type=\"container\" data-e-type=\"container\">\n\t\t\t\t\t<div class=\"e-con-inner\">\n\t\t\t\t<div class=\"elementor-element elementor-element-1bb9439 elementor-widget__width-initial elementor-widget elementor-widget-image-box\" data-id=\"1bb9439\" data-element_type=\"widget\" data-e-type=\"widget\" data-widget_type=\"image-box.default\">\n\t\t\t\t<div class=\"elementor-widget-container\">\n\t\t\t\t\t<div class=\"elementor-image-box-wrapper\"><div class=\"elementor-image-box-content\"><p class=\"elementor-image-box-description\">Responsabilidad <span>Social<\/span><\/p><\/div><\/div>\t\t\t\t<\/div>\n\t\t\t\t<\/div>\n\t\t\t\t<div class=\"elementor-element elementor-element-92975f7 conteudo elementor-widget elementor-widget-text-editor\" data-id=\"92975f7\" data-element_type=\"widget\" data-e-type=\"widget\" data-widget_type=\"text-editor.default\">\n\t\t\t\t<div class=\"elementor-widget-container\">\n\t\t\t\t\t\t\t\t\t<p><strong>Cipalam<\/strong> tiene compromiso con el social reconocido dentro y fuera de las unidades. Adem\u00e1s del Instituto que lleva el nombre del fundador de la empresa \u2013 Raimundo An\u00edcio Alves- que asiste cerca de 80 ni\u00f1os de la comunidad y alrededor, tenemos tambi\u00e9n un trabajo volcado a los colaboradores.<\/p><p>Premiaciones trimestrales y una pesquisa de clima, cuyos resultados son evaluados e insertados en un proceso que genera actuaci\u00f3n y compromiso en las dos f\u00e1bricas \u2013 Igua\u00e7u y Santana do Para\u00edso.<\/p>\t\t\t\t\t\t\t\t<\/div>\n\t\t\t\t<\/div>\n\t\t\t\t\t<\/div>\n\t\t\t\t<\/div>\n\t\t<div class=\"elementor-element elementor-element-716a87f e-flex e-con-boxed e-con e-parent\" data-id=\"716a87f\" data-element_type=\"container\" data-e-type=\"container\">\n\t\t\t\t\t<div class=\"e-con-inner\">\n\t\t\t\t<div class=\"elementor-element elementor-element-265e298 elementor-widget elementor-widget-image\" data-id=\"265e298\" data-element_type=\"widget\" data-e-type=\"widget\" data-widget_type=\"image.default\">\n\t\t\t\t<div class=\"elementor-widget-container\">\n\t\t\t\t\t\t\t\t\t\t\t\t\t\t\t<img decoding=\"async\" width=\"559\" height=\"435\" src=\"https:\/\/cipalam.com.br\/wp-content\/uploads\/2022\/08\/imagem-5.png\" class=\"attachment-large size-large wp-image-1741\" alt=\"\" srcset=\"https:\/\/cipalam.com.br\/wp-content\/uploads\/2022\/08\/imagem-5.png 559w, https:\/\/cipalam.com.br\/wp-content\/uploads\/2022\/08\/imagem-5-300x233.png 300w\" sizes=\"(max-width: 559px) 100vw, 559px\" \/>\t\t\t\t\t\t\t\t\t\t\t\t\t\t\t<\/div>\n\t\t\t\t<\/div>\n\t\t\t\t\t<\/div>\n\t\t\t\t<\/div>\n\t\t\t\t\t<\/div>\n\t\t\t\t<\/div>\n\t\t\t\t\t<\/div>\n\t\t\t\t<\/div>\n\t\t\t\t<\/div>\n\t\t","protected":false},"excerpt":{"rendered":"<p>Sustentabilidad Compromiso ASG El t\u00e9rmino Environmental Social and Governance (ESG \u2013 sigla en ingl\u00e9s) o Ambiental Social y Governan\u00e7a (ASG -en portugu\u00e9s) es una manera de definir si las operaciones de la empresa son socialmente responsables, sostenibles y correctamente gerenciadas. El concepto para describir lo mucho que un negocio busca mecanismos para minimizar sus impactos [&hellip;]<\/p>\n","protected":false},"author":2,"featured_media":0,"parent":0,"menu_order":0,"comment_status":"closed","ping_status":"closed","template":"","meta":{"_acf_changed":false,"site-sidebar-layout":"no-sidebar","site-content-layout":"page-builder","ast-site-content-layout":"default","site-content-style":"default","site-sidebar-style":"default","ast-global-header-display":"","ast-banner-title-visibility":"","ast-main-header-display":"","ast-hfb-above-header-display":"","ast-hfb-below-header-display":"","ast-hfb-mobile-header-display":"","site-post-title":"disabled","ast-breadcrumbs-content":"","ast-featured-img":"disabled","footer-sml-layout":"","ast-disable-related-posts":"","theme-transparent-header-meta":"default","adv-header-id-meta":"","stick-header-meta":"","header-above-stick-meta":"","header-main-stick-meta":"","header-below-stick-meta":"","astra-migrate-meta-layouts":"default","ast-page-background-enabled":"default","ast-page-background-meta":{"desktop":{"background-color":"var(--ast-global-color-4)","background-image":"","background-repeat":"repeat","background-position":"center center","background-size":"auto","background-attachment":"scroll","background-type":"","background-media":"","overlay-type":"","overlay-color":"","overlay-opacity":"","overlay-gradient":""},"tablet":{"background-color":"","background-image":"","background-repeat":"repeat","background-position":"center center","background-size":"auto","background-attachment":"scroll","background-type":"","background-media":"","overlay-type":"","overlay-color":"","overlay-opacity":"","overlay-gradient":""},"mobile":{"background-color":"","background-image":"","background-repeat":"repeat","background-position":"center center","background-size":"auto","background-attachment":"scroll","background-type":"","background-media":"","overlay-type":"","overlay-color":"","overlay-opacity":"","overlay-gradient":""}},"ast-content-background-meta":{"desktop":{"background-color":"var(--ast-global-color-5)","background-image":"","background-repeat":"repeat","background-position":"center center","background-size":"auto","background-attachment":"scroll","background-type":"","background-media":"","overlay-type":"","overlay-color":"","overlay-opacity":"","overlay-gradient":""},"tablet":{"background-color":"var(--ast-global-color-5)","background-image":"","background-repeat":"repeat","background-position":"center center","background-size":"auto","background-attachment":"scroll","background-type":"","background-media":"","overlay-type":"","overlay-color":"","overlay-opacity":"","overlay-gradient":""},"mobile":{"background-color":"var(--ast-global-color-5)","background-image":"","background-repeat":"repeat","background-position":"center center","background-size":"auto","background-attachment":"scroll","background-type":"","background-media":"","overlay-type":"","overlay-color":"","overlay-opacity":"","overlay-gradient":""}},"footnotes":""},"class_list":["post-1818","page","type-page","status-publish","hentry"],"acf":[],"_links":{"self":[{"href":"https:\/\/cipalam.com.br\/es\/wp-json\/wp\/v2\/pages\/1818","targetHints":{"allow":["GET"]}}],"collection":[{"href":"https:\/\/cipalam.com.br\/es\/wp-json\/wp\/v2\/pages"}],"about":[{"href":"https:\/\/cipalam.com.br\/es\/wp-json\/wp\/v2\/types\/page"}],"author":[{"embeddable":true,"href":"https:\/\/cipalam.com.br\/es\/wp-json\/wp\/v2\/users\/2"}],"replies":[{"embeddable":true,"href":"https:\/\/cipalam.com.br\/es\/wp-json\/wp\/v2\/comments?post=1818"}],"version-history":[{"count":0,"href":"https:\/\/cipalam.com.br\/es\/wp-json\/wp\/v2\/pages\/1818\/revisions"}],"wp:attachment":[{"href":"https:\/\/cipalam.com.br\/es\/wp-json\/wp\/v2\/media?parent=1818"}],"curies":[{"name":"wp","href":"https:\/\/api.w.org\/{rel}","templated":true}]}}