{"id":1814,"date":"2022-08-29T19:14:21","date_gmt":"2022-08-29T22:14:21","guid":{"rendered":"https:\/\/cipalam.com.br\/certificacoes\/"},"modified":"2022-09-26T13:55:14","modified_gmt":"2022-09-26T13:55:14","slug":"certificaciones","status":"publish","type":"page","link":"https:\/\/cipalam.com.br\/es\/certificaciones\/","title":{"rendered":"Certificaciones"},"content":{"rendered":"\t\t<div data-elementor-type=\"wp-page\" data-elementor-id=\"1814\" class=\"elementor elementor-1814 elementor-1392\" data-elementor-post-type=\"page\">\n\t\t\t\t<div class=\"elementor-element elementor-element-a3194b9 e-con-full e-flex e-con e-parent\" data-id=\"a3194b9\" data-element_type=\"container\" data-e-type=\"container\" data-settings=\"{&quot;background_background&quot;:&quot;classic&quot;}\">\n\t\t<div class=\"elementor-element elementor-element-14c8eee e-con-full e-flex e-con e-parent\" data-id=\"14c8eee\" data-element_type=\"container\" data-e-type=\"container\">\n\t\t\t\t<div class=\"elementor-element elementor-element-0009736 elementor-widget__width-initial elementor-widget elementor-widget-image-box\" data-id=\"0009736\" data-element_type=\"widget\" data-e-type=\"widget\" data-widget_type=\"image-box.default\">\n\t\t\t\t<div class=\"elementor-widget-container\">\n\t\t\t\t\t<div class=\"elementor-image-box-wrapper\"><div class=\"elementor-image-box-content\"><p class=\"elementor-image-box-description\">Calidad <span>Cipalam<\/span><\/p><\/div><\/div>\t\t\t\t<\/div>\n\t\t\t\t<\/div>\n\t\t\t\t<div class=\"elementor-element elementor-element-1936661 conteudo elementor-widget__width-initial elementor-widget elementor-widget-text-editor\" data-id=\"1936661\" data-element_type=\"widget\" data-e-type=\"widget\" data-widget_type=\"text-editor.default\">\n\t\t\t\t<div class=\"elementor-widget-container\">\n\t\t\t\t\t\t\t\t\t<p><strong>Cipalam<\/strong> cuenta con un laboratorio propio de an\u00e1lisis qu\u00edmicas y f\u00edsica, con una m\u00e1quina de tracci\u00f3n y un espectr\u00f3metro. Equipos de \u00faltima generaci\u00f3n que garantizan a nuestros clientes los debidos testes de propiedades mec\u00e1nicas y componentes qu\u00edmicos de los aceros vendidos.<\/p><p>Son testados, por ejemplo, la composici\u00f3n qu\u00edmica, el l\u00edmite de elasticidad, de ruptura y alargamiento, teniendo por objetivo el control, la calidad y la asertividad de nuestros productos.<\/p>\t\t\t\t\t\t\t\t<\/div>\n\t\t\t\t<\/div>\n\t\t\t\t<\/div>\n\t\t<div class=\"elementor-element elementor-element-3cbe524 e-con-full e-flex e-con e-parent\" data-id=\"3cbe524\" data-element_type=\"container\" data-e-type=\"container\">\n\t\t\t\t<div class=\"elementor-element elementor-element-1bef307 elementor-widget elementor-widget-image\" data-id=\"1bef307\" data-element_type=\"widget\" data-e-type=\"widget\" data-widget_type=\"image.default\">\n\t\t\t\t<div class=\"elementor-widget-container\">\n\t\t\t\t\t\t\t\t\t\t\t\t\t\t\t<img fetchpriority=\"high\" decoding=\"async\" width=\"931\" height=\"559\" src=\"https:\/\/cipalam.com.br\/wp-content\/uploads\/2022\/08\/img4.png\" class=\"attachment-full size-full wp-image-1785\" alt=\"\" srcset=\"https:\/\/cipalam.com.br\/wp-content\/uploads\/2022\/08\/img4.png 931w, https:\/\/cipalam.com.br\/wp-content\/uploads\/2022\/08\/img4-600x360.png 600w, https:\/\/cipalam.com.br\/wp-content\/uploads\/2022\/08\/img4-300x180.png 300w, https:\/\/cipalam.com.br\/wp-content\/uploads\/2022\/08\/img4-768x461.png 768w\" sizes=\"(max-width: 931px) 100vw, 931px\" \/>\t\t\t\t\t\t\t\t\t\t\t\t\t\t\t<\/div>\n\t\t\t\t<\/div>\n\t\t\t\t<\/div>\n\t\t\t\t<\/div>\n\t\t<div class=\"elementor-element elementor-element-9dbe8fb e-con-full e-flex e-con e-parent\" data-id=\"9dbe8fb\" data-element_type=\"container\" data-e-type=\"container\" data-settings=\"{&quot;background_background&quot;:&quot;classic&quot;}\">\n\t\t<div class=\"elementor-element elementor-element-52cda8f e-con-full e-flex e-con e-parent\" data-id=\"52cda8f\" data-element_type=\"container\" data-e-type=\"container\">\n\t\t\t\t<div class=\"elementor-element elementor-element-7738bd7 elementor-widget__width-initial elementor-widget elementor-widget-image-box\" data-id=\"7738bd7\" data-element_type=\"widget\" data-e-type=\"widget\" data-widget_type=\"image-box.default\">\n\t\t\t\t<div class=\"elementor-widget-container\">\n\t\t\t\t\t<div class=\"elementor-image-box-wrapper\"><div class=\"elementor-image-box-content\"><p class=\"elementor-image-box-description\">Productos <span>Certificados<\/span><\/p><\/div><\/div>\t\t\t\t<\/div>\n\t\t\t\t<\/div>\n\t\t\t\t<div class=\"elementor-element elementor-element-88754b5 conteudo elementor-widget__width-initial elementor-widget elementor-widget-text-editor\" data-id=\"88754b5\" data-element_type=\"widget\" data-e-type=\"widget\" data-widget_type=\"text-editor.default\">\n\t\t\t\t<div class=\"elementor-widget-container\">\n\t\t\t\t\t\t\t\t\t<p><strong>Cipalam<\/strong> cuenta con dos certificaciones internacionales: La ABNT NBR ISO 9001, norma que garantiza el sistema de gesti\u00f3n de calidad, y la ABNT NBR ISO 14.001, que es el sistema de gesti\u00f3n ambiental.<\/p><p>Las certificaciones garantizan que <strong>Cipalam<\/strong> controle sus procesos y productos, ofreciendo a los clientes <strong>soluciones en acero<\/strong> adecuadas y que satisfacen las necesidades de aplicaci\u00f3n y normativas. Aparte de eso, tambi\u00e9n garantizan que las operaciones hagan una adecuada gesti\u00f3n ambiental, garantizando el uso consciente de los recursos naturales y asegurando la sostenibilidad del negocio. \u00a0\u00a0<\/p><p>M\u00e1s aun, somos miembro titular del Comit\u00e9 Brasile\u00f1o de Siderurgia (ABNT\/CB-28), responsable por la elaboraci\u00f3n de normas t\u00e9cnicas brasile\u00f1as de acero y que debate las normativas de los productos.<\/p>\t\t\t\t\t\t\t\t<\/div>\n\t\t\t\t<\/div>\n\t\t\t\t<\/div>\n\t\t<div class=\"elementor-element elementor-element-a025fab e-con-full e-flex e-con e-parent\" data-id=\"a025fab\" data-element_type=\"container\" data-e-type=\"container\">\n\t\t\t\t<div class=\"elementor-element elementor-element-54119cf elementor-widget elementor-widget-image\" data-id=\"54119cf\" data-element_type=\"widget\" data-e-type=\"widget\" data-widget_type=\"image.default\">\n\t\t\t\t<div class=\"elementor-widget-container\">\n\t\t\t\t\t\t\t\t\t\t\t\t\t\t\t<img decoding=\"async\" width=\"945\" height=\"577\" src=\"https:\/\/cipalam.com.br\/wp-content\/uploads\/2022\/08\/bg2.png\" class=\"attachment-full size-full wp-image-1786\" alt=\"\" srcset=\"https:\/\/cipalam.com.br\/wp-content\/uploads\/2022\/08\/bg2.png 945w, https:\/\/cipalam.com.br\/wp-content\/uploads\/2022\/08\/bg2-600x366.png 600w, https:\/\/cipalam.com.br\/wp-content\/uploads\/2022\/08\/bg2-300x183.png 300w, https:\/\/cipalam.com.br\/wp-content\/uploads\/2022\/08\/bg2-768x469.png 768w\" sizes=\"(max-width: 945px) 100vw, 945px\" \/>\t\t\t\t\t\t\t\t\t\t\t\t\t\t\t<\/div>\n\t\t\t\t<\/div>\n\t\t\t\t<\/div>\n\t\t\t\t<\/div>\n\t\t\t\t<\/div>\n\t\t","protected":false},"excerpt":{"rendered":"<p>Calidad Cipalam Cipalam cuenta con un laboratorio propio de an\u00e1lisis qu\u00edmicas y f\u00edsica, con una m\u00e1quina de tracci\u00f3n y un espectr\u00f3metro. Equipos de \u00faltima generaci\u00f3n que garantizan a nuestros clientes los debidos testes de propiedades mec\u00e1nicas y componentes qu\u00edmicos de los aceros vendidos. Son testados, por ejemplo, la composici\u00f3n qu\u00edmica, el l\u00edmite de elasticidad, de [&hellip;]<\/p>\n","protected":false},"author":2,"featured_media":0,"parent":0,"menu_order":0,"comment_status":"closed","ping_status":"closed","template":"","meta":{"_acf_changed":false,"site-sidebar-layout":"no-sidebar","site-content-layout":"page-builder","ast-site-content-layout":"default","site-content-style":"default","site-sidebar-style":"default","ast-global-header-display":"","ast-banner-title-visibility":"","ast-main-header-display":"","ast-hfb-above-header-display":"","ast-hfb-below-header-display":"","ast-hfb-mobile-header-display":"","site-post-title":"disabled","ast-breadcrumbs-content":"","ast-featured-img":"disabled","footer-sml-layout":"","ast-disable-related-posts":"","theme-transparent-header-meta":"default","adv-header-id-meta":"","stick-header-meta":"","header-above-stick-meta":"","header-main-stick-meta":"","header-below-stick-meta":"","astra-migrate-meta-layouts":"default","ast-page-background-enabled":"default","ast-page-background-meta":{"desktop":{"background-color":"var(--ast-global-color-4)","background-image":"","background-repeat":"repeat","background-position":"center center","background-size":"auto","background-attachment":"scroll","background-type":"","background-media":"","overlay-type":"","overlay-color":"","overlay-opacity":"","overlay-gradient":""},"tablet":{"background-color":"","background-image":"","background-repeat":"repeat","background-position":"center center","background-size":"auto","background-attachment":"scroll","background-type":"","background-media":"","overlay-type":"","overlay-color":"","overlay-opacity":"","overlay-gradient":""},"mobile":{"background-color":"","background-image":"","background-repeat":"repeat","background-position":"center center","background-size":"auto","background-attachment":"scroll","background-type":"","background-media":"","overlay-type":"","overlay-color":"","overlay-opacity":"","overlay-gradient":""}},"ast-content-background-meta":{"desktop":{"background-color":"var(--ast-global-color-5)","background-image":"","background-repeat":"repeat","background-position":"center center","background-size":"auto","background-attachment":"scroll","background-type":"","background-media":"","overlay-type":"","overlay-color":"","overlay-opacity":"","overlay-gradient":""},"tablet":{"background-color":"var(--ast-global-color-5)","background-image":"","background-repeat":"repeat","background-position":"center center","background-size":"auto","background-attachment":"scroll","background-type":"","background-media":"","overlay-type":"","overlay-color":"","overlay-opacity":"","overlay-gradient":""},"mobile":{"background-color":"var(--ast-global-color-5)","background-image":"","background-repeat":"repeat","background-position":"center center","background-size":"auto","background-attachment":"scroll","background-type":"","background-media":"","overlay-type":"","overlay-color":"","overlay-opacity":"","overlay-gradient":""}},"footnotes":""},"class_list":["post-1814","page","type-page","status-publish","hentry"],"acf":[],"_links":{"self":[{"href":"https:\/\/cipalam.com.br\/es\/wp-json\/wp\/v2\/pages\/1814","targetHints":{"allow":["GET"]}}],"collection":[{"href":"https:\/\/cipalam.com.br\/es\/wp-json\/wp\/v2\/pages"}],"about":[{"href":"https:\/\/cipalam.com.br\/es\/wp-json\/wp\/v2\/types\/page"}],"author":[{"embeddable":true,"href":"https:\/\/cipalam.com.br\/es\/wp-json\/wp\/v2\/users\/2"}],"replies":[{"embeddable":true,"href":"https:\/\/cipalam.com.br\/es\/wp-json\/wp\/v2\/comments?post=1814"}],"version-history":[{"count":0,"href":"https:\/\/cipalam.com.br\/es\/wp-json\/wp\/v2\/pages\/1814\/revisions"}],"wp:attachment":[{"href":"https:\/\/cipalam.com.br\/es\/wp-json\/wp\/v2\/media?parent=1814"}],"curies":[{"name":"wp","href":"https:\/\/api.w.org\/{rel}","templated":true}]}}