{"id":1907,"date":"2022-08-11T20:48:05","date_gmt":"2022-08-11T23:48:05","guid":{"rendered":"https:\/\/cipalam.com.br\/instituto\/"},"modified":"2022-09-23T17:08:30","modified_gmt":"2022-09-23T17:08:30","slug":"instituto","status":"publish","type":"page","link":"https:\/\/cipalam.com.br\/en\/instituto\/","title":{"rendered":"Institute"},"content":{"rendered":"\t\t<div data-elementor-type=\"wp-page\" data-elementor-id=\"1907\" class=\"elementor elementor-1907 elementor-626\" data-elementor-post-type=\"page\">\n\t\t\t\t<div class=\"elementor-element elementor-element-dc648db e-flex e-con-boxed e-con e-parent\" data-id=\"dc648db\" data-element_type=\"container\" data-e-type=\"container\" data-settings=\"{&quot;background_background&quot;:&quot;classic&quot;}\">\n\t\t\t\t\t<div class=\"e-con-inner\">\n\t\t<div class=\"elementor-element elementor-element-b85334d e-con-full e-flex e-con e-parent\" data-id=\"b85334d\" data-element_type=\"container\" data-e-type=\"container\">\n\t\t\t\t<div class=\"elementor-element elementor-element-f363bd2 elementor-widget-mobile__width-inherit elementor-widget elementor-widget-image-box\" data-id=\"f363bd2\" data-element_type=\"widget\" data-e-type=\"widget\" data-widget_type=\"image-box.default\">\n\t\t\t\t<div class=\"elementor-widget-container\">\n\t\t\t\t\t<div class=\"elementor-image-box-wrapper\"><div class=\"elementor-image-box-content\"><h3 class=\"elementor-image-box-title\">Cipalam Quality<\/h3><p class=\"elementor-image-box-description\">Cipalam <span>Institute<\/span><\/p><\/div><\/div>\t\t\t\t<\/div>\n\t\t\t\t<\/div>\n\t\t\t\t<div class=\"elementor-element elementor-element-6d4fac4 conteudo elementor-widget elementor-widget-text-editor\" data-id=\"6d4fac4\" data-element_type=\"widget\" data-e-type=\"widget\" data-widget_type=\"text-editor.default\">\n\t\t\t\t<div class=\"elementor-widget-container\">\n\t\t\t\t\t\t\t\t\t<p><strong>Cipalam<\/strong> has maintained, since April 2008, a <strong>social project<\/strong> that serves the community surrounding the two units &#8211; in the Igua\u00e7u neighborhood, in Ipatinga, and in Santana do Para\u00edso. The Institute is named after the patriarch of the family &#8211; Mr. Raimundo An\u00edcio Alves, creator of <strong>Cipalam<\/strong> &#8211; and receives around 80 children and teenagers after hours, two days a week, for various activities, such as tutoring and judo classes.<\/p><p>It is the social branch of the company that is proud of the family history that it has been building since its opening in 1985.<\/p><p>The choice of participants, who are between six and 16 years old, is made according to the socioeconomic situation of the family, including the children of employees. The current management took over in 2014 and, since then, has been investing more and more in the quality of the work offered, from the material used to the snacks served to the children.<\/p><p>In 2020, the \u2018Escola da Ponte\u2019 was established, based on a Portuguese model in which children learn to be autonomous. They are taken to help with the purchases for the Institute and teach the minors during tutoring classes, for example. Always accompanied by the team, formed by professionals trained in pedagogy and graduated in \u200b\u200bearly childhood education.<\/p><p>The creation of <strong>Cipalam Institute<\/strong> arose out of concern for a boy, Matheus, who was four years old at the time, who was always close to the company, asking for help. The then president, Geraldo Eder, liked the idea of \u200b\u200bhelping not only Matheus, but the community where the factory was located, in the Igua\u00e7u neighborhood. And in these 14 years, more than 200 children and adolescents have already been assisted.<\/p>\t\t\t\t\t\t\t\t<\/div>\n\t\t\t\t<\/div>\n\t\t\t\t<\/div>\n\t\t<div class=\"elementor-element elementor-element-bc01064 e-con-full e-flex e-con e-parent\" data-id=\"bc01064\" data-element_type=\"container\" data-e-type=\"container\">\n\t\t\t\t<div class=\"elementor-element elementor-element-f2b71a4 elementor-widget elementor-widget-jet-carousel\" data-id=\"f2b71a4\" data-element_type=\"widget\" data-e-type=\"widget\" data-settings=\"{&quot;slides_to_show&quot;:&quot;1&quot;,&quot;slides_to_scroll&quot;:&quot;1&quot;}\" data-widget_type=\"jet-carousel.default\">\n\t\t\t\t<div class=\"elementor-widget-container\">\n\t\t\t\t\t<div class=\"elementor-jet-carousel jet-elements\"><div class=\"jet-carousel-wrap\">\n\t<div class=\"jet-carousel\" data-slider_options=\"{&quot;autoplaySpeed&quot;:5000,&quot;autoplay&quot;:true,&quot;infinite&quot;:true,&quot;centerMode&quot;:false,&quot;centerPadding&quot;:&quot;50px&quot;,&quot;pauseOnHover&quot;:false,&quot;speed&quot;:500,&quot;arrows&quot;:true,&quot;dots&quot;:false,&quot;variableWidth&quot;:false,&quot;prevArrow&quot;:&quot;.jet-carousel__prev-arrow-f2b71a4&quot;,&quot;nextArrow&quot;:&quot;.jet-carousel__next-arrow-f2b71a4&quot;,&quot;rtl&quot;:false,&quot;fractionNav&quot;:false,&quot;fade&quot;:false}\" dir=\"ltr\">\n\t<div class=\"elementor-slick-slider\">\n\n<div class=\"jet-carousel__item\">\n\t<div class=\"jet-carousel__item-inner\"><a href=\"http:\/\/cipalam.com.br\/wp-content\/uploads\/2022\/08\/foto1.jpg\" class=\"jet-carousel__item-link\" data-elementor-open-lightbox=&quot;yes&quot; data-elementor-lightbox-slideshow=&quot;f2b71a4&quot;  ><img decoding=\"async\" src=\"http:\/\/cipalam.com.br\/wp-content\/uploads\/2022\/08\/foto1.jpg\" class=\"jet-carousel__item-img\" alt=\"foto1\" loading=\"lazy\"><\/a><div class=\"jet-carousel__content\"><\/div><\/div>\n<\/div>\n\n<div class=\"jet-carousel__item\">\n\t<div class=\"jet-carousel__item-inner\"><a href=\"http:\/\/cipalam.com.br\/wp-content\/uploads\/2022\/08\/foto1.jpg\" class=\"jet-carousel__item-link\" data-elementor-open-lightbox=&quot;yes&quot; data-elementor-lightbox-slideshow=&quot;f2b71a4&quot;  ><img decoding=\"async\" src=\"http:\/\/cipalam.com.br\/wp-content\/uploads\/2022\/08\/foto1.jpg\" class=\"jet-carousel__item-img\" alt=\"foto1\" loading=\"lazy\"><\/a><div class=\"jet-carousel__content\"><\/div><\/div>\n<\/div>\n\n<div class=\"jet-carousel__item\">\n\t<div class=\"jet-carousel__item-inner\"><a href=\"http:\/\/cipalam.com.br\/wp-content\/uploads\/2022\/08\/foto1.jpg\" class=\"jet-carousel__item-link\" data-elementor-open-lightbox=&quot;yes&quot; data-elementor-lightbox-slideshow=&quot;f2b71a4&quot;  ><img decoding=\"async\" src=\"http:\/\/cipalam.com.br\/wp-content\/uploads\/2022\/08\/foto1.jpg\" class=\"jet-carousel__item-img\" alt=\"foto1\" loading=\"lazy\"><\/a><div class=\"jet-carousel__content\"><\/div><\/div>\n<\/div>\n<\/div><div class=\"jet-carousel__prev-arrow-f2b71a4 jet-arrow prev-arrow\"><i aria-hidden=\"true\" class=\"fas fa-chevron-left\"><\/i><\/div><div class=\"jet-carousel__next-arrow-f2b71a4 jet-arrow next-arrow\"><i aria-hidden=\"true\" class=\"fas fa-chevron-right\"><\/i><\/div><\/div>\n<\/div>\n<\/div>\t\t\t\t<\/div>\n\t\t\t\t<\/div>\n\t\t\t\t<div class=\"elementor-element elementor-element-adc801c elementor-absolute elementor-widget elementor-widget-image\" data-id=\"adc801c\" data-element_type=\"widget\" data-e-type=\"widget\" data-settings=\"{&quot;_position&quot;:&quot;absolute&quot;}\" data-widget_type=\"image.default\">\n\t\t\t\t<div class=\"elementor-widget-container\">\n\t\t\t\t\t\t\t\t\t\t\t\t\t\t\t<img fetchpriority=\"high\" decoding=\"async\" width=\"358\" height=\"244\" src=\"https:\/\/cipalam.com.br\/wp-content\/uploads\/2022\/08\/detalhes-e1665432925218.png\" class=\"attachment-large size-large wp-image-1556\" alt=\"\" \/>\t\t\t\t\t\t\t\t\t\t\t\t\t\t\t<\/div>\n\t\t\t\t<\/div>\n\t\t\t\t<\/div>\n\t\t\t\t\t<\/div>\n\t\t\t\t<\/div>\n\t\t<div class=\"elementor-element elementor-element-028266d e-con-full e-flex e-con e-parent\" data-id=\"028266d\" data-element_type=\"container\" data-e-type=\"container\">\n\t\t\t\t<div class=\"elementor-element elementor-element-1f7aebb elementor-widget elementor-widget-image\" data-id=\"1f7aebb\" data-element_type=\"widget\" data-e-type=\"widget\" data-widget_type=\"image.default\">\n\t\t\t\t<div class=\"elementor-widget-container\">\n\t\t\t\t\t\t\t\t\t\t\t\t\t\t\t<img decoding=\"async\" width=\"300\" height=\"201\" src=\"https:\/\/cipalam.com.br\/wp-content\/uploads\/2022\/08\/ferros-1-300x201.png\" class=\"attachment-medium size-medium wp-image-1582\" alt=\"\" srcset=\"https:\/\/cipalam.com.br\/wp-content\/uploads\/2022\/08\/ferros-1-300x201.png 300w, https:\/\/cipalam.com.br\/wp-content\/uploads\/2022\/08\/ferros-1.png 387w\" sizes=\"(max-width: 300px) 100vw, 300px\" \/>\t\t\t\t\t\t\t\t\t\t\t\t\t\t\t<\/div>\n\t\t\t\t<\/div>\n\t\t\t\t<\/div>\n\t\t<div class=\"elementor-element elementor-element-f294f95 e-flex e-con-boxed e-con e-parent\" data-id=\"f294f95\" data-element_type=\"container\" data-e-type=\"container\">\n\t\t\t\t\t<div class=\"e-con-inner\">\n\t\t\t\t<div class=\"elementor-element elementor-element-f103da8 elementor-widget elementor-widget-image\" data-id=\"f103da8\" data-element_type=\"widget\" data-e-type=\"widget\" data-widget_type=\"image.default\">\n\t\t\t\t<div class=\"elementor-widget-container\">\n\t\t\t\t\t\t\t\t\t\t\t\t\t\t\t<img decoding=\"async\" width=\"1024\" height=\"173\" src=\"https:\/\/cipalam.com.br\/wp-content\/uploads\/2022\/08\/depoimentos-bg-1024x173.png\" class=\"attachment-large size-large wp-image-1580\" alt=\"\" srcset=\"https:\/\/cipalam.com.br\/wp-content\/uploads\/2022\/08\/depoimentos-bg-1024x173.png 1024w, https:\/\/cipalam.com.br\/wp-content\/uploads\/2022\/08\/depoimentos-bg-600x101.png 600w, https:\/\/cipalam.com.br\/wp-content\/uploads\/2022\/08\/depoimentos-bg-300x51.png 300w, https:\/\/cipalam.com.br\/wp-content\/uploads\/2022\/08\/depoimentos-bg-768x130.png 768w, https:\/\/cipalam.com.br\/wp-content\/uploads\/2022\/08\/depoimentos-bg.png 1242w\" sizes=\"(max-width: 1024px) 100vw, 1024px\" \/>\t\t\t\t\t\t\t\t\t\t\t\t\t\t\t<\/div>\n\t\t\t\t<\/div>\n\t\t\t\t\t<\/div>\n\t\t\t\t<\/div>\n\t\t<div class=\"elementor-element elementor-element-22320df e-flex e-con-boxed e-con e-parent\" data-id=\"22320df\" data-element_type=\"container\" data-e-type=\"container\" data-settings=\"{&quot;background_background&quot;:&quot;classic&quot;,&quot;background_motion_fx_motion_fx_mouse&quot;:&quot;yes&quot;,&quot;background_motion_fx_mouseTrack_effect&quot;:&quot;yes&quot;,&quot;background_motion_fx_mouseTrack_speed&quot;:{&quot;unit&quot;:&quot;px&quot;,&quot;size&quot;:0.2,&quot;sizes&quot;:[]}}\">\n\t\t\t\t\t<div class=\"e-con-inner\">\n\t\t<div class=\"elementor-element elementor-element-b9df1b6 e-con-full e-flex e-con e-parent\" data-id=\"b9df1b6\" data-element_type=\"container\" data-e-type=\"container\">\n\t\t\t\t<div class=\"elementor-element elementor-element-9e5a020 elementor-widget-mobile__width-inherit elementor-widget elementor-widget-image-box\" data-id=\"9e5a020\" data-element_type=\"widget\" data-e-type=\"widget\" data-widget_type=\"image-box.default\">\n\t\t\t\t<div class=\"elementor-widget-container\">\n\t\t\t\t\t<div class=\"elementor-image-box-wrapper\"><div class=\"elementor-image-box-content\"><h3 class=\"elementor-image-box-title\">Cipalam Quality<\/h3><p class=\"elementor-image-box-description\">From the Institute to the <br>\n<span>world!<\/span><\/p><\/div><\/div>\t\t\t\t<\/div>\n\t\t\t\t<\/div>\n\t\t\t\t<div class=\"elementor-element elementor-element-3d83363 conteudo elementor-widget elementor-widget-text-editor\" data-id=\"3d83363\" data-element_type=\"widget\" data-e-type=\"widget\" data-widget_type=\"text-editor.default\">\n\t\t\t\t<div class=\"elementor-widget-container\">\n\t\t\t\t\t\t\t\t\t<p>The Institute&#8217;s role is not just to welcome children in social vulnerability. It is also to prepare them for the job market. The plans are to create a class at Senai, with around 20 students who, when they finish the course, will be hired at <strong>Cipalam<\/strong>. It is just one of the ideas of the social arm, which will grow and make the <strong>Cipalam<\/strong> family even prouder.<\/p>\t\t\t\t\t\t\t\t<\/div>\n\t\t\t\t<\/div>\n\t\t\t\t<\/div>\n\t\t<div class=\"elementor-element elementor-element-449391c e-con-full e-flex e-con e-parent\" data-id=\"449391c\" data-element_type=\"container\" data-e-type=\"container\">\n\t\t\t\t<div class=\"elementor-element elementor-element-fe42390 elementor-testimonial--align-left carrossel-depoimentos elementor-testimonial--skin-default elementor-testimonial--layout-image_inline elementor-arrows-yes elementor-widget elementor-widget-testimonial-carousel\" data-id=\"fe42390\" data-element_type=\"widget\" data-e-type=\"widget\" data-settings=\"{&quot;slides_per_view_mobile&quot;:&quot;1&quot;,&quot;slides_per_view_tablet&quot;:&quot;1&quot;,&quot;show_arrows&quot;:&quot;yes&quot;,&quot;speed&quot;:500,&quot;loop&quot;:&quot;yes&quot;,&quot;space_between&quot;:{&quot;unit&quot;:&quot;px&quot;,&quot;size&quot;:10,&quot;sizes&quot;:[]},&quot;space_between_laptop&quot;:{&quot;unit&quot;:&quot;px&quot;,&quot;size&quot;:10,&quot;sizes&quot;:[]},&quot;space_between_tablet&quot;:{&quot;unit&quot;:&quot;px&quot;,&quot;size&quot;:10,&quot;sizes&quot;:[]},&quot;space_between_mobile&quot;:{&quot;unit&quot;:&quot;px&quot;,&quot;size&quot;:10,&quot;sizes&quot;:[]}}\" data-widget_type=\"testimonial-carousel.default\">\n\t\t\t\t<div class=\"elementor-widget-container\">\n\t\t\t\t\t\t\t\t\t<div class=\"elementor-swiper\">\n\t\t\t\t\t<div class=\"elementor-main-swiper swiper\" role=\"region\" aria-roledescription=\"carousel\" aria-label=\"Slides\">\n\t\t\t\t<div class=\"swiper-wrapper\">\n\t\t\t\t\t\t\t\t\t\t\t<div class=\"swiper-slide\" role=\"group\" aria-roledescription=\"slide\">\n\t\t\t\t\t\t\t\t\t<div class=\"elementor-testimonial\">\n\t\t\t\t\t\t\t<div class=\"elementor-testimonial__content\">\n\t\t\t\t\t<div class=\"elementor-testimonial__text\">\n\t\t\t\t\t\tXXXXXXXXX\t\t\t\t\t<\/div>\n\t\t\t\t\t\t\t\t\t<\/div>\n\t\t\t\t\t\t<div class=\"elementor-testimonial__footer\">\n\t\t\t\t\t\t\t\t\t<div class=\"elementor-testimonial__image\">\n\t\t\t\t\t\t<img decoding=\"async\" src=\"https:\/\/cipalam.com.br\/wp-content\/uploads\/2022\/08\/cipalam-guy.png\" alt=\"Matheus, 21 years old\">\n\t\t\t\t\t\t\t\t\t\t\t<\/div>\n\t\t\t\t\t\t\t\t<cite class=\"elementor-testimonial__cite\"><span class=\"elementor-testimonial__name\">Matheus, 21 years old<\/span><span class=\"elementor-testimonial__title\">first child assisted by the Institute <\/span><\/cite>\t\t\t<\/div>\n\t\t<\/div>\n\t\t\t\t\t\t\t\t<\/div>\n\t\t\t\t\t\t\t\t\t\t\t<div class=\"swiper-slide\" role=\"group\" aria-roledescription=\"slide\">\n\t\t\t\t\t\t\t\t\t<div class=\"elementor-testimonial\">\n\t\t\t\t\t\t\t<div class=\"elementor-testimonial__content\">\n\t\t\t\t\t<div class=\"elementor-testimonial__text\">\n\t\t\t\t\t\t\u201cIn our view as parents, this project is very important for us and much more for our child's education. He's been on the project for a long time. And it has even helped us shape Sebastian's personal character. The project is of fundamental importance to fill his spare time with learning in all areas, in addition to judo, which is a sensational sport! In addition to being fundamental to our community, taking up the time of children who could be on the streets, being influenced by bad company. We are suspicious when talking about the Institute, because besides the affection for the project, we also have a great affection for the collaborators, who always serve us with great affection and respect. The Cipalam project is part of our daily lives. And we hope it stays that way for a long time!\u201d\t\t\t\t\t<\/div>\n\t\t\t\t\t\t\t\t\t<\/div>\n\t\t\t\t\t\t<div class=\"elementor-testimonial__footer\">\n\t\t\t\t\t\t\t\t\t<div class=\"elementor-testimonial__image\">\n\t\t\t\t\t\t<img decoding=\"async\" src=\"https:\/\/cipalam.com.br\/wp-content\/uploads\/2022\/08\/persona.jpg\" alt=\"Daniely and Sebasti\u00e3o\">\n\t\t\t\t\t\t\t\t\t\t\t<\/div>\n\t\t\t\t\t\t\t\t<cite class=\"elementor-testimonial__cite\"><span class=\"elementor-testimonial__name\">Daniely and Sebasti\u00e3o<\/span><span class=\"elementor-testimonial__title\">parents of Sebastian, who has been attending the Institute since 2014<\/span><\/cite>\t\t\t<\/div>\n\t\t<\/div>\n\t\t\t\t\t\t\t\t<\/div>\n\t\t\t\t\t\t\t\t\t\t\t<div class=\"swiper-slide\" role=\"group\" aria-roledescription=\"slide\">\n\t\t\t\t\t\t\t\t\t<div class=\"elementor-testimonial\">\n\t\t\t\t\t\t\t<div class=\"elementor-testimonial__content\">\n\t\t\t\t\t<div class=\"elementor-testimonial__text\">\n\t\t\t\t\t\t\u201cI am proud to be invited to speak about the project. Bibi, as my son is called by his aunts, had his life changed: he started to be more organized, committed, and responsible with everything. Learned to respect the rules. Being part of the project was a dream! The topics worked on are amazing! My son was part of the Institute for four years and unfortunately, I had to take him out because we moved. The Raimundo An\u00edcio Institute is wonderful. It is based on helping to form good citizens, better men, and women. My thanks to a spectacular woman: Cleide Andrade, who carries the project inside her heart, giving her best to make everything happens in the best way\u201d\t\t\t\t\t<\/div>\n\t\t\t\t\t\t\t\t\t<\/div>\n\t\t\t\t\t\t<div class=\"elementor-testimonial__footer\">\n\t\t\t\t\t\t\t\t\t<div class=\"elementor-testimonial__image\">\n\t\t\t\t\t\t<img decoding=\"async\" src=\"https:\/\/cipalam.com.br\/wp-content\/uploads\/2022\/08\/persona.jpg\" alt=\"Fabiana, Gabriel&#039;s mother\">\n\t\t\t\t\t\t\t\t\t\t\t<\/div>\n\t\t\t\t\t\t\t\t<cite class=\"elementor-testimonial__cite\"><span class=\"elementor-testimonial__name\">Fabiana, Gabriel's mother<\/span><span class=\"elementor-testimonial__title\">who attended from 2017 to 2020<\/span><\/cite>\t\t\t<\/div>\n\t\t<\/div>\n\t\t\t\t\t\t\t\t<\/div>\n\t\t\t\t\t\t\t\t\t<\/div>\n\t\t\t\t\t\t\t\t\t\t\t\t\t\t\t<div class=\"elementor-swiper-button elementor-swiper-button-prev\" role=\"button\" tabindex=\"0\" aria-label=\"Previous\">\n\t\t\t\t\t\t\t<i aria-hidden=\"true\" class=\"eicon-chevron-left\"><\/i>\t\t\t\t\t\t<\/div>\n\t\t\t\t\t\t<div class=\"elementor-swiper-button elementor-swiper-button-next\" role=\"button\" tabindex=\"0\" aria-label=\"Next\">\n\t\t\t\t\t\t\t<i aria-hidden=\"true\" class=\"eicon-chevron-right\"><\/i>\t\t\t\t\t\t<\/div>\n\t\t\t\t\t\t\t\t\t\t\t\t\t\t\t\t\t<\/div>\n\t\t\t\t<\/div>\n\t\t\t\t\t\t\t\t<\/div>\n\t\t\t\t<\/div>\n\t\t\t\t<\/div>\n\t\t\t\t\t<\/div>\n\t\t\t\t<\/div>\n\t\t\t\t<\/div>\n\t\t","protected":false},"excerpt":{"rendered":"<p>Cipalam Quality Cipalam Institute Cipalam has maintained, since April 2008, a social project that serves the community surrounding the two units &#8211; in the Igua\u00e7u neighborhood, in Ipatinga, and in Santana do Para\u00edso. The Institute is named after the patriarch of the family &#8211; Mr. Raimundo An\u00edcio Alves, creator of Cipalam &#8211; and receives around [&hellip;]<\/p>\n","protected":false},"author":1,"featured_media":0,"parent":0,"menu_order":0,"comment_status":"closed","ping_status":"closed","template":"","meta":{"_acf_changed":false,"site-sidebar-layout":"no-sidebar","site-content-layout":"page-builder","ast-site-content-layout":"default","site-content-style":"default","site-sidebar-style":"default","ast-global-header-display":"","ast-banner-title-visibility":"","ast-main-header-display":"","ast-hfb-above-header-display":"","ast-hfb-below-header-display":"","ast-hfb-mobile-header-display":"","site-post-title":"disabled","ast-breadcrumbs-content":"","ast-featured-img":"disabled","footer-sml-layout":"","ast-disable-related-posts":"","theme-transparent-header-meta":"default","adv-header-id-meta":"","stick-header-meta":"","header-above-stick-meta":"","header-main-stick-meta":"","header-below-stick-meta":"","astra-migrate-meta-layouts":"default","ast-page-background-enabled":"default","ast-page-background-meta":{"desktop":{"background-color":"var(--ast-global-color-4)","background-image":"","background-repeat":"repeat","background-position":"center center","background-size":"auto","background-attachment":"scroll","background-type":"","background-media":"","overlay-type":"","overlay-color":"","overlay-opacity":"","overlay-gradient":""},"tablet":{"background-color":"","background-image":"","background-repeat":"repeat","background-position":"center center","background-size":"auto","background-attachment":"scroll","background-type":"","background-media":"","overlay-type":"","overlay-color":"","overlay-opacity":"","overlay-gradient":""},"mobile":{"background-color":"","background-image":"","background-repeat":"repeat","background-position":"center center","background-size":"auto","background-attachment":"scroll","background-type":"","background-media":"","overlay-type":"","overlay-color":"","overlay-opacity":"","overlay-gradient":""}},"ast-content-background-meta":{"desktop":{"background-color":"var(--ast-global-color-5)","background-image":"","background-repeat":"repeat","background-position":"center center","background-size":"auto","background-attachment":"scroll","background-type":"","background-media":"","overlay-type":"","overlay-color":"","overlay-opacity":"","overlay-gradient":""},"tablet":{"background-color":"var(--ast-global-color-5)","background-image":"","background-repeat":"repeat","background-position":"center center","background-size":"auto","background-attachment":"scroll","background-type":"","background-media":"","overlay-type":"","overlay-color":"","overlay-opacity":"","overlay-gradient":""},"mobile":{"background-color":"var(--ast-global-color-5)","background-image":"","background-repeat":"repeat","background-position":"center center","background-size":"auto","background-attachment":"scroll","background-type":"","background-media":"","overlay-type":"","overlay-color":"","overlay-opacity":"","overlay-gradient":""}},"footnotes":""},"class_list":["post-1907","page","type-page","status-publish","hentry"],"acf":[],"_links":{"self":[{"href":"https:\/\/cipalam.com.br\/en\/wp-json\/wp\/v2\/pages\/1907","targetHints":{"allow":["GET"]}}],"collection":[{"href":"https:\/\/cipalam.com.br\/en\/wp-json\/wp\/v2\/pages"}],"about":[{"href":"https:\/\/cipalam.com.br\/en\/wp-json\/wp\/v2\/types\/page"}],"author":[{"embeddable":true,"href":"https:\/\/cipalam.com.br\/en\/wp-json\/wp\/v2\/users\/1"}],"replies":[{"embeddable":true,"href":"https:\/\/cipalam.com.br\/en\/wp-json\/wp\/v2\/comments?post=1907"}],"version-history":[{"count":0,"href":"https:\/\/cipalam.com.br\/en\/wp-json\/wp\/v2\/pages\/1907\/revisions"}],"wp:attachment":[{"href":"https:\/\/cipalam.com.br\/en\/wp-json\/wp\/v2\/media?parent=1907"}],"curies":[{"name":"wp","href":"https:\/\/api.w.org\/{rel}","templated":true}]}}