{"id":1833,"date":"2022-08-29T18:53:13","date_gmt":"2022-08-29T21:53:13","guid":{"rendered":"https:\/\/cipalam.com.br\/governanca-corporativa\/"},"modified":"2022-09-23T17:24:42","modified_gmt":"2022-09-23T17:24:42","slug":"corporate-governance","status":"publish","type":"page","link":"https:\/\/cipalam.com.br\/en\/corporate-governance\/","title":{"rendered":"Corporate governance"},"content":{"rendered":"\t\t<div data-elementor-type=\"wp-page\" data-elementor-id=\"1833\" class=\"elementor elementor-1833 elementor-1368\" data-elementor-post-type=\"page\">\n\t\t\t\t<div class=\"elementor-element elementor-element-6d43a7f e-con-full e-flex e-con e-parent\" data-id=\"6d43a7f\" data-element_type=\"container\" data-e-type=\"container\" data-settings=\"{&quot;background_background&quot;:&quot;classic&quot;}\">\n\t\t<div class=\"elementor-element elementor-element-7d588d7 e-con-full e-flex e-con e-parent\" data-id=\"7d588d7\" data-element_type=\"container\" data-e-type=\"container\">\n\t\t\t\t<div class=\"elementor-element elementor-element-3dc06e5 elementor-widget__width-initial elementor-widget elementor-widget-image-box\" data-id=\"3dc06e5\" data-element_type=\"widget\" data-e-type=\"widget\" data-widget_type=\"image-box.default\">\n\t\t\t\t<div class=\"elementor-widget-container\">\n\t\t\t\t\t<div class=\"elementor-image-box-wrapper\"><div class=\"elementor-image-box-content\"><p class=\"elementor-image-box-description\">Corporate  <span>Governance<\/span><\/p><\/div><\/div>\t\t\t\t<\/div>\n\t\t\t\t<\/div>\n\t\t\t\t<div class=\"elementor-element elementor-element-dfc2df3 conteudo elementor-widget__width-initial elementor-widget elementor-widget-text-editor\" data-id=\"dfc2df3\" data-element_type=\"widget\" data-e-type=\"widget\" data-widget_type=\"text-editor.default\">\n\t\t\t\t<div class=\"elementor-widget-container\">\n\t\t\t\t\t\t\t\t\t<p>Corporate governance ensures that all parties involved in our process are aligned with <strong>Cipalam&#8217;s<\/strong> interests and objectives, significantly contributing to our growth and sustainable development, to the excellence of our products and services, and to the achievement of our corporate vision. to serve the South American market, offering a mix of steel products and services.<\/p><p>Our corporate governance structure, strong and very well structured, was established to manage processes, making the company increasingly perennial and solid, integrating not only the interests of shareholders and managers, but the interests of all stakeholders.<\/p><p><strong>Rules of conduct and related topics<\/strong><\/p><p>For <strong>Cipalam<\/strong>, transparency is essential. Integrity is a value, fostered by the partners and disseminated throughout the organization and relationships, in addition to being guaranteed by practices and assured in its code of conduct. Principles that are present in the day-to-day of the organization. Any deviation that disagrees with these values \u200b\u200bor with the premises defined in this code of conduct must be registered and dealt with by the company&#8217;s ethics committee.<\/p><p>Our <u>Code of Conduct<\/u> is disseminated throughout the organization and freely accessible to any audience on a <u>specific page<\/u> on the company&#8217;s website. <strong>Cipalam<\/strong> also has policies on conflict of interest, human rights, and anti-corruption, which support the understanding and application of the Code of Conduct.<\/p>\t\t\t\t\t\t\t\t<\/div>\n\t\t\t\t<\/div>\n\t\t\t\t<\/div>\n\t\t<div class=\"elementor-element elementor-element-01789fc e-con-full e-flex e-con e-parent\" data-id=\"01789fc\" data-element_type=\"container\" data-e-type=\"container\">\n\t\t\t\t<div class=\"elementor-element elementor-element-b18bd6d elementor-widget elementor-widget-image\" data-id=\"b18bd6d\" data-element_type=\"widget\" data-e-type=\"widget\" data-widget_type=\"image.default\">\n\t\t\t\t<div class=\"elementor-widget-container\">\n\t\t\t\t\t\t\t\t\t\t\t\t\t\t\t<img fetchpriority=\"high\" decoding=\"async\" width=\"931\" height=\"714\" src=\"https:\/\/cipalam.com.br\/wp-content\/uploads\/2022\/09\/img4.png\" class=\"attachment-full size-full wp-image-2725\" alt=\"\" srcset=\"https:\/\/cipalam.com.br\/wp-content\/uploads\/2022\/09\/img4.png 931w, https:\/\/cipalam.com.br\/wp-content\/uploads\/2022\/09\/img4-600x460.png 600w, https:\/\/cipalam.com.br\/wp-content\/uploads\/2022\/09\/img4-300x230.png 300w, https:\/\/cipalam.com.br\/wp-content\/uploads\/2022\/09\/img4-768x589.png 768w\" sizes=\"(max-width: 931px) 100vw, 931px\" \/>\t\t\t\t\t\t\t\t\t\t\t\t\t\t\t<\/div>\n\t\t\t\t<\/div>\n\t\t\t\t<\/div>\n\t\t\t\t<\/div>\n\t\t<div class=\"elementor-element elementor-element-ad92c87 e-flex e-con-boxed e-con e-parent\" data-id=\"ad92c87\" data-element_type=\"container\" data-e-type=\"container\">\n\t\t\t\t\t<div class=\"e-con-inner\">\n\t\t<div class=\"elementor-element elementor-element-5fc835a e-flex e-con-boxed e-con e-parent\" data-id=\"5fc835a\" data-element_type=\"container\" data-e-type=\"container\" data-settings=\"{&quot;background_background&quot;:&quot;classic&quot;}\">\n\t\t\t\t\t<div class=\"e-con-inner\">\n\t\t<div class=\"elementor-element elementor-element-29c9adb e-con-full e-flex e-con e-parent\" data-id=\"29c9adb\" data-element_type=\"container\" data-e-type=\"container\">\n\t\t\t\t<div class=\"elementor-element elementor-element-9e4df3d elementor-position-left elementor-widget__width-initial elementor-widget-tablet__width-initial elementor-vertical-align-middle elementor-widget elementor-widget-image-box\" data-id=\"9e4df3d\" data-element_type=\"widget\" data-e-type=\"widget\" data-widget_type=\"image-box.default\">\n\t\t\t\t<div class=\"elementor-widget-container\">\n\t\t\t\t\t<div class=\"elementor-image-box-wrapper\"><figure class=\"elementor-image-box-img\"><img decoding=\"async\" width=\"40\" height=\"40\" src=\"https:\/\/cipalam.com.br\/wp-content\/uploads\/2022\/08\/Menu-1.svg\" class=\"attachment-full size-full wp-image-829\" alt=\"\" \/><\/figure><div class=\"elementor-image-box-content\"><h3 class=\"elementor-image-box-title\">Reporting <\/h3><p class=\"elementor-image-box-description\">Channel<\/p><\/div><\/div>\t\t\t\t<\/div>\n\t\t\t\t<\/div>\n\t\t\t\t<div class=\"elementor-element elementor-element-c25a62e elementor-widget-mobile__width-inherit elementor-widget__width-inherit elementor-widget elementor-widget-heading\" data-id=\"c25a62e\" data-element_type=\"widget\" data-e-type=\"widget\" data-widget_type=\"heading.default\">\n\t\t\t\t<div class=\"elementor-widget-container\">\n\t\t\t\t\t<div class=\"elementor-heading-title elementor-size-default\">Cipalam has a reporting channel managed by an outsourced specialist company, which guarantees confidentiality and proper treatment of all registered complaints. To access, just click on the specific page on the site.<\/div>\t\t\t\t<\/div>\n\t\t\t\t<\/div>\n\t\t\t\t<\/div>\n\t\t\t\t\t<\/div>\n\t\t\t\t<\/div>\n\t\t\t\t\t<\/div>\n\t\t\t\t<\/div>\n\t\t<div class=\"elementor-element elementor-element-ddef1ab e-con-full e-flex e-con e-parent\" data-id=\"ddef1ab\" data-element_type=\"container\" data-e-type=\"container\" data-settings=\"{&quot;background_background&quot;:&quot;classic&quot;}\">\n\t\t<div class=\"elementor-element elementor-element-1b83100 e-con-full e-flex e-con e-parent\" data-id=\"1b83100\" data-element_type=\"container\" data-e-type=\"container\">\n\t\t\t\t<div class=\"elementor-element elementor-element-20e82bc elementor-widget__width-initial elementor-widget elementor-widget-image-box\" data-id=\"20e82bc\" data-element_type=\"widget\" data-e-type=\"widget\" data-widget_type=\"image-box.default\">\n\t\t\t\t<div class=\"elementor-widget-container\">\n\t\t\t\t\t<div class=\"elementor-image-box-wrapper\"><div class=\"elementor-image-box-content\"><p class=\"elementor-image-box-description\">Governance <span>Structure <\/span><\/p><\/div><\/div>\t\t\t\t<\/div>\n\t\t\t\t<\/div>\n\t\t\t\t<div class=\"elementor-element elementor-element-a5013f3 conteudo elementor-widget__width-initial elementor-widget elementor-widget-text-editor\" data-id=\"a5013f3\" data-element_type=\"widget\" data-e-type=\"widget\" data-widget_type=\"text-editor.default\">\n\t\t\t\t<div class=\"elementor-widget-container\">\n\t\t\t\t\t\t\t\t\t<p>Structured in 2011, under the guidance of <u>Funda\u00e7\u00e3o Dom Cabral (FDC)<\/u>, <strong>Cipalam&#8217;s<\/strong> governance is based on the best market practices. The company&#8217;s objective was to create a structure capable of disseminating the principles of transparency, equity and corporate responsibility. It is formed by the Family, Partners and Administration Councils, which are in full operation.<\/p><p>In 2021, <strong>Cipalam<\/strong> established command and decision fronts for specific themes:<\/p><p>&#8211; Definition of the data protection officer, ensuring proper handling of the requirements of the General Data Protection Law (LGPD).<\/p><p>&#8211; Formation of an LGPD committee, which meets periodically and ensures the monitoring of the program, as well as the adequacy of <strong>Cipalam<\/strong> to the legal requirements of the law.<\/p><p>&#8211; Constitution of a specific structure to manage and deal with the ESG theme <em>(linkar para a p\u00e1gina do site)<\/em>. Directly linked to the CEO, it will ensure that <strong>Cipalam<\/strong> advances on the subject and in the sustainability negotiations.<\/p>\t\t\t\t\t\t\t\t<\/div>\n\t\t\t\t<\/div>\n\t\t\t\t<\/div>\n\t\t<div class=\"elementor-element elementor-element-61e5a1c e-con-full e-flex e-con e-parent\" data-id=\"61e5a1c\" data-element_type=\"container\" data-e-type=\"container\" data-settings=\"{&quot;background_background&quot;:&quot;classic&quot;}\">\n\t\t<div class=\"elementor-element elementor-element-1f4a01b e-flex e-con-boxed e-con e-parent\" data-id=\"1f4a01b\" data-element_type=\"container\" data-e-type=\"container\">\n\t\t\t\t\t<div class=\"e-con-inner\">\n\t\t\t\t<div class=\"elementor-element elementor-element-7f8a1e0 elementor-widget__width-initial elementor-position-top elementor-widget elementor-widget-image-box\" data-id=\"7f8a1e0\" data-element_type=\"widget\" data-e-type=\"widget\" data-widget_type=\"image-box.default\">\n\t\t\t\t<div class=\"elementor-widget-container\">\n\t\t\t\t\t<div class=\"elementor-image-box-wrapper\"><figure class=\"elementor-image-box-img\"><img decoding=\"async\" width=\"65\" height=\"65\" src=\"https:\/\/cipalam.com.br\/wp-content\/uploads\/2022\/08\/1.png\" class=\"attachment-full size-full wp-image-1373\" alt=\"\" \/><\/figure><div class=\"elementor-image-box-content\"><p class=\"elementor-image-box-description\">Administrative Board <\/p><\/div><\/div>\t\t\t\t<\/div>\n\t\t\t\t<\/div>\n\t\t\t\t<div class=\"elementor-element elementor-element-3ba4a2b elementor-widget__width-initial elementor-position-top elementor-widget elementor-widget-image-box\" data-id=\"3ba4a2b\" data-element_type=\"widget\" data-e-type=\"widget\" data-widget_type=\"image-box.default\">\n\t\t\t\t<div class=\"elementor-widget-container\">\n\t\t\t\t\t<div class=\"elementor-image-box-wrapper\"><figure class=\"elementor-image-box-img\"><img loading=\"lazy\" decoding=\"async\" width=\"65\" height=\"65\" src=\"https:\/\/cipalam.com.br\/wp-content\/uploads\/2022\/08\/2.png\" class=\"attachment-full size-full wp-image-1374\" alt=\"\" \/><\/figure><div class=\"elementor-image-box-content\"><p class=\"elementor-image-box-description\">CEO - Edilar Luciano<\/p><\/div><\/div>\t\t\t\t<\/div>\n\t\t\t\t<\/div>\n\t\t\t\t<div class=\"elementor-element elementor-element-b5c0ade elementor-widget__width-initial elementor-position-top elementor-widget elementor-widget-image-box\" data-id=\"b5c0ade\" data-element_type=\"widget\" data-e-type=\"widget\" data-widget_type=\"image-box.default\">\n\t\t\t\t<div class=\"elementor-widget-container\">\n\t\t\t\t\t<div class=\"elementor-image-box-wrapper\"><figure class=\"elementor-image-box-img\"><img loading=\"lazy\" decoding=\"async\" width=\"65\" height=\"65\" src=\"https:\/\/cipalam.com.br\/wp-content\/uploads\/2022\/08\/3.png\" class=\"attachment-full size-full wp-image-1375\" alt=\"\" \/><\/figure><div class=\"elementor-image-box-content\"><p class=\"elementor-image-box-description\">Organizational Development<\/p><\/div><\/div>\t\t\t\t<\/div>\n\t\t\t\t<\/div>\n\t\t\t\t<div class=\"elementor-element elementor-element-bf5c039 elementor-widget__width-initial elementor-position-top elementor-widget elementor-widget-image-box\" data-id=\"bf5c039\" data-element_type=\"widget\" data-e-type=\"widget\" data-widget_type=\"image-box.default\">\n\t\t\t\t<div class=\"elementor-widget-container\">\n\t\t\t\t\t<div class=\"elementor-image-box-wrapper\"><figure class=\"elementor-image-box-img\"><img loading=\"lazy\" decoding=\"async\" width=\"65\" height=\"65\" src=\"https:\/\/cipalam.com.br\/wp-content\/uploads\/2022\/08\/4.png\" class=\"attachment-full size-full wp-image-1376\" alt=\"\" \/><\/figure><div class=\"elementor-image-box-content\"><p class=\"elementor-image-box-description\">Financial Administrative Board - Commercial Board - Industrial Board<\/p><\/div><\/div>\t\t\t\t<\/div>\n\t\t\t\t<\/div>\n\t\t\t\t\t<\/div>\n\t\t\t\t<\/div>\n\t\t\t\t<\/div>\n\t\t\t\t<\/div>\n\t\t<div class=\"elementor-element elementor-element-82891cd e-flex e-con-boxed e-con e-parent\" data-id=\"82891cd\" data-element_type=\"container\" data-e-type=\"container\" data-settings=\"{&quot;background_background&quot;:&quot;classic&quot;}\">\n\t\t\t\t\t<div class=\"e-con-inner\">\n\t\t<div class=\"elementor-element elementor-element-0a422f4 e-flex e-con-boxed e-con e-parent\" data-id=\"0a422f4\" data-element_type=\"container\" data-e-type=\"container\">\n\t\t\t\t\t<div class=\"e-con-inner\">\n\t\t<div class=\"elementor-element elementor-element-93aee23 e-flex e-con-boxed e-con e-parent\" data-id=\"93aee23\" data-element_type=\"container\" data-e-type=\"container\">\n\t\t\t\t\t<div class=\"e-con-inner\">\n\t\t\t\t<div class=\"elementor-element elementor-element-384e434 elementor-widget__width-initial elementor-widget elementor-widget-image-box\" data-id=\"384e434\" data-element_type=\"widget\" data-e-type=\"widget\" data-widget_type=\"image-box.default\">\n\t\t\t\t<div class=\"elementor-widget-container\">\n\t\t\t\t\t<div class=\"elementor-image-box-wrapper\"><div class=\"elementor-image-box-content\"><h3 class=\"elementor-image-box-title\">Cipalam's decision and command structure is defined as follows:<\/h3><p class=\"elementor-image-box-description\">Administrative <span>Board<\/span><\/p><\/div><\/div>\t\t\t\t<\/div>\n\t\t\t\t<\/div>\n\t\t\t\t<div class=\"elementor-element elementor-element-366e493 conteudo elementor-widget elementor-widget-text-editor\" data-id=\"366e493\" data-element_type=\"widget\" data-e-type=\"widget\" data-widget_type=\"text-editor.default\">\n\t\t\t\t<div class=\"elementor-widget-container\">\n\t\t\t\t\t\t\t\t\tBody constituted with the participation of three independent directors and two partner-counselors: Jos\u00e9 Ed\u00e9lcio Drumond Alves, chairman of the board (partner); Geraldo \u00c9der Drumond Alves (partner); Josmar Verillo (independent director); Albano Vieira (independent director), and Thomas Brull (independent director).\n\nThe administrative board is responsible for advising the executive board, collectively, on various matters, including:\n&#8211; Ensure the fundamental beliefs, values, image, concept, and integrity of the company before the market and society.\n&#8211; Contribute to the balance between the interests of partners, managers, and other interested parties.\n&#8211; Ensuring the robustness of the strategy development process, monitoring its execution, and evaluating business performance.\n&#8211; Propose and monitor projects related to new businesses.\n&#8211; Guide and approve policies and criteria for the constitution and exit of assets that make up the investment portfolio.\n&#8211; Ensure the quality of the company&#8217;s management.\n&#8211; Ensure business risk management procedures and monitor them.\n&#8211; Approve the company&#8217;s organizational structure and functional policies.\n&#8211; Guide, approve and monitor codes of conduct and good governance practices.\n&#8211; Hire and dismiss independent auditors.\n&#8211; Examine and validate recommendations on corrective audit processes.\n&#8211; Approve the financial statements prepared by the board and submit the annual management reports for approval by the partners.\n&#8211; Authorize the provision by the company of endorsement, surety, and other guarantees in favor of the company.\n&#8211; Proactively contribute to the creation of new businesses, equity interests and\/or business intensification.\n&#8211; Evaluate and propose to partners opportunities to carry out company acquisitions, mergers, incorporations, and spin-offs.\n&#8211; Report to the board of partners.\n\t\t\t\t\t\t\t\t<\/div>\n\t\t\t\t<\/div>\n\t\t\t\t<div class=\"elementor-element elementor-element-3ffba26 elementor-widget__width-initial elementor-widget elementor-widget-image-box\" data-id=\"3ffba26\" data-element_type=\"widget\" data-e-type=\"widget\" data-widget_type=\"image-box.default\">\n\t\t\t\t<div class=\"elementor-widget-container\">\n\t\t\t\t\t<div class=\"elementor-image-box-wrapper\"><div class=\"elementor-image-box-content\"><p class=\"elementor-image-box-description\">Board of Directors<\/p><\/div><\/div>\t\t\t\t<\/div>\n\t\t\t\t<\/div>\n\t\t\t\t<div class=\"elementor-element elementor-element-0e5b2e0 conteudo elementor-widget elementor-widget-text-editor\" data-id=\"0e5b2e0\" data-element_type=\"widget\" data-e-type=\"widget\" data-widget_type=\"text-editor.default\">\n\t\t\t\t<div class=\"elementor-widget-container\">\n\t\t\t\t\t\t\t\t\t<p>It is made up of four members: CEO, industrial director, commercial director, and administrative-financial director, who may or may not be partners &#8211; and whose names are validated by the Board of Directors. Acting collectively, it is responsible for the general management of the company, with competence and accountability to the Board of Directors.<\/p><p>Currently, <strong>Cipalam&#8217;s<\/strong> executives are: Edilar Luciano Vitali Alves (CEO and partner), Marcos Moura (industrial director), Richard Schick (commercial director) and Ricardo Martinho (administrative-financial director).<\/p><p>The CEO is endowed with powers and attributions for the company&#8217;s results. It also guarantees representation of <strong>Cipalam<\/strong> before any government agency at the federal, state and municipal levels; in addition to managing processes, guidelines and goals, ensuring the execution of the company&#8217;s strategic planning; value chain management, promoting the development of the organization; guarantee of ombudsman processes and compliance matters; management of business risks, in alignment with the board of directors and executives, in addition to conducting communication processes and corporate practices, social and institutional relations.<\/p><p>The industrial board is responsible for the technical management of <strong>Cipalam&#8217;s<\/strong> industrial processes, comprising the production of bars and profiles, tubes, briquettes, and gases, in addition to maintenance and utilities, health and safety.<\/p><p>It is the responsibility of the commercial department to commercially manage <strong>Cipalam&#8217;s<\/strong> business, focused on the commercialization of products and co-products, marketing and digital performance.<\/p><p>\u00a0<\/p><p>The administrative-financial board is responsible for the administrative, financial management and distribution of the company&#8217;s products, having as central duties the logistics and distribution of <strong>Cipalam<\/strong> products, in addition to controlling, finance, supplies, PCP and IT.<\/p>\t\t\t\t\t\t\t\t<\/div>\n\t\t\t\t<\/div>\n\t\t\t\t<div class=\"elementor-element elementor-element-491dcd8 elementor-widget__width-initial elementor-widget elementor-widget-image-box\" data-id=\"491dcd8\" data-element_type=\"widget\" data-e-type=\"widget\" data-widget_type=\"image-box.default\">\n\t\t\t\t<div class=\"elementor-widget-container\">\n\t\t\t\t\t<div class=\"elementor-image-box-wrapper\"><div class=\"elementor-image-box-content\"><p class=\"elementor-image-box-description\">Committees<\/p><\/div><\/div>\t\t\t\t<\/div>\n\t\t\t\t<\/div>\n\t\t\t\t<div class=\"elementor-element elementor-element-84c3ceb conteudo elementor-widget elementor-widget-text-editor\" data-id=\"84c3ceb\" data-element_type=\"widget\" data-e-type=\"widget\" data-widget_type=\"text-editor.default\">\n\t\t\t\t<div class=\"elementor-widget-container\">\n\t\t\t\t\t\t\t\t\t<p>They are responsible for supporting the Board of Directors:<\/p><p>&#8211; ESG Committee works on the definition of sustainability policies and practices in the company and evaluates the results of environmental, social and governance processes. It is made up of members of the board, leadership, and the environment.<\/p><p>&#8211; Ethics Committee: made up of members of the board, it handles all requests sent via the reporting channel, investigating, and implementing actions to ensure proper treatment of reports and <strong>Cipalam&#8217;s<\/strong> ethical commitment.<\/p><p>&#8211; Crisis Management Committee: acts at times that may compromise the company&#8217;s sustainability and\/or reputation, preventively or correctively. Its composition varies, depending on the theme\/situation, and may involve members of the Board of Directors, directors, and leaders.\u00a0<\/p><p>&#8211; LGPD Committee aims to ensure business compliance with the General Data Protection Law. Accompanies action plans and supports the DPO in the role of guardian of the company&#8217;s personal data.<\/p>\t\t\t\t\t\t\t\t<\/div>\n\t\t\t\t<\/div>\n\t\t\t\t\t<\/div>\n\t\t\t\t<\/div>\n\t\t\t\t\t<\/div>\n\t\t\t\t<\/div>\n\t\t\t\t\t<\/div>\n\t\t\t\t<\/div>\n\t\t\t\t<\/div>\n\t\t","protected":false},"excerpt":{"rendered":"<p>Corporate Governance Corporate governance ensures that all parties involved in our process are aligned with Cipalam&#8217;s interests and objectives, significantly contributing to our growth and sustainable development, to the excellence of our products and services, and to the achievement of our corporate vision. to serve the South American market, offering a mix of steel products [&hellip;]<\/p>\n","protected":false},"author":2,"featured_media":0,"parent":0,"menu_order":0,"comment_status":"closed","ping_status":"closed","template":"","meta":{"_acf_changed":false,"site-sidebar-layout":"no-sidebar","site-content-layout":"page-builder","ast-site-content-layout":"default","site-content-style":"default","site-sidebar-style":"default","ast-global-header-display":"","ast-banner-title-visibility":"","ast-main-header-display":"","ast-hfb-above-header-display":"","ast-hfb-below-header-display":"","ast-hfb-mobile-header-display":"","site-post-title":"disabled","ast-breadcrumbs-content":"","ast-featured-img":"disabled","footer-sml-layout":"","ast-disable-related-posts":"","theme-transparent-header-meta":"default","adv-header-id-meta":"","stick-header-meta":"","header-above-stick-meta":"","header-main-stick-meta":"","header-below-stick-meta":"","astra-migrate-meta-layouts":"default","ast-page-background-enabled":"default","ast-page-background-meta":{"desktop":{"background-color":"var(--ast-global-color-4)","background-image":"","background-repeat":"repeat","background-position":"center center","background-size":"auto","background-attachment":"scroll","background-type":"","background-media":"","overlay-type":"","overlay-color":"","overlay-opacity":"","overlay-gradient":""},"tablet":{"background-color":"","background-image":"","background-repeat":"repeat","background-position":"center center","background-size":"auto","background-attachment":"scroll","background-type":"","background-media":"","overlay-type":"","overlay-color":"","overlay-opacity":"","overlay-gradient":""},"mobile":{"background-color":"","background-image":"","background-repeat":"repeat","background-position":"center center","background-size":"auto","background-attachment":"scroll","background-type":"","background-media":"","overlay-type":"","overlay-color":"","overlay-opacity":"","overlay-gradient":""}},"ast-content-background-meta":{"desktop":{"background-color":"var(--ast-global-color-5)","background-image":"","background-repeat":"repeat","background-position":"center center","background-size":"auto","background-attachment":"scroll","background-type":"","background-media":"","overlay-type":"","overlay-color":"","overlay-opacity":"","overlay-gradient":""},"tablet":{"background-color":"var(--ast-global-color-5)","background-image":"","background-repeat":"repeat","background-position":"center center","background-size":"auto","background-attachment":"scroll","background-type":"","background-media":"","overlay-type":"","overlay-color":"","overlay-opacity":"","overlay-gradient":""},"mobile":{"background-color":"var(--ast-global-color-5)","background-image":"","background-repeat":"repeat","background-position":"center center","background-size":"auto","background-attachment":"scroll","background-type":"","background-media":"","overlay-type":"","overlay-color":"","overlay-opacity":"","overlay-gradient":""}},"footnotes":""},"class_list":["post-1833","page","type-page","status-publish","hentry"],"acf":[],"_links":{"self":[{"href":"https:\/\/cipalam.com.br\/en\/wp-json\/wp\/v2\/pages\/1833","targetHints":{"allow":["GET"]}}],"collection":[{"href":"https:\/\/cipalam.com.br\/en\/wp-json\/wp\/v2\/pages"}],"about":[{"href":"https:\/\/cipalam.com.br\/en\/wp-json\/wp\/v2\/types\/page"}],"author":[{"embeddable":true,"href":"https:\/\/cipalam.com.br\/en\/wp-json\/wp\/v2\/users\/2"}],"replies":[{"embeddable":true,"href":"https:\/\/cipalam.com.br\/en\/wp-json\/wp\/v2\/comments?post=1833"}],"version-history":[{"count":0,"href":"https:\/\/cipalam.com.br\/en\/wp-json\/wp\/v2\/pages\/1833\/revisions"}],"wp:attachment":[{"href":"https:\/\/cipalam.com.br\/en\/wp-json\/wp\/v2\/media?parent=1833"}],"curies":[{"name":"wp","href":"https:\/\/api.w.org\/{rel}","templated":true}]}}